{"id":735929,"date":"2025-03-03T16:29:47","date_gmt":"2025-03-03T15:29:47","guid":{"rendered":"https:\/\/stoic-curie.212-227-153-4.plesk.page\/producto\/navishell-segelbinde-27-47cm\/"},"modified":"2026-02-24T23:35:04","modified_gmt":"2026-02-24T23:35:04","slug":"navishell-segelbinde-27-47cm","status":"publish","type":"product","link":"https:\/\/stoic-curie.212-227-153-4.plesk.page\/de\/product\/navishell-segelbinde-27-47cm\/","title":{"rendered":"Navishell Segelbinde 27-47cm"},"content":{"rendered":"<p>Navishell Segelbinde 27-47cm &#8211; <\/p>\n<p>Gesticktes Segeltuch aus Acryl. Wasserabweisend und UV-best\u00e4ndig. Er enth\u00e4lt ein elastisches Band zur einfachen Anwendung. Die Verpackung enth\u00e4lt 3 St\u00fcck.<\/p>\n","protected":false},"excerpt":{"rendered":"<p>Navishell Segelbinde 27-47cm &#8211; Gesticktes Segeltuch aus Acryl. Wasserabweisend und UV-best\u00e4ndig. Er enth\u00e4lt ein elastisches Band zur einfachen Anwendung. Die<\/p>\n","protected":false},"featured_media":3005059,"comment_status":"open","ping_status":"closed","template":"","meta":[],"product_brand":[2179,3175],"product_cat":[1484],"product_tag":[],"class_list":{"0":"post-735929","1":"product","2":"type-product","3":"status-publish","4":"has-post-thumbnail","6":"product_brand-navishell","7":"product_brand-navishell-de","8":"product_cat-zubehoer-fuer-segelboote","10":"first","11":"instock","12":"shipping-taxable","13":"purchasable","14":"product-type-simple"},"_links":{"self":[{"href":"https:\/\/stoic-curie.212-227-153-4.plesk.page\/de\/wp-json\/wp\/v2\/product\/735929","targetHints":{"allow":["GET"]}}],"collection":[{"href":"https:\/\/stoic-curie.212-227-153-4.plesk.page\/de\/wp-json\/wp\/v2\/product"}],"about":[{"href":"https:\/\/stoic-curie.212-227-153-4.plesk.page\/de\/wp-json\/wp\/v2\/types\/product"}],"replies":[{"embeddable":true,"href":"https:\/\/stoic-curie.212-227-153-4.plesk.page\/de\/wp-json\/wp\/v2\/comments?post=735929"}],"version-history":[{"count":0,"href":"https:\/\/stoic-curie.212-227-153-4.plesk.page\/de\/wp-json\/wp\/v2\/product\/735929\/revisions"}],"wp:featuredmedia":[{"embeddable":true,"href":"https:\/\/stoic-curie.212-227-153-4.plesk.page\/de\/wp-json\/"}],"wp:attachment":[{"href":"https:\/\/stoic-curie.212-227-153-4.plesk.page\/de\/wp-json\/wp\/v2\/media?parent=735929"}],"wp:term":[{"taxonomy":"product_brand","embeddable":true,"href":"https:\/\/stoic-curie.212-227-153-4.plesk.page\/de\/wp-json\/wp\/v2\/product_brand?post=735929"},{"taxonomy":"product_cat","embeddable":true,"href":"https:\/\/stoic-curie.212-227-153-4.plesk.page\/de\/wp-json\/wp\/v2\/product_cat?post=735929"},{"taxonomy":"product_tag","embeddable":true,"href":"https:\/\/stoic-curie.212-227-153-4.plesk.page\/de\/wp-json\/wp\/v2\/product_tag?post=735929"}],"curies":[{"name":"wp","href":"https:\/\/api.w.org\/{rel}","templated":true}]}}