{"id":735933,"date":"2025-03-03T16:29:48","date_gmt":"2025-03-03T15:29:48","guid":{"rendered":"https:\/\/stoic-curie.212-227-153-4.plesk.page\/producto\/wasserdichter-rucksack-aquapack-blau-28l\/"},"modified":"2026-02-24T23:35:04","modified_gmt":"2026-02-24T23:35:04","slug":"wasserdichter-rucksack-aquapack-blau-28l","status":"publish","type":"product","link":"https:\/\/stoic-curie.212-227-153-4.plesk.page\/de\/product\/wasserdichter-rucksack-aquapack-blau-28l\/","title":{"rendered":"Wasserdichter Rucksack Aquapack Blau 28l"},"content":{"rendered":"<p>Wasserdichter Rucksack Aquapack Blau 28l &#8211; <\/p>\n<p>Robuste, wasserdichte Tasche aus PVC-beschichtetem 500D Nylon verst\u00e4rktem Canvas. Die vollgeschwei\u00dfte Konstruktion h\u00e4lt Wasser zuverl\u00e4ssig ab. Atmungsaktive Mesh-Tr\u00e4ger und Polsterung. Ideal f\u00fcr alle Zwecke.<\/p>\n","protected":false},"excerpt":{"rendered":"<p>Wasserdichter Rucksack Aquapack Blau 28l &#8211; Robuste, wasserdichte Tasche aus PVC-beschichtetem 500D Nylon verst\u00e4rktem Canvas. Die vollgeschwei\u00dfte Konstruktion h\u00e4lt Wasser<\/p>\n","protected":false},"featured_media":5943983,"comment_status":"open","ping_status":"closed","template":"","meta":[],"product_brand":[2795],"product_cat":[1568],"product_tag":[],"class_list":{"0":"post-735933","1":"product","2":"type-product","3":"status-publish","4":"has-post-thumbnail","6":"product_brand-aquapac-de","7":"product_cat-trockensaecke","9":"first","10":"instock","11":"shipping-taxable","12":"purchasable","13":"product-type-simple"},"_links":{"self":[{"href":"https:\/\/stoic-curie.212-227-153-4.plesk.page\/de\/wp-json\/wp\/v2\/product\/735933","targetHints":{"allow":["GET"]}}],"collection":[{"href":"https:\/\/stoic-curie.212-227-153-4.plesk.page\/de\/wp-json\/wp\/v2\/product"}],"about":[{"href":"https:\/\/stoic-curie.212-227-153-4.plesk.page\/de\/wp-json\/wp\/v2\/types\/product"}],"replies":[{"embeddable":true,"href":"https:\/\/stoic-curie.212-227-153-4.plesk.page\/de\/wp-json\/wp\/v2\/comments?post=735933"}],"version-history":[{"count":0,"href":"https:\/\/stoic-curie.212-227-153-4.plesk.page\/de\/wp-json\/wp\/v2\/product\/735933\/revisions"}],"wp:featuredmedia":[{"embeddable":true,"href":"https:\/\/stoic-curie.212-227-153-4.plesk.page\/de\/wp-json\/wp\/v2\/media\/5943983"}],"wp:attachment":[{"href":"https:\/\/stoic-curie.212-227-153-4.plesk.page\/de\/wp-json\/wp\/v2\/media?parent=735933"}],"wp:term":[{"taxonomy":"product_brand","embeddable":true,"href":"https:\/\/stoic-curie.212-227-153-4.plesk.page\/de\/wp-json\/wp\/v2\/product_brand?post=735933"},{"taxonomy":"product_cat","embeddable":true,"href":"https:\/\/stoic-curie.212-227-153-4.plesk.page\/de\/wp-json\/wp\/v2\/product_cat?post=735933"},{"taxonomy":"product_tag","embeddable":true,"href":"https:\/\/stoic-curie.212-227-153-4.plesk.page\/de\/wp-json\/wp\/v2\/product_tag?post=735933"}],"curies":[{"name":"wp","href":"https:\/\/api.w.org\/{rel}","templated":true}]}}