{"id":735939,"date":"2025-03-03T16:29:49","date_gmt":"2025-03-03T15:29:49","guid":{"rendered":"https:\/\/stoic-curie.212-227-153-4.plesk.page\/producto\/linearer-auspuffschalldaempfer-vetus-mv-100\/"},"modified":"2026-02-24T23:35:04","modified_gmt":"2026-02-24T23:35:04","slug":"linearer-auspuffschalldaempfer-vetus-mv-100","status":"publish","type":"product","link":"https:\/\/stoic-curie.212-227-153-4.plesk.page\/de\/product\/linearer-auspuffschalldaempfer-vetus-mv-100\/","title":{"rendered":"Auspuffschalld\u00e4mpfer Vetus MV 100"},"content":{"rendered":"<p>Auspuffschalld\u00e4mpfer Vetus MV 100 &#8211; <\/p>\n<p style=\"color: rgb(34, 34, 34); font-family: Arial, Helvetica, sans-serif; font-size: small;\">Dieser Kunststoffschalld\u00e4mpfer mit R\u00fcckschlagventil ist f\u00fcr schnelle Boote mit leistungsstarken Motoren konzipiert. Er reduziert die Abgasger\u00e4usche erheblich und h\u00e4lt gleichzeitig den Gegendruck niedrig. Der Schalld\u00e4mpfer hat ein Volumen von 11,5 Litern.<\/p>\n<p style=\"color: rgb(34, 34, 34); font-family: Arial, Helvetica, sans-serif; font-size: small;\">Diese kompakten Schalld\u00e4mpfer minimieren effektiv die Abgasger\u00e4usche und sind aus leichten, korrosionsbest\u00e4ndigen synthetischen Materialien gefertigt. Die Transom-Anschl\u00fcsse f\u00fcr dieses System sind entweder aus Edelstahl (AISI 316) oder verst\u00e4rktem schwarzem Kunststoff erh\u00e4ltlich. Sowohl die Typ MV Schalld\u00e4mpfer als auch der Transom-Anschluss verf\u00fcgen \u00fcber ein R\u00fcckschlagventil, das das Eindringen von Meerwasser in den Motor verhindert.<\/p>\n<p style=\"color: rgb(34, 34, 34); font-family: Arial, Helvetica, sans-serif; font-size: small;\"><strong>Spezifikationen:<\/strong><\/p>\n<ul style=\"color: rgb(34, 34, 34); font-family: Arial, Helvetica, sans-serif; font-size: small;\">\n<li>Inklusive Montageschalen aus Edelstahl (AISI 316)<\/li>\n<li>Ein optionaler Temperatursensor f\u00fcr einen Rohwasseralarm wird empfohlen<\/li>\n<\/ul>\n<p style=\"color: rgb(34, 34, 34); font-family: Arial, Helvetica, sans-serif; font-size: small;\"><strong>Funktion:<\/strong>&nbsp;Schalld\u00e4mpfer<br \/><strong>Kapazit\u00e4t:<\/strong>&nbsp;11,5 Liter<br \/><strong>Durchmesser des Anschlusses f\u00fcr den Einlassschlauch:<\/strong>&nbsp;100 mm<br \/><strong>Durchmesser des Anschlusses f\u00fcr den Auslassschlauch:<\/strong>&nbsp;100 mm<br \/><strong>L\u00e4nge:<\/strong>&nbsp;702 mm<br \/><strong>Breite:<\/strong>&nbsp;210 mm<br \/><strong>H\u00f6he:<\/strong>&nbsp;210 mm<br \/><strong>Wasserabsperrposition:<\/strong>&nbsp;Horizontal<br \/><strong>Robust:<\/strong>&nbsp;Nein<br \/><strong>Drehbare Schlauchanschl\u00fcsse:<\/strong>&nbsp;Nein<br \/><strong>Drehbare Bauteile:<\/strong>&nbsp;Nein<\/p>\n","protected":false},"excerpt":{"rendered":"<p>Auspuffschalld\u00e4mpfer Vetus MV 100 &#8211; Dieser Kunststoffschalld\u00e4mpfer mit R\u00fcckschlagventil ist f\u00fcr schnelle Boote mit leistungsstarken Motoren konzipiert. Er reduziert die<\/p>\n","protected":false},"featured_media":5943999,"comment_status":"open","ping_status":"closed","template":"","meta":[],"product_brand":[3520],"product_cat":[1507],"product_tag":[],"class_list":{"0":"post-735939","1":"product","2":"type-product","3":"status-publish","4":"has-post-thumbnail","6":"product_brand-vetus-de","7":"product_cat-abgas-wasserperren-und-schalldaempfer","9":"first","10":"instock","11":"shipping-taxable","12":"purchasable","13":"product-type-simple"},"_links":{"self":[{"href":"https:\/\/stoic-curie.212-227-153-4.plesk.page\/de\/wp-json\/wp\/v2\/product\/735939","targetHints":{"allow":["GET"]}}],"collection":[{"href":"https:\/\/stoic-curie.212-227-153-4.plesk.page\/de\/wp-json\/wp\/v2\/product"}],"about":[{"href":"https:\/\/stoic-curie.212-227-153-4.plesk.page\/de\/wp-json\/wp\/v2\/types\/product"}],"replies":[{"embeddable":true,"href":"https:\/\/stoic-curie.212-227-153-4.plesk.page\/de\/wp-json\/wp\/v2\/comments?post=735939"}],"version-history":[{"count":0,"href":"https:\/\/stoic-curie.212-227-153-4.plesk.page\/de\/wp-json\/wp\/v2\/product\/735939\/revisions"}],"wp:featuredmedia":[{"embeddable":true,"href":"https:\/\/stoic-curie.212-227-153-4.plesk.page\/de\/wp-json\/wp\/v2\/media\/5943999"}],"wp:attachment":[{"href":"https:\/\/stoic-curie.212-227-153-4.plesk.page\/de\/wp-json\/wp\/v2\/media?parent=735939"}],"wp:term":[{"taxonomy":"product_brand","embeddable":true,"href":"https:\/\/stoic-curie.212-227-153-4.plesk.page\/de\/wp-json\/wp\/v2\/product_brand?post=735939"},{"taxonomy":"product_cat","embeddable":true,"href":"https:\/\/stoic-curie.212-227-153-4.plesk.page\/de\/wp-json\/wp\/v2\/product_cat?post=735939"},{"taxonomy":"product_tag","embeddable":true,"href":"https:\/\/stoic-curie.212-227-153-4.plesk.page\/de\/wp-json\/wp\/v2\/product_tag?post=735939"}],"curies":[{"name":"wp","href":"https:\/\/api.w.org\/{rel}","templated":true}]}}