{"id":735940,"date":"2025-03-03T16:29:49","date_gmt":"2025-03-03T15:29:49","guid":{"rendered":"https:\/\/stoic-curie.212-227-153-4.plesk.page\/producto\/vetus-mv125mm\/"},"modified":"2026-02-24T23:35:04","modified_gmt":"2026-02-24T23:35:04","slug":"vetus-mv125mm","status":"publish","type":"product","link":"https:\/\/stoic-curie.212-227-153-4.plesk.page\/de\/product\/vetus-mv125mm\/","title":{"rendered":"Auspuffschalld\u00e4mpfer Vetus MV 125mm"},"content":{"rendered":"<p>Auspuffschalld\u00e4mpfer Vetus MV 125mm &#8211; <\/p>\n<p style=\"color: rgb(34, 34, 34); font-family: Arial, Helvetica, sans-serif; font-size: small;\">Der Vetus MV125 Marine-Auspuffschalld\u00e4mpfer besteht aus robustem Kunststoff und wurde speziell entwickelt, um Ger\u00e4usche aus dem Auspuffsystem zu reduzieren. Er ist besonders geeignet f\u00fcr Boote, die nicht gen\u00fcgend Platz f\u00fcr einen Wasserabscheider oder einen Kniest\u00fcck haben. Dieser Schalld\u00e4mpfer ist mit einem eingebauten R\u00fcckschlagventil auf der Ansaugseite ausgestattet, das effektiv verhindert, dass Wasser zur\u00fcck zum Motor flie\u00dft, wodurch die Notwendigkeit eines Kniest\u00fccks entf\u00e4llt.<\/p>\n<p style=\"color: rgb(34, 34, 34); font-family: Arial, Helvetica, sans-serif; font-size: small;\">Der Vetus Kunststoffschalld\u00e4mpfer hat ein kompaktes und leichtes Design und wird mit rostfreien Montierungsbefestigungen f\u00fcr eine einfache Installation geliefert. Dar\u00fcber hinaus verf\u00fcgt er \u00fcber einen Anschluss f\u00fcr einen Temperatursensor, der einen Alarm ausl\u00f6sen kann, wenn die Abgase eine bestimmte Temperatur \u00fcberschreiten.<\/p>\n<p style=\"color: rgb(34, 34, 34); font-family: Arial, Helvetica, sans-serif; font-size: small;\">Bitte beachten Sie: Die Vetus-Auspuffkomponenten bestehen aus Kunststoff und sind ausschlie\u00dflich f\u00fcr den Einsatz in nassen Abgassystemen vorgesehen. Die maximal zul\u00e4ssige Temperatur sollte 70 \u00b0C nicht \u00fcberschreiten, da dies andernfalls zu Sch\u00e4den an den Auspuffkomponenten f\u00fchren kann.<\/p>\n<p style=\"color: rgb(34, 34, 34); font-family: Arial, Helvetica, sans-serif; font-size: small;\"><strong>Technische Daten:<\/strong><\/p>\n<ul style=\"color: rgb(34, 34, 34); font-family: Arial, Helvetica, sans-serif; font-size: small;\">\n<li>Kapazit\u00e4t: 37 Liter<\/li>\n<li>Material: Kunststoff<\/li>\n<li>Durchmesser: 127 mm<\/li>\n<li>Prim\u00e4re Konstruktion: Kunststoff<\/li>\n<li>Geeignet f\u00fcr: Benzin\/Gasoline &amp; Diesel<\/li>\n<li>Einlass\/Auslass Durchmesser: 127 mm<\/li>\n<li>Marke: Vetus<\/li>\n<li>H\u00f6he: 320 mm<\/li>\n<li>L\u00e4nge: 910 mm<\/li>\n<\/ul>\n","protected":false},"excerpt":{"rendered":"<p>Auspuffschalld\u00e4mpfer Vetus MV 125mm &#8211; Der Vetus MV125 Marine-Auspuffschalld\u00e4mpfer besteht aus robustem Kunststoff und wurde speziell entwickelt, um Ger\u00e4usche aus<\/p>\n","protected":false},"featured_media":5943999,"comment_status":"open","ping_status":"closed","template":"","meta":[],"product_brand":[3520],"product_cat":[1507],"product_tag":[],"class_list":{"0":"post-735940","1":"product","2":"type-product","3":"status-publish","4":"has-post-thumbnail","6":"product_brand-vetus-de","7":"product_cat-abgas-wasserperren-und-schalldaempfer","9":"first","10":"instock","11":"shipping-taxable","12":"purchasable","13":"product-type-simple"},"_links":{"self":[{"href":"https:\/\/stoic-curie.212-227-153-4.plesk.page\/de\/wp-json\/wp\/v2\/product\/735940","targetHints":{"allow":["GET"]}}],"collection":[{"href":"https:\/\/stoic-curie.212-227-153-4.plesk.page\/de\/wp-json\/wp\/v2\/product"}],"about":[{"href":"https:\/\/stoic-curie.212-227-153-4.plesk.page\/de\/wp-json\/wp\/v2\/types\/product"}],"replies":[{"embeddable":true,"href":"https:\/\/stoic-curie.212-227-153-4.plesk.page\/de\/wp-json\/wp\/v2\/comments?post=735940"}],"version-history":[{"count":0,"href":"https:\/\/stoic-curie.212-227-153-4.plesk.page\/de\/wp-json\/wp\/v2\/product\/735940\/revisions"}],"wp:featuredmedia":[{"embeddable":true,"href":"https:\/\/stoic-curie.212-227-153-4.plesk.page\/de\/wp-json\/wp\/v2\/media\/5943999"}],"wp:attachment":[{"href":"https:\/\/stoic-curie.212-227-153-4.plesk.page\/de\/wp-json\/wp\/v2\/media?parent=735940"}],"wp:term":[{"taxonomy":"product_brand","embeddable":true,"href":"https:\/\/stoic-curie.212-227-153-4.plesk.page\/de\/wp-json\/wp\/v2\/product_brand?post=735940"},{"taxonomy":"product_cat","embeddable":true,"href":"https:\/\/stoic-curie.212-227-153-4.plesk.page\/de\/wp-json\/wp\/v2\/product_cat?post=735940"},{"taxonomy":"product_tag","embeddable":true,"href":"https:\/\/stoic-curie.212-227-153-4.plesk.page\/de\/wp-json\/wp\/v2\/product_tag?post=735940"}],"curies":[{"name":"wp","href":"https:\/\/api.w.org\/{rel}","templated":true}]}}