{"id":735941,"date":"2025-03-03T16:29:49","date_gmt":"2025-03-03T15:29:49","guid":{"rendered":"https:\/\/stoic-curie.212-227-153-4.plesk.page\/producto\/vetus-mv150mm\/"},"modified":"2026-02-24T23:35:04","modified_gmt":"2026-02-24T23:35:04","slug":"vetus-mv150mm","status":"publish","type":"product","link":"https:\/\/stoic-curie.212-227-153-4.plesk.page\/de\/product\/vetus-mv150mm\/","title":{"rendered":"Auspuffschalld\u00e4mpfer Vetus MV 150mm"},"content":{"rendered":"<p>Auspuffschalld\u00e4mpfer Vetus MV 150mm &#8211; <\/p>\n<p style=\"color: rgb(34, 34, 34); font-family: Arial, Helvetica, sans-serif; font-size: small;\">Wir freuen uns, Ihnen im Shop den VETUS MV 150 Schalld\u00e4mpfer pr\u00e4sentieren zu k\u00f6nnen, der speziell f\u00fcr Hochleistungsboote entwickelt wurde. Dieser 150 mm gro\u00dfe Kunststoffschalld\u00e4mpfer ist mit einem R\u00fcckschlagventil ausgestattet und eignet sich f\u00fcr schnelle Boote mit leistungsstarken Motoren. Er reduziert effektiv die Abgasger\u00e4usche und verbessert Ihr gesamtes Bootserlebnis. Mit einer Kapazit\u00e4t von 37 Litern ist dieser Abgasschalld\u00e4mpfer ideal f\u00fcr gr\u00f6\u00dfere Motoren und Schnellboote.<\/p>\n<p style=\"color: rgb(34, 34, 34); font-family: Arial, Helvetica, sans-serif; font-size: small;\">Diese kompakten Schalld\u00e4mpfer reduzieren nicht nur die Abgasger\u00e4usche, sondern sorgen auch f\u00fcr einen niedrigen Gegendruck. Alle Teile bestehen aus leichten, korrosionsbest\u00e4ndigen Kunststoffen. Die Verbindungen f\u00fcr dieses System k\u00f6nnen aus rostfreiem Stahl (AISI 316) oder verst\u00e4rktem schwarzem Kunststoff gew\u00e4hlt werden. Die Typ MV Schalld\u00e4mpfer und Verbindungen weisen ein R\u00fcckschlagventil auf, das verhindert, dass Meerwasser in den Motor eindringt.<\/p>\n<p style=\"color: rgb(34, 34, 34); font-family: Arial, Helvetica, sans-serif; font-size: small;\"><strong>Technische Daten:<\/strong><\/p>\n<ul style=\"color: rgb(34, 34, 34); font-family: Arial, Helvetica, sans-serif; font-size: small;\">\n<li><strong>Funktion:<\/strong>&nbsp;Schalld\u00e4mpfer<\/li>\n<li><strong>Kapazit\u00e4t:<\/strong>&nbsp;37 Liter<\/li>\n<li><strong>Durchmesser des Einlassschlauches:<\/strong>&nbsp;150 mm<\/li>\n<li><strong>Durchmesser des Auslassschlauches:<\/strong>&nbsp;150 mm<\/li>\n<li><strong>L\u00e4nge:<\/strong>&nbsp;910 mm<\/li>\n<li><strong>Breite:<\/strong>&nbsp;320 mm<\/li>\n<li><strong>H\u00f6he:<\/strong>&nbsp;320 mm<\/li>\n<li><strong>Wasserabsperrposition:<\/strong>&nbsp;Horizontal<\/li>\n<li><strong>Robust:<\/strong>&nbsp;Nein<\/li>\n<li><strong>Rotierbare Schlauchverbindungen:<\/strong>&nbsp;Nein<\/li>\n<li><strong>Rotierbare Baugruppen:<\/strong>&nbsp;Nein<\/li>\n<\/ul>\n<p style=\"color: rgb(34, 34, 34); font-family: Arial, Helvetica, sans-serif; font-size: small;\">Zus\u00e4tzlich enth\u00e4lt dieser Schalld\u00e4mpfer Montageschellen aus rostfreiem Stahl (AISI 316). Ein optionaler Temperatursensor f\u00fcr einen Rohwasseralarm ist erh\u00e4ltlich und wird dringend zur Verbesserung der Sicherheit empfohlen.<\/p>\n","protected":false},"excerpt":{"rendered":"<p>Auspuffschalld\u00e4mpfer Vetus MV 150mm &#8211; Wir freuen uns, Ihnen im Shop den VETUS MV 150 Schalld\u00e4mpfer pr\u00e4sentieren zu k\u00f6nnen, der<\/p>\n","protected":false},"featured_media":5943999,"comment_status":"open","ping_status":"closed","template":"","meta":[],"product_brand":[3520],"product_cat":[1507],"product_tag":[],"class_list":{"0":"post-735941","1":"product","2":"type-product","3":"status-publish","4":"has-post-thumbnail","6":"product_brand-vetus-de","7":"product_cat-abgas-wasserperren-und-schalldaempfer","9":"first","10":"instock","11":"shipping-taxable","12":"purchasable","13":"product-type-simple"},"_links":{"self":[{"href":"https:\/\/stoic-curie.212-227-153-4.plesk.page\/de\/wp-json\/wp\/v2\/product\/735941","targetHints":{"allow":["GET"]}}],"collection":[{"href":"https:\/\/stoic-curie.212-227-153-4.plesk.page\/de\/wp-json\/wp\/v2\/product"}],"about":[{"href":"https:\/\/stoic-curie.212-227-153-4.plesk.page\/de\/wp-json\/wp\/v2\/types\/product"}],"replies":[{"embeddable":true,"href":"https:\/\/stoic-curie.212-227-153-4.plesk.page\/de\/wp-json\/wp\/v2\/comments?post=735941"}],"version-history":[{"count":0,"href":"https:\/\/stoic-curie.212-227-153-4.plesk.page\/de\/wp-json\/wp\/v2\/product\/735941\/revisions"}],"wp:featuredmedia":[{"embeddable":true,"href":"https:\/\/stoic-curie.212-227-153-4.plesk.page\/de\/wp-json\/wp\/v2\/media\/5943999"}],"wp:attachment":[{"href":"https:\/\/stoic-curie.212-227-153-4.plesk.page\/de\/wp-json\/wp\/v2\/media?parent=735941"}],"wp:term":[{"taxonomy":"product_brand","embeddable":true,"href":"https:\/\/stoic-curie.212-227-153-4.plesk.page\/de\/wp-json\/wp\/v2\/product_brand?post=735941"},{"taxonomy":"product_cat","embeddable":true,"href":"https:\/\/stoic-curie.212-227-153-4.plesk.page\/de\/wp-json\/wp\/v2\/product_cat?post=735941"},{"taxonomy":"product_tag","embeddable":true,"href":"https:\/\/stoic-curie.212-227-153-4.plesk.page\/de\/wp-json\/wp\/v2\/product_tag?post=735941"}],"curies":[{"name":"wp","href":"https:\/\/api.w.org\/{rel}","templated":true}]}}