{"id":735942,"date":"2025-03-03T16:29:50","date_gmt":"2025-03-03T15:29:50","guid":{"rendered":"https:\/\/stoic-curie.212-227-153-4.plesk.page\/producto\/aufbewahrungstasche-navishell-grau-35-x-13-x-h24cm\/"},"modified":"2026-02-24T23:35:04","modified_gmt":"2026-02-24T23:35:04","slug":"aufbewahrungstasche-navishell-grau-35-x-13-x-h24cm","status":"publish","type":"product","link":"https:\/\/stoic-curie.212-227-153-4.plesk.page\/de\/product\/aufbewahrungstasche-navishell-grau-35-x-13-x-h24cm\/","title":{"rendered":"Aufbewahrungstasche Navishell Grau 35 x 13 x H24cm"},"content":{"rendered":"<p>Aufbewahrungstasche Navishell Grau 35 x 13 x H24cm &#8211; <\/p>\n<p>Gewebte Cockpit-Stautasche aus Acrylstoff. Wasserabweisend und UV-best\u00e4ndig. Mit einer vorderen Netztasche f\u00fcr Zubeh\u00f6r und einem Abflussnetzboden. Breite \u00d6ffnung mit verst\u00e4rktem Rand f\u00fcr einfaches und komfortables Beladen. Zum Verstauen von Segeln, Schoten, Winschgriffen, Handschuhen, Sonnencreme, Getr\u00e4nken usw. Zwei optionale Befestigungssysteme enthalten: 1) Mit Saugkn\u00f6pfen f\u00fcr eine einfache und starke Befestigung ohne Schrauben. 2) Mit Haken f\u00fcr eine einfache und starke Befestigung mit Schrauben.<\/p>\n","protected":false},"excerpt":{"rendered":"<p>Aufbewahrungstasche Navishell Grau 35 x 13 x H24cm &#8211; Gewebte Cockpit-Stautasche aus Acrylstoff. Wasserabweisend und UV-best\u00e4ndig. Mit einer vorderen Netztasche<\/p>\n","protected":false},"featured_media":5943943,"comment_status":"open","ping_status":"closed","template":"","meta":[],"product_brand":[3175],"product_cat":[1479,1357],"product_tag":[],"class_list":{"0":"post-735942","1":"product","2":"type-product","3":"status-publish","4":"has-post-thumbnail","6":"product_brand-navishell-de","7":"product_cat-abdeckungen-und-schutzhuellen","8":"product_cat-aufbewahrungszubehoer","10":"first","11":"instock","12":"shipping-taxable","13":"purchasable","14":"product-type-simple"},"_links":{"self":[{"href":"https:\/\/stoic-curie.212-227-153-4.plesk.page\/de\/wp-json\/wp\/v2\/product\/735942","targetHints":{"allow":["GET"]}}],"collection":[{"href":"https:\/\/stoic-curie.212-227-153-4.plesk.page\/de\/wp-json\/wp\/v2\/product"}],"about":[{"href":"https:\/\/stoic-curie.212-227-153-4.plesk.page\/de\/wp-json\/wp\/v2\/types\/product"}],"replies":[{"embeddable":true,"href":"https:\/\/stoic-curie.212-227-153-4.plesk.page\/de\/wp-json\/wp\/v2\/comments?post=735942"}],"version-history":[{"count":0,"href":"https:\/\/stoic-curie.212-227-153-4.plesk.page\/de\/wp-json\/wp\/v2\/product\/735942\/revisions"}],"wp:featuredmedia":[{"embeddable":true,"href":"https:\/\/stoic-curie.212-227-153-4.plesk.page\/de\/wp-json\/wp\/v2\/media\/5943943"}],"wp:attachment":[{"href":"https:\/\/stoic-curie.212-227-153-4.plesk.page\/de\/wp-json\/wp\/v2\/media?parent=735942"}],"wp:term":[{"taxonomy":"product_brand","embeddable":true,"href":"https:\/\/stoic-curie.212-227-153-4.plesk.page\/de\/wp-json\/wp\/v2\/product_brand?post=735942"},{"taxonomy":"product_cat","embeddable":true,"href":"https:\/\/stoic-curie.212-227-153-4.plesk.page\/de\/wp-json\/wp\/v2\/product_cat?post=735942"},{"taxonomy":"product_tag","embeddable":true,"href":"https:\/\/stoic-curie.212-227-153-4.plesk.page\/de\/wp-json\/wp\/v2\/product_tag?post=735942"}],"curies":[{"name":"wp","href":"https:\/\/api.w.org\/{rel}","templated":true}]}}