{"id":735944,"date":"2025-03-03T16:29:50","date_gmt":"2025-03-03T15:29:50","guid":{"rendered":"https:\/\/stoic-curie.212-227-153-4.plesk.page\/producto\/aufbewahrungstasche-grau-navishell-fuer-segelleinen-40-x-20-x-h28cm\/"},"modified":"2026-02-24T23:35:04","modified_gmt":"2026-02-24T23:35:04","slug":"aufbewahrungstasche-grau-navishell-fuer-segelleinen-40-x-20-x-h28cm","status":"publish","type":"product","link":"https:\/\/stoic-curie.212-227-153-4.plesk.page\/de\/product\/aufbewahrungstasche-grau-navishell-fuer-segelleinen-40-x-20-x-h28cm\/","title":{"rendered":"Aufbewahrungstasche Grau Navishell f\u00fcr Segelleinen 40 x 20 x H28cm"},"content":{"rendered":"<p>Aufbewahrungstasche Grau Navishell f\u00fcr Segelleinen 40 x 20 x H28cm &#8211; <\/p>\n<p>Gewebter Acrylstoff, Schutzgel\u00e4nder und Cockpittasche. Wasserabweisend und UV-best\u00e4ndig. Mit einer Fronttasche f\u00fcr Zubeh\u00f6r und einem Ablaufschlauchboden. Gro\u00dfe \u00d6ffnung mit verst\u00e4rktem Rand f\u00fcr ein komfortables und einfaches Laden. Ideal zum Verstauen von Tauen, Fallwinden, Wellenhebel, Schuhen, Getr\u00e4nken usw. Drei optionale Befestigungssysteme sind enthalten: 1) An den Schutzgel\u00e4ndern, mit Klettverschluss f\u00fcr eine einfache und starke Befestigung 2) Im Cockpit, mit Saugn\u00e4pfen f\u00fcr eine einfache und starke Befestigung ohne Schrauben 3) Im Cockpit, mit Haken f\u00fcr eine einfache und starke Befestigung mit Schrauben.<\/p>\n","protected":false},"excerpt":{"rendered":"<p>Aufbewahrungstasche Grau Navishell f\u00fcr Segelleinen 40 x 20 x H28cm &#8211; Gewebter Acrylstoff, Schutzgel\u00e4nder und Cockpittasche. Wasserabweisend und UV-best\u00e4ndig. Mit<\/p>\n","protected":false},"featured_media":5944003,"comment_status":"open","ping_status":"closed","template":"","meta":[],"product_brand":[3175],"product_cat":[1479,1357],"product_tag":[],"class_list":{"0":"post-735944","1":"product","2":"type-product","3":"status-publish","4":"has-post-thumbnail","6":"product_brand-navishell-de","7":"product_cat-abdeckungen-und-schutzhuellen","8":"product_cat-aufbewahrungszubehoer","10":"first","11":"instock","12":"shipping-taxable","13":"purchasable","14":"product-type-simple"},"_links":{"self":[{"href":"https:\/\/stoic-curie.212-227-153-4.plesk.page\/de\/wp-json\/wp\/v2\/product\/735944","targetHints":{"allow":["GET"]}}],"collection":[{"href":"https:\/\/stoic-curie.212-227-153-4.plesk.page\/de\/wp-json\/wp\/v2\/product"}],"about":[{"href":"https:\/\/stoic-curie.212-227-153-4.plesk.page\/de\/wp-json\/wp\/v2\/types\/product"}],"replies":[{"embeddable":true,"href":"https:\/\/stoic-curie.212-227-153-4.plesk.page\/de\/wp-json\/wp\/v2\/comments?post=735944"}],"version-history":[{"count":0,"href":"https:\/\/stoic-curie.212-227-153-4.plesk.page\/de\/wp-json\/wp\/v2\/product\/735944\/revisions"}],"wp:featuredmedia":[{"embeddable":true,"href":"https:\/\/stoic-curie.212-227-153-4.plesk.page\/de\/wp-json\/wp\/v2\/media\/5944003"}],"wp:attachment":[{"href":"https:\/\/stoic-curie.212-227-153-4.plesk.page\/de\/wp-json\/wp\/v2\/media?parent=735944"}],"wp:term":[{"taxonomy":"product_brand","embeddable":true,"href":"https:\/\/stoic-curie.212-227-153-4.plesk.page\/de\/wp-json\/wp\/v2\/product_brand?post=735944"},{"taxonomy":"product_cat","embeddable":true,"href":"https:\/\/stoic-curie.212-227-153-4.plesk.page\/de\/wp-json\/wp\/v2\/product_cat?post=735944"},{"taxonomy":"product_tag","embeddable":true,"href":"https:\/\/stoic-curie.212-227-153-4.plesk.page\/de\/wp-json\/wp\/v2\/product_tag?post=735944"}],"curies":[{"name":"wp","href":"https:\/\/api.w.org\/{rel}","templated":true}]}}