{"id":735945,"date":"2025-03-03T16:29:50","date_gmt":"2025-03-03T15:29:50","guid":{"rendered":"https:\/\/stoic-curie.212-227-153-4.plesk.page\/producto\/aufbewahrungstasche-navishell-grau-46-x-30cm\/"},"modified":"2026-02-24T23:35:04","modified_gmt":"2026-02-24T23:35:04","slug":"aufbewahrungstasche-navishell-grau-46-x-30cm","status":"publish","type":"product","link":"https:\/\/stoic-curie.212-227-153-4.plesk.page\/de\/product\/aufbewahrungstasche-navishell-grau-46-x-30cm\/","title":{"rendered":"Aufbewahrungstasche Navishell Grau 46 x 30cm"},"content":{"rendered":"<p>Aufbewahrungstasche Navishell Grau 46 x 30cm &#8211; <\/p>\n<p>Wasserabweisende Acrylstofftasche. Best\u00e4ndig gegen UV-Strahlen. Die stabilen, unverg\u00e4nglichen Farben bleiben mindestens 3 Jahre lang lebendig, auch bei kontinuierlicher Nutzung. Zwei optionale Befestigungssysteme sind enthalten: 1) Mit Saugkn\u00f6pfen, die eine einfache und sichere Fixierung ohne Bohren gew\u00e4hrleisten. 2) Mit Haken, die eine einfache und sichere Fixierung durch Bohren gew\u00e4hrleisten. Ausgestattet mit einer vorderen Netztasche zur Aufbewahrung kleiner Gegenst\u00e4nde und einem zus\u00e4tzlichen Halter f\u00fcr den Windenhebel.<\/p>\n","protected":false},"excerpt":{"rendered":"<p>Aufbewahrungstasche Navishell Grau 46 x 30cm &#8211; Wasserabweisende Acrylstofftasche. Best\u00e4ndig gegen UV-Strahlen. Die stabilen, unverg\u00e4nglichen Farben bleiben mindestens 3 Jahre<\/p>\n","protected":false},"featured_media":5944005,"comment_status":"open","ping_status":"closed","template":"","meta":[],"product_brand":[3175],"product_cat":[1479,1357],"product_tag":[],"class_list":{"0":"post-735945","1":"product","2":"type-product","3":"status-publish","4":"has-post-thumbnail","6":"product_brand-navishell-de","7":"product_cat-abdeckungen-und-schutzhuellen","8":"product_cat-aufbewahrungszubehoer","10":"first","11":"instock","12":"shipping-taxable","13":"purchasable","14":"product-type-simple"},"_links":{"self":[{"href":"https:\/\/stoic-curie.212-227-153-4.plesk.page\/de\/wp-json\/wp\/v2\/product\/735945","targetHints":{"allow":["GET"]}}],"collection":[{"href":"https:\/\/stoic-curie.212-227-153-4.plesk.page\/de\/wp-json\/wp\/v2\/product"}],"about":[{"href":"https:\/\/stoic-curie.212-227-153-4.plesk.page\/de\/wp-json\/wp\/v2\/types\/product"}],"replies":[{"embeddable":true,"href":"https:\/\/stoic-curie.212-227-153-4.plesk.page\/de\/wp-json\/wp\/v2\/comments?post=735945"}],"version-history":[{"count":0,"href":"https:\/\/stoic-curie.212-227-153-4.plesk.page\/de\/wp-json\/wp\/v2\/product\/735945\/revisions"}],"wp:featuredmedia":[{"embeddable":true,"href":"https:\/\/stoic-curie.212-227-153-4.plesk.page\/de\/wp-json\/wp\/v2\/media\/5944005"}],"wp:attachment":[{"href":"https:\/\/stoic-curie.212-227-153-4.plesk.page\/de\/wp-json\/wp\/v2\/media?parent=735945"}],"wp:term":[{"taxonomy":"product_brand","embeddable":true,"href":"https:\/\/stoic-curie.212-227-153-4.plesk.page\/de\/wp-json\/wp\/v2\/product_brand?post=735945"},{"taxonomy":"product_cat","embeddable":true,"href":"https:\/\/stoic-curie.212-227-153-4.plesk.page\/de\/wp-json\/wp\/v2\/product_cat?post=735945"},{"taxonomy":"product_tag","embeddable":true,"href":"https:\/\/stoic-curie.212-227-153-4.plesk.page\/de\/wp-json\/wp\/v2\/product_tag?post=735945"}],"curies":[{"name":"wp","href":"https:\/\/api.w.org\/{rel}","templated":true}]}}