{"id":735949,"date":"2025-03-03T16:29:51","date_gmt":"2025-03-03T15:29:51","guid":{"rendered":"https:\/\/stoic-curie.212-227-153-4.plesk.page\/producto\/wasserumwaelzpumpe-colflo-12v\/"},"modified":"2026-02-24T23:35:04","modified_gmt":"2026-02-24T23:35:04","slug":"wasserumwaelzpumpe-colflo-12v","status":"publish","type":"product","link":"https:\/\/stoic-curie.212-227-153-4.plesk.page\/de\/product\/wasserumwaelzpumpe-colflo-12v\/","title":{"rendered":"Wasserumw\u00e4lzpumpe Colflo 12V"},"content":{"rendered":"<p>Wasserumw\u00e4lzpumpe Colflo 12V &#8211; <\/p>\n<p>Wasserzirkulationspumpe f\u00fcr den Eingang und die kontinuierliche Zirkulation von Wasser in K\u00fchlsystemen, Klimaanlagen und W\u00e4rmetauschern. Leise, energieeffizient, mit einem permanentmagnetischen Kugellager-Motor, der f\u00fcr den kontinuierlichen Betrieb ausgelegt ist.<\/p>\n","protected":false},"excerpt":{"rendered":"<p>Wasserumw\u00e4lzpumpe Colflo 12V &#8211; Wasserzirkulationspumpe f\u00fcr den Eingang und die kontinuierliche Zirkulation von Wasser in K\u00fchlsystemen, Klimaanlagen und W\u00e4rmetauschern. Leise,<\/p>\n","protected":false},"featured_media":5944018,"comment_status":"open","ping_status":"closed","template":"","meta":[],"product_brand":[3325],"product_cat":[1384],"product_tag":[],"class_list":{"0":"post-735949","1":"product","2":"type-product","3":"status-publish","4":"has-post-thumbnail","6":"product_brand-rule-de","7":"product_cat-wasserkreislaufpumpen","9":"first","10":"instock","11":"shipping-taxable","12":"purchasable","13":"product-type-simple"},"_links":{"self":[{"href":"https:\/\/stoic-curie.212-227-153-4.plesk.page\/de\/wp-json\/wp\/v2\/product\/735949","targetHints":{"allow":["GET"]}}],"collection":[{"href":"https:\/\/stoic-curie.212-227-153-4.plesk.page\/de\/wp-json\/wp\/v2\/product"}],"about":[{"href":"https:\/\/stoic-curie.212-227-153-4.plesk.page\/de\/wp-json\/wp\/v2\/types\/product"}],"replies":[{"embeddable":true,"href":"https:\/\/stoic-curie.212-227-153-4.plesk.page\/de\/wp-json\/wp\/v2\/comments?post=735949"}],"version-history":[{"count":0,"href":"https:\/\/stoic-curie.212-227-153-4.plesk.page\/de\/wp-json\/wp\/v2\/product\/735949\/revisions"}],"wp:featuredmedia":[{"embeddable":true,"href":"https:\/\/stoic-curie.212-227-153-4.plesk.page\/de\/wp-json\/wp\/v2\/media\/5944018"}],"wp:attachment":[{"href":"https:\/\/stoic-curie.212-227-153-4.plesk.page\/de\/wp-json\/wp\/v2\/media?parent=735949"}],"wp:term":[{"taxonomy":"product_brand","embeddable":true,"href":"https:\/\/stoic-curie.212-227-153-4.plesk.page\/de\/wp-json\/wp\/v2\/product_brand?post=735949"},{"taxonomy":"product_cat","embeddable":true,"href":"https:\/\/stoic-curie.212-227-153-4.plesk.page\/de\/wp-json\/wp\/v2\/product_cat?post=735949"},{"taxonomy":"product_tag","embeddable":true,"href":"https:\/\/stoic-curie.212-227-153-4.plesk.page\/de\/wp-json\/wp\/v2\/product_tag?post=735949"}],"curies":[{"name":"wp","href":"https:\/\/api.w.org\/{rel}","templated":true}]}}