{"id":735951,"date":"2025-03-03T16:29:51","date_gmt":"2025-03-03T15:29:51","guid":{"rendered":"https:\/\/stoic-curie.212-227-153-4.plesk.page\/producto\/moskitonetz-fuer-leitern-90-x-180cm\/"},"modified":"2026-02-24T23:35:04","modified_gmt":"2026-02-24T23:35:04","slug":"moskitonetz-fuer-leitern-90-x-180cm","status":"publish","type":"product","link":"https:\/\/stoic-curie.212-227-153-4.plesk.page\/de\/product\/moskitonetz-fuer-leitern-90-x-180cm\/","title":{"rendered":"Moskitonetz f\u00fcr Leitern 90 x 180cm"},"content":{"rendered":"<p>Moskitonetz f\u00fcr Leitern 90 x 180cm &#8211; <\/p>\n<p>M\u00fcckenetz f\u00fcr Schanzkleid\u00f6ffnungen. Erlaubt eine Bel\u00fcftung des Bootes, ohne Insekten und M\u00fccken hereinzulassen. H\u00e4ngen Sie einfach das Netz \u00fcber die Schanzkleid\u00f6ffnung und sichern Sie die Oberseite mit Seilen. Ein schwerer Rand h\u00e4lt das Netz an seinem Platz. Erm\u00f6glicht einfachen Zugang, indem Sie den Rand anheben und ihn wieder absenken, nachdem Sie die Kabine betreten oder verlassen haben.<\/p>\n","protected":false},"excerpt":{"rendered":"<p>Moskitonetz f\u00fcr Leitern 90 x 180cm &#8211; M\u00fcckenetz f\u00fcr Schanzkleid\u00f6ffnungen. Erlaubt eine Bel\u00fcftung des Bootes, ohne Insekten und M\u00fccken hereinzulassen.<\/p>\n","protected":false},"featured_media":5944031,"comment_status":"open","ping_status":"closed","template":"","meta":[],"product_brand":[3175],"product_cat":[1479],"product_tag":[],"class_list":{"0":"post-735951","1":"product","2":"type-product","3":"status-publish","4":"has-post-thumbnail","6":"product_brand-navishell-de","7":"product_cat-abdeckungen-und-schutzhuellen","9":"first","10":"instock","11":"shipping-taxable","12":"purchasable","13":"product-type-simple"},"_links":{"self":[{"href":"https:\/\/stoic-curie.212-227-153-4.plesk.page\/de\/wp-json\/wp\/v2\/product\/735951","targetHints":{"allow":["GET"]}}],"collection":[{"href":"https:\/\/stoic-curie.212-227-153-4.plesk.page\/de\/wp-json\/wp\/v2\/product"}],"about":[{"href":"https:\/\/stoic-curie.212-227-153-4.plesk.page\/de\/wp-json\/wp\/v2\/types\/product"}],"replies":[{"embeddable":true,"href":"https:\/\/stoic-curie.212-227-153-4.plesk.page\/de\/wp-json\/wp\/v2\/comments?post=735951"}],"version-history":[{"count":0,"href":"https:\/\/stoic-curie.212-227-153-4.plesk.page\/de\/wp-json\/wp\/v2\/product\/735951\/revisions"}],"wp:featuredmedia":[{"embeddable":true,"href":"https:\/\/stoic-curie.212-227-153-4.plesk.page\/de\/wp-json\/wp\/v2\/media\/5944031"}],"wp:attachment":[{"href":"https:\/\/stoic-curie.212-227-153-4.plesk.page\/de\/wp-json\/wp\/v2\/media?parent=735951"}],"wp:term":[{"taxonomy":"product_brand","embeddable":true,"href":"https:\/\/stoic-curie.212-227-153-4.plesk.page\/de\/wp-json\/wp\/v2\/product_brand?post=735951"},{"taxonomy":"product_cat","embeddable":true,"href":"https:\/\/stoic-curie.212-227-153-4.plesk.page\/de\/wp-json\/wp\/v2\/product_cat?post=735951"},{"taxonomy":"product_tag","embeddable":true,"href":"https:\/\/stoic-curie.212-227-153-4.plesk.page\/de\/wp-json\/wp\/v2\/product_tag?post=735951"}],"curies":[{"name":"wp","href":"https:\/\/api.w.org\/{rel}","templated":true}]}}