{"id":735952,"date":"2025-03-03T16:29:51","date_gmt":"2025-03-03T15:29:51","guid":{"rendered":"https:\/\/stoic-curie.212-227-153-4.plesk.page\/producto\/abdeckung-fuer-leitern-90-x-180-cm\/"},"modified":"2026-02-24T23:35:04","modified_gmt":"2026-02-24T23:35:04","slug":"abdeckung-fuer-leitern-90-x-180-cm","status":"publish","type":"product","link":"https:\/\/stoic-curie.212-227-153-4.plesk.page\/de\/product\/abdeckung-fuer-leitern-90-x-180-cm\/","title":{"rendered":"Abdeckung f\u00fcr Leitern 90 x 180 cm"},"content":{"rendered":"<p>Abdeckung f\u00fcr Leitern 90 x 180 cm &#8211; <\/p>\n<p>Verdunkelungsvorhang \/ -jalousie f\u00fcr den Decksaufgang. Erm\u00f6glicht die Bel\u00fcftung des Bootes, ohne dass Insekten und M\u00fccken eindringen. H\u00e4ngen Sie einfach den Vorhang \u00fcber den Decksaufgang und sichern Sie die Oberseite mit Seilen. Ein schweres Saumband h\u00e4lt das Netz an Ort und Stelle. Erm\u00f6glicht einen einfachen Zugang, indem Sie das Saumband anheben und es loslassen, nachdem Sie ins Cockpit hinein- und herausgegangen sind.<\/p>\n","protected":false},"excerpt":{"rendered":"<p>Abdeckung f\u00fcr Leitern 90 x 180 cm &#8211; Verdunkelungsvorhang \/ -jalousie f\u00fcr den Decksaufgang. Erm\u00f6glicht die Bel\u00fcftung des Bootes, ohne<\/p>\n","protected":false},"featured_media":5944045,"comment_status":"open","ping_status":"closed","template":"","meta":[],"product_brand":[3175],"product_cat":[1479],"product_tag":[],"class_list":{"0":"post-735952","1":"product","2":"type-product","3":"status-publish","4":"has-post-thumbnail","6":"product_brand-navishell-de","7":"product_cat-abdeckungen-und-schutzhuellen","9":"first","10":"instock","11":"shipping-taxable","12":"purchasable","13":"product-type-simple"},"_links":{"self":[{"href":"https:\/\/stoic-curie.212-227-153-4.plesk.page\/de\/wp-json\/wp\/v2\/product\/735952","targetHints":{"allow":["GET"]}}],"collection":[{"href":"https:\/\/stoic-curie.212-227-153-4.plesk.page\/de\/wp-json\/wp\/v2\/product"}],"about":[{"href":"https:\/\/stoic-curie.212-227-153-4.plesk.page\/de\/wp-json\/wp\/v2\/types\/product"}],"replies":[{"embeddable":true,"href":"https:\/\/stoic-curie.212-227-153-4.plesk.page\/de\/wp-json\/wp\/v2\/comments?post=735952"}],"version-history":[{"count":0,"href":"https:\/\/stoic-curie.212-227-153-4.plesk.page\/de\/wp-json\/wp\/v2\/product\/735952\/revisions"}],"wp:featuredmedia":[{"embeddable":true,"href":"https:\/\/stoic-curie.212-227-153-4.plesk.page\/de\/wp-json\/wp\/v2\/media\/5944045"}],"wp:attachment":[{"href":"https:\/\/stoic-curie.212-227-153-4.plesk.page\/de\/wp-json\/wp\/v2\/media?parent=735952"}],"wp:term":[{"taxonomy":"product_brand","embeddable":true,"href":"https:\/\/stoic-curie.212-227-153-4.plesk.page\/de\/wp-json\/wp\/v2\/product_brand?post=735952"},{"taxonomy":"product_cat","embeddable":true,"href":"https:\/\/stoic-curie.212-227-153-4.plesk.page\/de\/wp-json\/wp\/v2\/product_cat?post=735952"},{"taxonomy":"product_tag","embeddable":true,"href":"https:\/\/stoic-curie.212-227-153-4.plesk.page\/de\/wp-json\/wp\/v2\/product_tag?post=735952"}],"curies":[{"name":"wp","href":"https:\/\/api.w.org\/{rel}","templated":true}]}}