{"id":735964,"date":"2025-03-03T16:29:54","date_gmt":"2025-03-03T15:29:54","guid":{"rendered":"https:\/\/stoic-curie.212-227-153-4.plesk.page\/producto\/hydrauliklenkzylinder-ultraflex-uc130-svs-1\/"},"modified":"2026-02-24T23:35:04","modified_gmt":"2026-02-24T23:35:04","slug":"hydrauliklenkzylinder-ultraflex-uc130-svs-1","status":"publish","type":"product","link":"https:\/\/stoic-curie.212-227-153-4.plesk.page\/de\/product\/hydrauliklenkzylinder-ultraflex-uc130-svs-1\/","title":{"rendered":"Hydrauliklenkzylinder Ultraflex UC130 &#8211; SVS\/1"},"content":{"rendered":"<p>Hydrauliklenkzylinder Ultraflex UC130 &#8211; SVS\/1 &#8211; <\/p>\n<p style=\"color: rgb(34, 34, 34); font-family: Arial, Helvetica, sans-serif; font-size: small;\">Der SilverSteer\u2122 UC130-SVS-1 Zylinder ist sorgf\u00e4ltig f\u00fcr Anwendungen mit hoher Pferdest\u00e4rke konzipiert, einschlie\u00dflich Bassbooten und Booten, die in Angeltunieren eingesetzt werden. Der UC130-SVS wurde entwickelt, um eine ausgewogene Steuerung zu gew\u00e4hrleisten, sodass eine gleiche Anzahl von Lenkradumdrehungen von links nach rechts erfolgt.<\/p>\n<p style=\"color: rgb(34, 34, 34); font-family: Arial, Helvetica, sans-serif; font-size: small;\"><strong>Hauptmerkmale:<\/strong><\/p>\n<ul style=\"color: rgb(34, 34, 34); font-family: Arial, Helvetica, sans-serif; font-size: small;\">\n<li>Seitenanschl\u00fcsse erleichtern die Installation<\/li>\n<li>Pulsierender Verbindungsschraube aus Edelstahl (ULTRABOLT)<\/li>\n<li>Abnehmbare Endkappen f\u00fcr den Zylinder<\/li>\n<li>Speziell konzipiert f\u00fcr Anwendungen mit hoher Pferdest\u00e4rke, Bassboote und Angeltuniere<\/li>\n<li>Ausgestattet mit einem schweren Cylinderrohr aus Edelstahl, Dichtungen und Verbindungsteilen<\/li>\n<li>Einfach zu installieren und kompatibel mit nahezu allen 2- und 4-Takt Aussenbordmotoren. Bitte konsultieren Sie den Anwendungsleitfaden, um den geeigneten Zylinder (UC130-SVS\/1, UC130-SVS\/2 oder UC130-SVS\/3) f\u00fcr Ihre spezifischen Anforderungen auszuw\u00e4hlen.<\/li>\n<li>F\u00fcr Konfigurationen mit zwei UC130-SVS Zylindern ist es erforderlich, einen Standard UC130-SVS Zylinder (mit dem Verbindungsarm auf der Steuerbordseite) und einen Port UC130P-SVS Zylinder (mit dem Verbindungsarm auf der Backbordseite) zu erwerben. Eine A95 Verbindungstange ist f\u00fcr Anwendungen mit zwei Motoren und zwei Zylindern erforderlich.<\/li>\n<\/ul>\n<p style=\"color: rgb(34, 34, 34); font-family: Arial, Helvetica, sans-serif; font-size: small;\"><strong>Anwendungsgrenze:<\/strong><\/p>\n<p style=\"color: rgb(34, 34, 34); font-family: Arial, Helvetica, sans-serif; font-size: small;\">Der UC130-SVS Frontmontagezylinder wird nicht empfohlen f\u00fcr Installationen, bei denen die Bootsgeschwindigkeit 69 mph (60 Knoten) oder 75 mph (65 Knoten) f\u00fcr Setups mit zwei Motoren, zwei Zylindern und gegenl\u00e4ufigen Motoren \u00fcberschreitet. Dieser Zylinder ist nicht f\u00fcr Renneins\u00e4tze vorgesehen.<\/p>\n<p style=\"color: rgb(34, 34, 34); font-family: Arial, Helvetica, sans-serif; font-size: small;\"><strong>Spezifikationen:<\/strong><\/p>\n<ul style=\"color: rgb(34, 34, 34); font-family: Arial, Helvetica, sans-serif; font-size: small;\">\n<li>Geeignet f\u00fcr Aussenbordmotoranwendungen bis zu 350 PS<\/li>\n<li>Ausgewogenes Design: gleiche Lenkradumdrehungen von Anschlag zu Anschlag<\/li>\n<li>Verstellbare bossartige Anschl\u00fcsse f\u00fcr eine unkomplizierte Installation<\/li>\n<li>Aus hochwertigen Materialien f\u00fcr dauerhafte Haltbarkeit konstruiert<\/li>\n<li>Kompatibel mit den meisten 2- und 4-Takt Aussenbordmotoren, die auf dem Markt erh\u00e4ltlich sind<\/li>\n<\/ul>\n<p style=\"color: rgb(34, 34, 34); font-family: Arial, Helvetica, sans-serif; font-size: small;\"><strong>UC130-SVS SilverSteer Zylinder Spezifikationen:<\/strong><\/p>\n<ul style=\"color: rgb(34, 34, 34); font-family: Arial, Helvetica, sans-serif; font-size: small;\">\n<li>Volumen: 130 cc (7.93 cu. in)<\/li>\n<li>Ausgangskraft: 492 kg (1085 lbs)<\/li>\n<li>Innendurchmesser: 36 mm (1.42\u201c)<\/li>\n<li>Hub: 185 mm (7.28\u201c)<\/li>\n<li>Hochdruckflexschlauch: 3\/8\u201c (9.5 mm)<\/li>\n<li>Entl\u00fcftungsanschl\u00fcsse: DN5 Schnellanschluss<\/li>\n<\/ul>\n<p style=\"color: rgb(34, 34, 34); font-family: Arial, Helvetica, sans-serif; font-size: small;\"><strong>Motor Kompatibilit\u00e4t:<\/strong><\/p>\n<ul style=\"color: rgb(34, 34, 34); font-family: Arial, Helvetica, sans-serif; font-size: small;\">\n<li><strong>Mercury\u00ae:<\/strong> Verschiedene Modelle von 115 bis 300 PS (1999 bis heute)<\/li>\n<li><strong>Evinrude\u00ae:<\/strong> Modelle von E115 bis E300 (1995 bis heute)<\/li>\n<li><strong>Yamaha\u00ae:<\/strong> Modelle von 115 bis 350 PS (1990 bis heute)<\/li>\n<li><strong>Honda\u00ae:<\/strong> Modelle von BF135 bis BF250 (2001 bis heute)<\/li>\n<li><strong>Suzuki\u00ae:<\/strong> Modelle von DF100 bis DF350 (2004 bis heute)<\/li>\n<li><strong>Tohatsu\u00ae:<\/strong> Modelle von 70 bis 140 PS (2004 bis heute)<\/li>\n<li><strong>Selva\u00ae:<\/strong> Verschiedene Modelle (1995 bis heute)<\/li>\n<li><strong>Johnson\u00ae:<\/strong> Modelle von BJ90 bis J225 (1995 bis 2007)<\/li>\n<li><strong>OXE\u00ae:<\/strong> 200PS Diesel (2018 bis heute)<\/li>\n<\/ul>\n<div style=\"color: rgb(34, 34, 34); font-family: Arial, Helvetica, sans-serif; font-size: small;\">\n<div dir=\"ltr\" class=\"gmail_signature\" data-smartmail=\"gmail_signature\"><\/div>\n<\/div>\n<p style=\"color: rgb(34, 34, 34); font-family: Arial, Helvetica, sans-serif; font-size: small; font-style: normal; font-variant-ligatures: normal; font-variant-caps: normal; font-weight: 400; letter-spacing: normal; orphans: 2; text-align: start; text-indent: 0px; text-transform: none; widows: 2; word-spacing: 0px; -webkit-text-stroke-width: 0px; white-space: normal; text-decoration-thickness: initial; text-decoration-style: initial; text-decoration-color: initial;\">F\u00fcr weitere Unterst\u00fctzung oder um die am besten geeignete Option f\u00fcr Ihre spezifische Anwendung zu bestimmen, z\u00f6gern Sie bitte nicht, unser Kundenserviceteam zu kontaktieren. Wir setzen uns daf\u00fcr ein, Ihre Zufriedenheit sicherzustellen und Ihnen zu helfen, die passenden Produkte f\u00fcr Ihre Bootsbed\u00fcrfnisse zu finden.<\/p>\n","protected":false},"excerpt":{"rendered":"<p>Hydrauliklenkzylinder Ultraflex UC130 &#8211; SVS\/1 &#8211; Der SilverSteer\u2122 UC130-SVS-1 Zylinder ist sorgf\u00e4ltig f\u00fcr Anwendungen mit hoher Pferdest\u00e4rke konzipiert, einschlie\u00dflich Bassbooten<\/p>\n","protected":false},"featured_media":5944075,"comment_status":"open","ping_status":"closed","template":"","meta":[],"product_brand":[3500],"product_cat":[1536],"product_tag":[],"class_list":{"0":"post-735964","1":"product","2":"type-product","3":"status-publish","4":"has-post-thumbnail","6":"product_brand-ultraflex-uflex-de","7":"product_cat-hydraulische-lenkung","9":"first","10":"instock","11":"shipping-taxable","12":"purchasable","13":"product-type-simple"},"_links":{"self":[{"href":"https:\/\/stoic-curie.212-227-153-4.plesk.page\/de\/wp-json\/wp\/v2\/product\/735964","targetHints":{"allow":["GET"]}}],"collection":[{"href":"https:\/\/stoic-curie.212-227-153-4.plesk.page\/de\/wp-json\/wp\/v2\/product"}],"about":[{"href":"https:\/\/stoic-curie.212-227-153-4.plesk.page\/de\/wp-json\/wp\/v2\/types\/product"}],"replies":[{"embeddable":true,"href":"https:\/\/stoic-curie.212-227-153-4.plesk.page\/de\/wp-json\/wp\/v2\/comments?post=735964"}],"version-history":[{"count":0,"href":"https:\/\/stoic-curie.212-227-153-4.plesk.page\/de\/wp-json\/wp\/v2\/product\/735964\/revisions"}],"wp:featuredmedia":[{"embeddable":true,"href":"https:\/\/stoic-curie.212-227-153-4.plesk.page\/de\/wp-json\/wp\/v2\/media\/5944075"}],"wp:attachment":[{"href":"https:\/\/stoic-curie.212-227-153-4.plesk.page\/de\/wp-json\/wp\/v2\/media?parent=735964"}],"wp:term":[{"taxonomy":"product_brand","embeddable":true,"href":"https:\/\/stoic-curie.212-227-153-4.plesk.page\/de\/wp-json\/wp\/v2\/product_brand?post=735964"},{"taxonomy":"product_cat","embeddable":true,"href":"https:\/\/stoic-curie.212-227-153-4.plesk.page\/de\/wp-json\/wp\/v2\/product_cat?post=735964"},{"taxonomy":"product_tag","embeddable":true,"href":"https:\/\/stoic-curie.212-227-153-4.plesk.page\/de\/wp-json\/wp\/v2\/product_tag?post=735964"}],"curies":[{"name":"wp","href":"https:\/\/api.w.org\/{rel}","templated":true}]}}