{"id":735965,"date":"2025-03-03T16:29:54","date_gmt":"2025-03-03T15:29:54","guid":{"rendered":"https:\/\/stoic-curie.212-227-153-4.plesk.page\/producto\/kit-zwei-hydraulikschlaeuche-ultraflex-silversteer-8-m\/"},"modified":"2026-02-24T23:35:04","modified_gmt":"2026-02-24T23:35:04","slug":"kit-zwei-hydraulikschlaeuche-ultraflex-silversteer-8-m","status":"publish","type":"product","link":"https:\/\/stoic-curie.212-227-153-4.plesk.page\/de\/product\/kit-zwei-hydraulikschlaeuche-ultraflex-silversteer-8-m\/","title":{"rendered":"Kit Zwei Hydraulikschl\u00e4uche Ultraflex SilverSteer 8 m"},"content":{"rendered":"<p>Kit Zwei Hydraulikschl\u00e4uche Ultraflex SilverSteer 8 m &#8211; <\/p>\n<p style=\"color: rgb(34, 34, 34); font-family: Arial, Helvetica, sans-serif; font-size: small;\">Das KIT OB-SVS von Ultraflex enth\u00e4lt zwei hochdruckflexible Schl\u00e4uche aus Kevlar, die mit vorgekrimpften Anschl\u00fcssen und Biegebegrenzer an beiden Enden ausgestattet sind. Diese Schl\u00e4uche sind f\u00fcr den Einsatz mit allen Ultraflex SilverSteer\u2122 und MasterDrive\u2122 Helme, die \u00fcber 1500 psi \u00dcberdruckventile verf\u00fcgen, empfohlen.<\/p>\n<p style=\"color: rgb(34, 34, 34); font-family: Arial, Helvetica, sans-serif; font-size: small;\">Verf\u00fcgbare L\u00e4ngen f\u00fcr das KIT OB-SVS sind wie folgt:<\/p>\n<ul style=\"color: rgb(34, 34, 34); font-family: Arial, Helvetica, sans-serif; font-size: small;\">\n<li>KIT OB-SVS-101: 1 m (3,3 Fu\u00df)<\/li>\n<li>KIT OB-SVS-151: 1,5 m (4,9 Fu\u00df)<\/li>\n<li>KIT OB-SVS-202: 2 m (6,6 Fu\u00df)<\/li>\n<li>KIT OB-SVS-252: 2,5 m (8,2 Fu\u00df)<\/li>\n<li>KIT OB-SVS-303: 3 m (9,8 Fu\u00df)<\/li>\n<li>KIT OB-SVS-353: 3,5 m (11,5 Fu\u00df)<\/li>\n<li>KIT OB-SVS-404: 4 m (13,1 Fu\u00df)<\/li>\n<li>KIT OB-SVS-454: 4,5 m (14,8 Fu\u00df)<\/li>\n<li>KIT OB-SVS-505: 5 m (16,4 Fu\u00df)<\/li>\n<li>KIT OB-SVS-555: 5,5 m (18 Fu\u00df)<\/li>\n<li>KIT OB-SVS-606: 6 m (19,7 Fu\u00df)<\/li>\n<li>KIT OB-SVS-656: 6,5 m (21,3 Fu\u00df)<\/li>\n<li>KIT OB-SVS-707: 7 m (22,9 Fu\u00df)<\/li>\n<li>KIT OB-SVS-757: 7,5 m (24,6 Fu\u00df)<\/li>\n<li>KIT OB-SVS-808: 8 m (26,3 Fu\u00df)<\/li>\n<\/ul>\n<p style=\"color: rgb(34, 34, 34); font-family: Arial, Helvetica, sans-serif; font-size: small;\">Die Ultraflex Silversteer Hydraulik-Kevlar-Steuerleitung ist speziell f\u00fcr Hochleistungslenksysteme in Booten konzipiert. Hergestellt aus Kevlar, einem Material, das f\u00fcr seine au\u00dfergew\u00f6hnliche St\u00e4rke bekannt ist (h\u00e4ufig in kugelsicheren Westen verwendet), kann diese Schlauchbaugruppe den extremen Druckverh\u00e4ltnissen in maritimen Umgebungen standhalten. Sie ist so konzipiert, dass sie Abnutzung widersteht und f\u00fcr Langlebigkeit gebaut ist, wodurch sichergestellt wird, dass Ihr Lenkungsystem \u00fcber viele Jahre reibungslos funktioniert.<\/p>\n<p style=\"color: rgb(34, 34, 34); font-family: Arial, Helvetica, sans-serif; font-size: small;\">Hauptmerkmale:<\/p>\n<ul style=\"color: rgb(34, 34, 34); font-family: Arial, Helvetica, sans-serif; font-size: small;\">\n<li><strong>Robustes Kevlar-Material<\/strong>: Die St\u00e4rke von Kevlar garantiert, dass der Schlauch hohen Druck aushalten und Abnutzung unter herausfordernden maritimen Bedingungen widerstehen kann.<\/li>\n<li><strong>Vorgefertigt f\u00fcr einfache Installation<\/strong>: Der Schlauch wird vollst\u00e4ndig montiert geliefert, was eine schnelle und unkomplizierte Installation ohne zus\u00e4tzliche Schritte erm\u00f6glicht.<\/li>\n<li><strong>Hochdruckbest\u00e4ndig<\/strong>: Entwickelt, um die erheblichen Dr\u00fccke im maritimen Lenkungssystem zu bew\u00e4ltigen, sorgt f\u00fcr zuverl\u00e4ssige Leistung, selbst unter anspruchsvollen Bedingungen.<\/li>\n<li><strong>Langlebige Haltbarkeit<\/strong>: Die au\u00dfergew\u00f6hnliche Haltbarkeit von Kevlar bedeutet, dass der Schlauch auch in den rigorosesten maritimen Umgebungen \u00fcber Jahre hinweg funktionsf\u00e4hig bleibt.<\/li>\n<\/ul>\n","protected":false},"excerpt":{"rendered":"<p>Kit Zwei Hydraulikschl\u00e4uche Ultraflex SilverSteer 8 m &#8211; Das KIT OB-SVS von Ultraflex enth\u00e4lt zwei hochdruckflexible Schl\u00e4uche aus Kevlar, die<\/p>\n","protected":false},"featured_media":5944076,"comment_status":"open","ping_status":"closed","template":"","meta":[],"product_brand":[3500],"product_cat":[1536],"product_tag":[],"class_list":{"0":"post-735965","1":"product","2":"type-product","3":"status-publish","4":"has-post-thumbnail","6":"product_brand-ultraflex-uflex-de","7":"product_cat-hydraulische-lenkung","9":"first","10":"instock","11":"shipping-taxable","12":"purchasable","13":"product-type-simple"},"_links":{"self":[{"href":"https:\/\/stoic-curie.212-227-153-4.plesk.page\/de\/wp-json\/wp\/v2\/product\/735965","targetHints":{"allow":["GET"]}}],"collection":[{"href":"https:\/\/stoic-curie.212-227-153-4.plesk.page\/de\/wp-json\/wp\/v2\/product"}],"about":[{"href":"https:\/\/stoic-curie.212-227-153-4.plesk.page\/de\/wp-json\/wp\/v2\/types\/product"}],"replies":[{"embeddable":true,"href":"https:\/\/stoic-curie.212-227-153-4.plesk.page\/de\/wp-json\/wp\/v2\/comments?post=735965"}],"version-history":[{"count":0,"href":"https:\/\/stoic-curie.212-227-153-4.plesk.page\/de\/wp-json\/wp\/v2\/product\/735965\/revisions"}],"wp:featuredmedia":[{"embeddable":true,"href":"https:\/\/stoic-curie.212-227-153-4.plesk.page\/de\/wp-json\/wp\/v2\/media\/5944076"}],"wp:attachment":[{"href":"https:\/\/stoic-curie.212-227-153-4.plesk.page\/de\/wp-json\/wp\/v2\/media?parent=735965"}],"wp:term":[{"taxonomy":"product_brand","embeddable":true,"href":"https:\/\/stoic-curie.212-227-153-4.plesk.page\/de\/wp-json\/wp\/v2\/product_brand?post=735965"},{"taxonomy":"product_cat","embeddable":true,"href":"https:\/\/stoic-curie.212-227-153-4.plesk.page\/de\/wp-json\/wp\/v2\/product_cat?post=735965"},{"taxonomy":"product_tag","embeddable":true,"href":"https:\/\/stoic-curie.212-227-153-4.plesk.page\/de\/wp-json\/wp\/v2\/product_tag?post=735965"}],"curies":[{"name":"wp","href":"https:\/\/api.w.org\/{rel}","templated":true}]}}