{"id":735971,"date":"2025-03-03T16:29:55","date_gmt":"2025-03-03T15:29:55","guid":{"rendered":"https:\/\/stoic-curie.212-227-153-4.plesk.page\/producto\/sirius-led-navigationslichter-weisser-koerper-gruene-birne-h95mm\/"},"modified":"2026-02-24T23:35:05","modified_gmt":"2026-02-24T23:35:05","slug":"sirius-led-navigationslichter-weisser-koerper-gruene-birne-h95mm","status":"publish","type":"product","link":"https:\/\/stoic-curie.212-227-153-4.plesk.page\/de\/product\/sirius-led-navigationslichter-weisser-koerper-gruene-birne-h95mm\/","title":{"rendered":"Sirius LED-Navigationslichter Wei\u00dfer K\u00f6rper Gr\u00fcne Birne H95mm"},"content":{"rendered":"<p>Sirius LED-Navigationslichter Wei\u00dfer K\u00f6rper Gr\u00fcne Birne H95mm &#8211; <\/p>\n<p>Verst\u00e4rkter Polycarbonat-Geh\u00e4use mit Navigation, 12\/24V LED-Lichtern. Entspricht den Anforderungen von CE\/COLREG 72\/ABYC\/USCG. Abmessungen: 82 x 63 x H95 mm.<\/p>\n","protected":false},"excerpt":{"rendered":"<p>Sirius LED-Navigationslichter Wei\u00dfer K\u00f6rper Gr\u00fcne Birne H95mm &#8211; Verst\u00e4rkter Polycarbonat-Geh\u00e4use mit Navigation, 12\/24V LED-Lichtern. Entspricht den Anforderungen von CE\/COLREG 72\/ABYC\/USCG.<\/p>\n","protected":false},"featured_media":3006412,"comment_status":"open","ping_status":"closed","template":"","meta":[],"product_brand":[3235,2166],"product_cat":[1449],"product_tag":[],"class_list":{"0":"post-735971","1":"product","2":"type-product","3":"status-publish","4":"has-post-thumbnail","6":"product_brand-osculati-de","7":"product_brand-osculati","8":"product_cat-led-navigationslichter","10":"first","11":"instock","12":"shipping-taxable","13":"purchasable","14":"product-type-simple"},"_links":{"self":[{"href":"https:\/\/stoic-curie.212-227-153-4.plesk.page\/de\/wp-json\/wp\/v2\/product\/735971","targetHints":{"allow":["GET"]}}],"collection":[{"href":"https:\/\/stoic-curie.212-227-153-4.plesk.page\/de\/wp-json\/wp\/v2\/product"}],"about":[{"href":"https:\/\/stoic-curie.212-227-153-4.plesk.page\/de\/wp-json\/wp\/v2\/types\/product"}],"replies":[{"embeddable":true,"href":"https:\/\/stoic-curie.212-227-153-4.plesk.page\/de\/wp-json\/wp\/v2\/comments?post=735971"}],"version-history":[{"count":0,"href":"https:\/\/stoic-curie.212-227-153-4.plesk.page\/de\/wp-json\/wp\/v2\/product\/735971\/revisions"}],"wp:featuredmedia":[{"embeddable":true,"href":"https:\/\/stoic-curie.212-227-153-4.plesk.page\/de\/wp-json\/"}],"wp:attachment":[{"href":"https:\/\/stoic-curie.212-227-153-4.plesk.page\/de\/wp-json\/wp\/v2\/media?parent=735971"}],"wp:term":[{"taxonomy":"product_brand","embeddable":true,"href":"https:\/\/stoic-curie.212-227-153-4.plesk.page\/de\/wp-json\/wp\/v2\/product_brand?post=735971"},{"taxonomy":"product_cat","embeddable":true,"href":"https:\/\/stoic-curie.212-227-153-4.plesk.page\/de\/wp-json\/wp\/v2\/product_cat?post=735971"},{"taxonomy":"product_tag","embeddable":true,"href":"https:\/\/stoic-curie.212-227-153-4.plesk.page\/de\/wp-json\/wp\/v2\/product_tag?post=735971"}],"curies":[{"name":"wp","href":"https:\/\/api.w.org\/{rel}","templated":true}]}}