{"id":735977,"date":"2025-03-03T16:29:56","date_gmt":"2025-03-03T15:29:56","guid":{"rendered":"https:\/\/stoic-curie.212-227-153-4.plesk.page\/producto\/led-navigationslicht-sirius-225o-weiss-h63-mm-mit-schwarzer-box\/"},"modified":"2026-02-24T23:35:05","modified_gmt":"2026-02-24T23:35:05","slug":"led-navigationslicht-sirius-225o-weiss-h63-mm-mit-schwarzer-box","status":"publish","type":"product","link":"https:\/\/stoic-curie.212-227-153-4.plesk.page\/de\/product\/led-navigationslicht-sirius-225o-weiss-h63-mm-mit-schwarzer-box\/","title":{"rendered":"LED-Navigationslicht Sirius 225\u00ba Wei\u00df H63 mm mit schwarzer Box"},"content":{"rendered":"<p>LED-Navigationslicht Sirius 225\u00ba Wei\u00df H63 mm mit schwarzer Box &#8211; <\/p>\n<p>Verst\u00e4rkter Polycarbonat-Geh\u00e4use-Navigation 12\/24V LED-Lichter. Entspricht den Anforderungen von CE\/COLREG 72\/ABYC\/USCG. Abmessungen: 82 x 63 x H95 mm.<\/p>\n","protected":false},"excerpt":{"rendered":"<p>LED-Navigationslicht Sirius 225\u00ba Wei\u00df H63 mm mit schwarzer Box &#8211; Verst\u00e4rkter Polycarbonat-Geh\u00e4use-Navigation 12\/24V LED-Lichter. Entspricht den Anforderungen von CE\/COLREG 72\/ABYC\/USCG.<\/p>\n","protected":false},"featured_media":3006484,"comment_status":"open","ping_status":"closed","template":"","meta":[],"product_brand":[2166,3235],"product_cat":[1449],"product_tag":[],"class_list":{"0":"post-735977","1":"product","2":"type-product","3":"status-publish","4":"has-post-thumbnail","6":"product_brand-osculati","7":"product_brand-osculati-de","8":"product_cat-led-navigationslichter","10":"first","11":"instock","12":"shipping-taxable","13":"purchasable","14":"product-type-simple"},"_links":{"self":[{"href":"https:\/\/stoic-curie.212-227-153-4.plesk.page\/de\/wp-json\/wp\/v2\/product\/735977","targetHints":{"allow":["GET"]}}],"collection":[{"href":"https:\/\/stoic-curie.212-227-153-4.plesk.page\/de\/wp-json\/wp\/v2\/product"}],"about":[{"href":"https:\/\/stoic-curie.212-227-153-4.plesk.page\/de\/wp-json\/wp\/v2\/types\/product"}],"replies":[{"embeddable":true,"href":"https:\/\/stoic-curie.212-227-153-4.plesk.page\/de\/wp-json\/wp\/v2\/comments?post=735977"}],"version-history":[{"count":0,"href":"https:\/\/stoic-curie.212-227-153-4.plesk.page\/de\/wp-json\/wp\/v2\/product\/735977\/revisions"}],"wp:featuredmedia":[{"embeddable":true,"href":"https:\/\/stoic-curie.212-227-153-4.plesk.page\/de\/wp-json\/"}],"wp:attachment":[{"href":"https:\/\/stoic-curie.212-227-153-4.plesk.page\/de\/wp-json\/wp\/v2\/media?parent=735977"}],"wp:term":[{"taxonomy":"product_brand","embeddable":true,"href":"https:\/\/stoic-curie.212-227-153-4.plesk.page\/de\/wp-json\/wp\/v2\/product_brand?post=735977"},{"taxonomy":"product_cat","embeddable":true,"href":"https:\/\/stoic-curie.212-227-153-4.plesk.page\/de\/wp-json\/wp\/v2\/product_cat?post=735977"},{"taxonomy":"product_tag","embeddable":true,"href":"https:\/\/stoic-curie.212-227-153-4.plesk.page\/de\/wp-json\/wp\/v2\/product_tag?post=735977"}],"curies":[{"name":"wp","href":"https:\/\/api.w.org\/{rel}","templated":true}]}}