{"id":735985,"date":"2025-03-03T16:29:58","date_gmt":"2025-03-03T15:29:58","guid":{"rendered":"https:\/\/stoic-curie.212-227-153-4.plesk.page\/producto\/3m-perfect-it-gelcoat-schwerepolitur-1-liter\/"},"modified":"2026-02-24T23:35:05","modified_gmt":"2026-02-24T23:35:05","slug":"3m-perfect-it-gelcoat-schwerepolitur-1-liter","status":"publish","type":"product","link":"https:\/\/stoic-curie.212-227-153-4.plesk.page\/de\/product\/3m-perfect-it-gelcoat-schwerepolitur-1-liter\/","title":{"rendered":"3M Perfect-it Gelcoat-Schwerepolitur 1 Liter"},"content":{"rendered":"<p>3M Perfect-it Gelcoat-Schwerepolitur 1 Liter &#8211; <\/p>\n<p>3M Perfect-it Heavy Polish mit niedrigem VOC-Gehalt, speziell f\u00fcr Gelcoat und Fiberglas. Ideal f\u00fcr stark oxidierte Oberfl\u00e4chen; trocknet nicht aus und erleichtert und beschleunigt den Prozess.<\/p>\n","protected":false},"excerpt":{"rendered":"<p>3M Perfect-it Gelcoat-Schwerepolitur 1 Liter &#8211; 3M Perfect-it Heavy Polish mit niedrigem VOC-Gehalt, speziell f\u00fcr Gelcoat und Fiberglas. Ideal f\u00fcr<\/p>\n","protected":false},"featured_media":5944092,"comment_status":"open","ping_status":"closed","template":"","meta":[],"product_brand":[2770],"product_cat":[1341,1339],"product_tag":[],"class_list":{"0":"post-735985","1":"product","2":"type-product","3":"status-publish","4":"has-post-thumbnail","6":"product_brand-3m-marine-de","7":"product_cat-produkte-zur-reinigung","8":"product_cat-produkte-zur-wartung","10":"first","11":"instock","12":"shipping-taxable","13":"purchasable","14":"product-type-simple"},"_links":{"self":[{"href":"https:\/\/stoic-curie.212-227-153-4.plesk.page\/de\/wp-json\/wp\/v2\/product\/735985","targetHints":{"allow":["GET"]}}],"collection":[{"href":"https:\/\/stoic-curie.212-227-153-4.plesk.page\/de\/wp-json\/wp\/v2\/product"}],"about":[{"href":"https:\/\/stoic-curie.212-227-153-4.plesk.page\/de\/wp-json\/wp\/v2\/types\/product"}],"replies":[{"embeddable":true,"href":"https:\/\/stoic-curie.212-227-153-4.plesk.page\/de\/wp-json\/wp\/v2\/comments?post=735985"}],"version-history":[{"count":0,"href":"https:\/\/stoic-curie.212-227-153-4.plesk.page\/de\/wp-json\/wp\/v2\/product\/735985\/revisions"}],"wp:featuredmedia":[{"embeddable":true,"href":"https:\/\/stoic-curie.212-227-153-4.plesk.page\/de\/wp-json\/wp\/v2\/media\/5944092"}],"wp:attachment":[{"href":"https:\/\/stoic-curie.212-227-153-4.plesk.page\/de\/wp-json\/wp\/v2\/media?parent=735985"}],"wp:term":[{"taxonomy":"product_brand","embeddable":true,"href":"https:\/\/stoic-curie.212-227-153-4.plesk.page\/de\/wp-json\/wp\/v2\/product_brand?post=735985"},{"taxonomy":"product_cat","embeddable":true,"href":"https:\/\/stoic-curie.212-227-153-4.plesk.page\/de\/wp-json\/wp\/v2\/product_cat?post=735985"},{"taxonomy":"product_tag","embeddable":true,"href":"https:\/\/stoic-curie.212-227-153-4.plesk.page\/de\/wp-json\/wp\/v2\/product_tag?post=735985"}],"curies":[{"name":"wp","href":"https:\/\/api.w.org\/{rel}","templated":true}]}}