{"id":735986,"date":"2025-03-03T16:29:58","date_gmt":"2025-03-03T15:29:58","guid":{"rendered":"https:\/\/stoic-curie.212-227-153-4.plesk.page\/producto\/3m-perfect-it-mittelpolitur-und-wachs-946-ml\/"},"modified":"2026-02-24T23:35:05","modified_gmt":"2026-02-24T23:35:05","slug":"3m-perfect-it-mittelpolitur-und-wachs-946-ml","status":"publish","type":"product","link":"https:\/\/stoic-curie.212-227-153-4.plesk.page\/de\/product\/3m-perfect-it-mittelpolitur-und-wachs-946-ml\/","title":{"rendered":"3M Perfect-it Mittelpolitur und Wachs 946 ml"},"content":{"rendered":"<p>3M Perfect-it Mittelpolitur und Wachs 946 ml &#8211; <\/p>\n<p>Niedriger VOC-Gehalt 3M Perfect-it Medium Politur und Wachs, speziell f\u00fcr Gelcoat und Fiberglas. Ideal f\u00fcr mittelgradig oxidierte Oberfl\u00e4chen, wenn nur ein Produkt ben\u00f6tigt wird, ohne dass weitere Schritte erforderlich sind.<\/p>\n","protected":false},"excerpt":{"rendered":"<p>3M Perfect-it Mittelpolitur und Wachs 946 ml &#8211; Niedriger VOC-Gehalt 3M Perfect-it Medium Politur und Wachs, speziell f\u00fcr Gelcoat und<\/p>\n","protected":false},"featured_media":5944093,"comment_status":"open","ping_status":"closed","template":"","meta":[],"product_brand":[2770],"product_cat":[1341,1339],"product_tag":[],"class_list":{"0":"post-735986","1":"product","2":"type-product","3":"status-publish","4":"has-post-thumbnail","6":"product_brand-3m-marine-de","7":"product_cat-produkte-zur-reinigung","8":"product_cat-produkte-zur-wartung","10":"first","11":"instock","12":"shipping-taxable","13":"purchasable","14":"product-type-simple"},"_links":{"self":[{"href":"https:\/\/stoic-curie.212-227-153-4.plesk.page\/de\/wp-json\/wp\/v2\/product\/735986","targetHints":{"allow":["GET"]}}],"collection":[{"href":"https:\/\/stoic-curie.212-227-153-4.plesk.page\/de\/wp-json\/wp\/v2\/product"}],"about":[{"href":"https:\/\/stoic-curie.212-227-153-4.plesk.page\/de\/wp-json\/wp\/v2\/types\/product"}],"replies":[{"embeddable":true,"href":"https:\/\/stoic-curie.212-227-153-4.plesk.page\/de\/wp-json\/wp\/v2\/comments?post=735986"}],"version-history":[{"count":0,"href":"https:\/\/stoic-curie.212-227-153-4.plesk.page\/de\/wp-json\/wp\/v2\/product\/735986\/revisions"}],"wp:featuredmedia":[{"embeddable":true,"href":"https:\/\/stoic-curie.212-227-153-4.plesk.page\/de\/wp-json\/wp\/v2\/media\/5944093"}],"wp:attachment":[{"href":"https:\/\/stoic-curie.212-227-153-4.plesk.page\/de\/wp-json\/wp\/v2\/media?parent=735986"}],"wp:term":[{"taxonomy":"product_brand","embeddable":true,"href":"https:\/\/stoic-curie.212-227-153-4.plesk.page\/de\/wp-json\/wp\/v2\/product_brand?post=735986"},{"taxonomy":"product_cat","embeddable":true,"href":"https:\/\/stoic-curie.212-227-153-4.plesk.page\/de\/wp-json\/wp\/v2\/product_cat?post=735986"},{"taxonomy":"product_tag","embeddable":true,"href":"https:\/\/stoic-curie.212-227-153-4.plesk.page\/de\/wp-json\/wp\/v2\/product_tag?post=735986"}],"curies":[{"name":"wp","href":"https:\/\/api.w.org\/{rel}","templated":true}]}}