{"id":735990,"date":"2025-03-03T16:29:59","date_gmt":"2025-03-03T15:29:59","guid":{"rendered":"https:\/\/stoic-curie.212-227-153-4.plesk.page\/producto\/selbstklebende-antirutschstreifen-3m-safety-walk-25-mm-x-18-m-weiss\/"},"modified":"2026-02-24T23:35:05","modified_gmt":"2026-02-24T23:35:05","slug":"selbstklebende-antirutschstreifen-3m-safety-walk-25-mm-x-18-m-weiss","status":"publish","type":"product","link":"https:\/\/stoic-curie.212-227-153-4.plesk.page\/de\/product\/selbstklebende-antirutschstreifen-3m-safety-walk-25-mm-x-18-m-weiss\/","title":{"rendered":"Selbstklebende Antirutschstreifen &#8220;3M Safety-Walk&#8221; 25 mm x 18 m Wei\u00df"},"content":{"rendered":"<p>Selbstklebende Antirutschstreifen &#8220;3M Safety-Walk&#8221; 25 mm x 18 m Wei\u00df &#8211; <\/p>\n<p>3M Safety-Walk rutschfeste selbstklebende Streifen. Komfortabel und hygienisch, ideal f\u00fcr alle Gehbereiche. Hergestellt aus feinstrukturierten Harzk\u00fcgelchen auf einem robusten Polyester-Tr\u00e4ger.<\/p>\n","protected":false},"excerpt":{"rendered":"<p>Selbstklebende Antirutschstreifen &#8220;3M Safety-Walk&#8221; 25 mm x 18 m Wei\u00df &#8211; 3M Safety-Walk rutschfeste selbstklebende Streifen. Komfortabel und hygienisch, ideal<\/p>\n","protected":false},"featured_media":5944097,"comment_status":"open","ping_status":"closed","template":"","meta":[],"product_brand":[2770],"product_cat":[1342],"product_tag":[],"class_list":{"0":"post-735990","1":"product","2":"type-product","3":"status-publish","4":"has-post-thumbnail","6":"product_brand-3m-marine-de","7":"product_cat-anti-rutsch-band-und-rutschfeste-boeden","9":"first","10":"instock","11":"shipping-taxable","12":"purchasable","13":"product-type-simple"},"_links":{"self":[{"href":"https:\/\/stoic-curie.212-227-153-4.plesk.page\/de\/wp-json\/wp\/v2\/product\/735990","targetHints":{"allow":["GET"]}}],"collection":[{"href":"https:\/\/stoic-curie.212-227-153-4.plesk.page\/de\/wp-json\/wp\/v2\/product"}],"about":[{"href":"https:\/\/stoic-curie.212-227-153-4.plesk.page\/de\/wp-json\/wp\/v2\/types\/product"}],"replies":[{"embeddable":true,"href":"https:\/\/stoic-curie.212-227-153-4.plesk.page\/de\/wp-json\/wp\/v2\/comments?post=735990"}],"version-history":[{"count":0,"href":"https:\/\/stoic-curie.212-227-153-4.plesk.page\/de\/wp-json\/wp\/v2\/product\/735990\/revisions"}],"wp:featuredmedia":[{"embeddable":true,"href":"https:\/\/stoic-curie.212-227-153-4.plesk.page\/de\/wp-json\/wp\/v2\/media\/5944097"}],"wp:attachment":[{"href":"https:\/\/stoic-curie.212-227-153-4.plesk.page\/de\/wp-json\/wp\/v2\/media?parent=735990"}],"wp:term":[{"taxonomy":"product_brand","embeddable":true,"href":"https:\/\/stoic-curie.212-227-153-4.plesk.page\/de\/wp-json\/wp\/v2\/product_brand?post=735990"},{"taxonomy":"product_cat","embeddable":true,"href":"https:\/\/stoic-curie.212-227-153-4.plesk.page\/de\/wp-json\/wp\/v2\/product_cat?post=735990"},{"taxonomy":"product_tag","embeddable":true,"href":"https:\/\/stoic-curie.212-227-153-4.plesk.page\/de\/wp-json\/wp\/v2\/product_tag?post=735990"}],"curies":[{"name":"wp","href":"https:\/\/api.w.org\/{rel}","templated":true}]}}