{"id":735994,"date":"2025-03-03T16:30:00","date_gmt":"2025-03-03T15:30:00","guid":{"rendered":"https:\/\/stoic-curie.212-227-153-4.plesk.page\/producto\/klettband-3m-dual-lock-25mm-x-5m-schwarz\/"},"modified":"2026-02-24T23:35:05","modified_gmt":"2026-02-24T23:35:05","slug":"klettband-3m-dual-lock-25mm-x-5m-schwarz","status":"publish","type":"product","link":"https:\/\/stoic-curie.212-227-153-4.plesk.page\/de\/product\/klettband-3m-dual-lock-25mm-x-5m-schwarz\/","title":{"rendered":"Klettband 3m Dual Lock 25mm x 5m Schwarz"},"content":{"rendered":"<p>Klettband 3m Dual Lock 25mm x 5m Schwarz &#8211; <\/p>\n<p>3M Dual Lock selbstklebendes, wiederverwendbares Befestigungssystem mit VHB-Acrylickleber. Im Gegensatz zu Klettverschluss h\u00e4lt es Tausenden von \u00d6ffnungen stand und bietet eine \u00fcberlegene Haltekraft. Ideal f\u00fcr Abdeckungen, Biminis, Stoffe, Verschl\u00fcsse, Thermotaschen usw.<\/p>\n","protected":false},"excerpt":{"rendered":"<p>Klettband 3m Dual Lock 25mm x 5m Schwarz &#8211; 3M Dual Lock selbstklebendes, wiederverwendbares Befestigungssystem mit VHB-Acrylickleber. Im Gegensatz zu<\/p>\n","protected":false},"featured_media":5944115,"comment_status":"open","ping_status":"closed","template":"","meta":[],"product_brand":[2770],"product_cat":[1340],"product_tag":[],"class_list":{"0":"post-735994","1":"product","2":"type-product","3":"status-publish","4":"has-post-thumbnail","6":"product_brand-3m-marine-de","7":"product_cat-reparaturbaender","9":"first","10":"instock","11":"shipping-taxable","12":"purchasable","13":"product-type-simple"},"_links":{"self":[{"href":"https:\/\/stoic-curie.212-227-153-4.plesk.page\/de\/wp-json\/wp\/v2\/product\/735994","targetHints":{"allow":["GET"]}}],"collection":[{"href":"https:\/\/stoic-curie.212-227-153-4.plesk.page\/de\/wp-json\/wp\/v2\/product"}],"about":[{"href":"https:\/\/stoic-curie.212-227-153-4.plesk.page\/de\/wp-json\/wp\/v2\/types\/product"}],"replies":[{"embeddable":true,"href":"https:\/\/stoic-curie.212-227-153-4.plesk.page\/de\/wp-json\/wp\/v2\/comments?post=735994"}],"version-history":[{"count":0,"href":"https:\/\/stoic-curie.212-227-153-4.plesk.page\/de\/wp-json\/wp\/v2\/product\/735994\/revisions"}],"wp:featuredmedia":[{"embeddable":true,"href":"https:\/\/stoic-curie.212-227-153-4.plesk.page\/de\/wp-json\/wp\/v2\/media\/5944115"}],"wp:attachment":[{"href":"https:\/\/stoic-curie.212-227-153-4.plesk.page\/de\/wp-json\/wp\/v2\/media?parent=735994"}],"wp:term":[{"taxonomy":"product_brand","embeddable":true,"href":"https:\/\/stoic-curie.212-227-153-4.plesk.page\/de\/wp-json\/wp\/v2\/product_brand?post=735994"},{"taxonomy":"product_cat","embeddable":true,"href":"https:\/\/stoic-curie.212-227-153-4.plesk.page\/de\/wp-json\/wp\/v2\/product_cat?post=735994"},{"taxonomy":"product_tag","embeddable":true,"href":"https:\/\/stoic-curie.212-227-153-4.plesk.page\/de\/wp-json\/wp\/v2\/product_tag?post=735994"}],"curies":[{"name":"wp","href":"https:\/\/api.w.org\/{rel}","templated":true}]}}