{"id":735999,"date":"2025-03-03T16:30:01","date_gmt":"2025-03-03T15:30:01","guid":{"rendered":"https:\/\/stoic-curie.212-227-153-4.plesk.page\/producto\/anlegedaempfer-sidermarine-mpp-k-20-bis-90-tonnen\/"},"modified":"2026-02-24T23:35:05","modified_gmt":"2026-02-24T23:35:05","slug":"anlegedaempfer-sidermarine-mpp-k-20-bis-90-tonnen","status":"publish","type":"product","link":"https:\/\/stoic-curie.212-227-153-4.plesk.page\/de\/product\/anlegedaempfer-sidermarine-mpp-k-20-bis-90-tonnen\/","title":{"rendered":"SiderMarine MK55 Hybrid f\u00fcr 30 bis 90 Tonnen"},"content":{"rendered":"<p>SiderMarine MK55 Hybrid f\u00fcr 30 bis 90 Tonnen &#8211; <\/p>\n<p style=\"color: rgb(34, 34, 34); font-family: Arial, Helvetica, sans-serif; font-size: small;\">Wir pr\u00e4sentieren die MK 55 Hybrid-Moorfeder, die f\u00fcr Boote mit einem Gewicht von 30 bis 90 Tonnen konzipiert ist. Diese innovative Feder verf\u00fcgt \u00fcber zylindrische Elastomere, die ihre tr\u00e4ge Last erh\u00f6hen und eine progressive Kraft bieten.<\/p>\n<p style=\"color: rgb(34, 34, 34); font-family: Arial, Helvetica, sans-serif; font-size: small;\">Hauptmerkmale:<\/p>\n<ul style=\"color: rgb(34, 34, 34); font-family: Arial, Helvetica, sans-serif; font-size: small;\">\n<li>Progressive D\u00e4mpfungskraft<\/li>\n<li>Ger\u00e4uschloser Betrieb und Spannungsresistenz<\/li>\n<li>Innenteile aus 316 Edelstahl, ohne Schwei\u00dfn\u00e4hte<\/li>\n<li>Funktioniert effektiv im Temperaturbereich von -20\u00b0 bis +80\u00b0<\/li>\n<\/ul>\n<p style=\"color: rgb(34, 34, 34); font-family: Arial, Helvetica, sans-serif; font-size: small;\">Die patentierten MK Hybrid-D\u00e4mpfer nutzen Elastomere mit hoher tr\u00e4ger Last. In Kombination mit der Feder \u2013 ob es sich um eine zentrale Feder oder die vier an jedem Ende handelt \u2013 verbessern diese Elastomere die F\u00e4higkeit des Systems, erheblichen Belastungen standzuhalten. Dieses Design erm\u00f6glicht eine progressive Bewegung, die sich an die Bewegung des Bootes anpasst.<\/p>\n<p style=\"color: rgb(34, 34, 34); font-family: Arial, Helvetica, sans-serif; font-size: small;\">Moorfedern sind entscheidend, um die Spannung in den Moorriegeln zu reduzieren. Sie sind die einzige effektive L\u00f6sung zur Minimierung der Schwingungen eines Bootes w\u00e4hrend des Anlegens, was durch die ordnungsgem\u00e4\u00dfe D\u00e4mpfung der Spannungen in den Leinen Sicherheit gew\u00e4hrleistet. Dadurch werden die Kr\u00e4fte, die auf die Heckpoller wirken, erheblich verringert, was eine stabilere und angenehmere Umgebung f\u00fcr die Benutzer schafft.<\/p>\n<p style=\"color: rgb(34, 34, 34); font-family: Arial, Helvetica, sans-serif; font-size: small;\">Spezifikationen:<\/p>\n<ul style=\"color: rgb(34, 34, 34); font-family: Arial, Helvetica, sans-serif; font-size: small;\">\n<li>Abmessungen: 108 x 474 mm (4,25 x 1,66 Zoll)<\/li>\n<li>Gewicht: 5,40 kg (11,91 lbs)<\/li>\n<li>Geeignet f\u00fcr Boote mit einem Gewicht von 30 bis 90 Tonnen.<\/li>\n<\/ul>\n","protected":false},"excerpt":{"rendered":"<p>SiderMarine MK55 Hybrid f\u00fcr 30 bis 90 Tonnen &#8211; Wir pr\u00e4sentieren die MK 55 Hybrid-Moorfeder, die f\u00fcr Boote mit einem<\/p>\n","protected":false},"featured_media":5944132,"comment_status":"open","ping_status":"closed","template":"","meta":[],"product_brand":[3385],"product_cat":[1337],"product_tag":[],"class_list":{"0":"post-735999","1":"product","2":"type-product","3":"status-publish","4":"has-post-thumbnail","6":"product_brand-sidermarine-de","7":"product_cat-anlegefendern-stossdaempfer","9":"first","10":"instock","11":"shipping-taxable","12":"purchasable","13":"product-type-simple"},"_links":{"self":[{"href":"https:\/\/stoic-curie.212-227-153-4.plesk.page\/de\/wp-json\/wp\/v2\/product\/735999","targetHints":{"allow":["GET"]}}],"collection":[{"href":"https:\/\/stoic-curie.212-227-153-4.plesk.page\/de\/wp-json\/wp\/v2\/product"}],"about":[{"href":"https:\/\/stoic-curie.212-227-153-4.plesk.page\/de\/wp-json\/wp\/v2\/types\/product"}],"replies":[{"embeddable":true,"href":"https:\/\/stoic-curie.212-227-153-4.plesk.page\/de\/wp-json\/wp\/v2\/comments?post=735999"}],"version-history":[{"count":0,"href":"https:\/\/stoic-curie.212-227-153-4.plesk.page\/de\/wp-json\/wp\/v2\/product\/735999\/revisions"}],"wp:featuredmedia":[{"embeddable":true,"href":"https:\/\/stoic-curie.212-227-153-4.plesk.page\/de\/wp-json\/wp\/v2\/media\/5944132"}],"wp:attachment":[{"href":"https:\/\/stoic-curie.212-227-153-4.plesk.page\/de\/wp-json\/wp\/v2\/media?parent=735999"}],"wp:term":[{"taxonomy":"product_brand","embeddable":true,"href":"https:\/\/stoic-curie.212-227-153-4.plesk.page\/de\/wp-json\/wp\/v2\/product_brand?post=735999"},{"taxonomy":"product_cat","embeddable":true,"href":"https:\/\/stoic-curie.212-227-153-4.plesk.page\/de\/wp-json\/wp\/v2\/product_cat?post=735999"},{"taxonomy":"product_tag","embeddable":true,"href":"https:\/\/stoic-curie.212-227-153-4.plesk.page\/de\/wp-json\/wp\/v2\/product_tag?post=735999"}],"curies":[{"name":"wp","href":"https:\/\/api.w.org\/{rel}","templated":true}]}}