{"id":736005,"date":"2025-03-03T16:30:03","date_gmt":"2025-03-03T15:30:03","guid":{"rendered":"https:\/\/stoic-curie.212-227-153-4.plesk.page\/producto\/gps-tachometer-60-knoten-uflex-ultra-schwarz-85mm\/"},"modified":"2026-02-24T23:35:05","modified_gmt":"2026-02-24T23:35:05","slug":"gps-tachometer-60-knoten-uflex-ultra-schwarz-85mm","status":"publish","type":"product","link":"https:\/\/stoic-curie.212-227-153-4.plesk.page\/de\/product\/gps-tachometer-60-knoten-uflex-ultra-schwarz-85mm\/","title":{"rendered":"GPS-Tachometer 60 Knoten Uflex Ultra Schwarz 85mm"},"content":{"rendered":"<p>GPS-Tachometer 60 Knoten Uflex Ultra Schwarz 85mm &#8211; <\/p>\n<p>Die Uflex IP67 wasserdichten Instrumente verf\u00fcgen \u00fcber eine doppelschichtige, verst\u00e4rkte Anti-Kondensationslinse. Schwarz lackierte Kunststoffblende und schwarzes Zifferblatt. Universelle Spannung von 12\/24V mit anpassbarem roten oder gelben Hintergrundlicht. Einfache Installation mit einem verdrahteten Molex-Stecker. Alle Druck-, Temperatur-, Niveau- und Winkelanzeigen m\u00fcssen mit Sensoren ausgestattet werden. Der GPS-Geschwindigkeitsanzeiger ist mit Empf\u00e4nger und Antenne ausgestattet.<\/p>\n","protected":false},"excerpt":{"rendered":"<p>GPS-Tachometer 60 Knoten Uflex Ultra Schwarz 85mm &#8211; Die Uflex IP67 wasserdichten Instrumente verf\u00fcgen \u00fcber eine doppelschichtige, verst\u00e4rkte Anti-Kondensationslinse. Schwarz<\/p>\n","protected":false},"featured_media":5939498,"comment_status":"open","ping_status":"closed","template":"","meta":[],"product_brand":[3500],"product_cat":[1520],"product_tag":[],"class_list":{"0":"post-736005","1":"product","2":"type-product","3":"status-publish","4":"has-post-thumbnail","6":"product_brand-ultraflex-uflex-de","7":"product_cat-uflex-messgeraete","9":"first","10":"instock","11":"shipping-taxable","12":"purchasable","13":"product-type-simple"},"_links":{"self":[{"href":"https:\/\/stoic-curie.212-227-153-4.plesk.page\/de\/wp-json\/wp\/v2\/product\/736005","targetHints":{"allow":["GET"]}}],"collection":[{"href":"https:\/\/stoic-curie.212-227-153-4.plesk.page\/de\/wp-json\/wp\/v2\/product"}],"about":[{"href":"https:\/\/stoic-curie.212-227-153-4.plesk.page\/de\/wp-json\/wp\/v2\/types\/product"}],"replies":[{"embeddable":true,"href":"https:\/\/stoic-curie.212-227-153-4.plesk.page\/de\/wp-json\/wp\/v2\/comments?post=736005"}],"version-history":[{"count":0,"href":"https:\/\/stoic-curie.212-227-153-4.plesk.page\/de\/wp-json\/wp\/v2\/product\/736005\/revisions"}],"wp:featuredmedia":[{"embeddable":true,"href":"https:\/\/stoic-curie.212-227-153-4.plesk.page\/de\/wp-json\/wp\/v2\/media\/5939498"}],"wp:attachment":[{"href":"https:\/\/stoic-curie.212-227-153-4.plesk.page\/de\/wp-json\/wp\/v2\/media?parent=736005"}],"wp:term":[{"taxonomy":"product_brand","embeddable":true,"href":"https:\/\/stoic-curie.212-227-153-4.plesk.page\/de\/wp-json\/wp\/v2\/product_brand?post=736005"},{"taxonomy":"product_cat","embeddable":true,"href":"https:\/\/stoic-curie.212-227-153-4.plesk.page\/de\/wp-json\/wp\/v2\/product_cat?post=736005"},{"taxonomy":"product_tag","embeddable":true,"href":"https:\/\/stoic-curie.212-227-153-4.plesk.page\/de\/wp-json\/wp\/v2\/product_tag?post=736005"}],"curies":[{"name":"wp","href":"https:\/\/api.w.org\/{rel}","templated":true}]}}