{"id":736010,"date":"2025-03-03T16:30:04","date_gmt":"2025-03-03T15:30:04","guid":{"rendered":"https:\/\/stoic-curie.212-227-153-4.plesk.page\/producto\/antenne-glomex-wi-fi-webboat-4g-lite-evo\/"},"modified":"2026-02-24T23:35:05","modified_gmt":"2026-02-24T23:35:05","slug":"antenne-glomex-wi-fi-webboat-4g-lite-evo","status":"publish","type":"product","link":"https:\/\/stoic-curie.212-227-153-4.plesk.page\/de\/product\/antenne-glomex-wi-fi-webboat-4g-lite-evo\/","title":{"rendered":"Antenne Glomex Wi-Fi Webboat 4G Lite EVO"},"content":{"rendered":"<p>Antenne Glomex Wi-Fi Webboat 4G Lite EVO &#8211; <\/p>\n<p>Webboat Lite Evo Wi-Fi und GSM\/GPRS\/EDGE\/UMTS &#8211; 3G\/4G\/LTE Glomex Antenne<\/p>\n<p>Die Glomex Webboat Lite Evo Antenne funktioniert mit 10-30V und bietet Internet- und GSM-Signale bis zu 15 Meilen vom Ufer entfernt. Sie fungiert als Wi-Fi-Zugangspunkt und als Onboard-Router mit vier Ethernet-Ports. Zudem beinhaltet sie vier 4G-Empf\u00e4nger f\u00fcr die Mobiltelefonkonnektivit\u00e4t. Das Ger\u00e4t verf\u00fcgt \u00fcber zwei SIM-Slots f\u00fcr GSM-Verbindungen und zwei Wi-Fi-Antennen, die den Internetzugang f\u00fcr alle an Bord befindlichen Ger\u00e4te, einschlie\u00dflich Smartphones, PCs und Tablets, erm\u00f6glichen. Es wechselt automatisch zwischen GSM und Wi-Fi, um die Internetkosten zu senken. Das System wird zudem mit kostenlosen Android- und iPhone-Apps geliefert und bietet eine Plug&amp;Play-Installation f\u00fcr eine einfache Einrichtung und Steuerung.<\/p>\n<p>Produktdetails<\/p>\n<p>Mobile Daten und Wi-Fi leicht gemacht<\/p>\n<p>Mit der GLOMEX weBBoat\u00ae 4G Lite Evo Antenne k\u00f6nnen Sie m\u00fchelos im Internet surfen, ohne komplizierte Installationen. Setzen Sie einfach Ihre SIM-Karte ein und verbinden Sie die Antenne mit einer 10-30V DC-Stromquelle. Nach einer kurzen Einrichtung \u00fcber die GLOMEX weBBoat\u00ae App sind Sie bereit, das Internet zu nutzen.<\/p>\n<p>Einfache Verbindung<\/p>\n<p>Die GLOMEX weBBoat\u00ae 4G Lite Evo kann sich mit Wi-Fi-Netzwerken bis zu etwa 15 Seemeilen Entfernung verbinden, abh\u00e4ngig von der Umgebung und Installation. Sie k\u00f6nnen diese Verbindung mit bis zu 24 Ger\u00e4ten teilen. Wenn ein Wi-Fi-Hotspot nicht verf\u00fcgbar ist, k\u00f6nnen Sie das 4G- (LTE) oder 3G-Mobilfunknetz Ihres Anbieters nutzen (SIM-Karte optional), je nach Verf\u00fcgbarkeit. Die GLOMEX weBBoat\u00ae 4G Lite Evo eignet sich auch f\u00fcr gr\u00f6\u00dfere Yachten oder Schiffe, bei denen Metall-R\u00fcmpfe und -Aufbauten die Empfangsqualit\u00e4t beeintr\u00e4chtigen k\u00f6nnen. In solchen F\u00e4llen kann der Zugangspunkt in der Antenne \u00fcber ein Ethernet-Kabel mit dem Inneren des Bootes verbunden werden. Neben dem weBBoat\u00ae Wi-Fi-Hotspot steht auch ein kabelgebundenes Ethernet-Port (RJ45) zur Verf\u00fcgung.<\/p>\n<p>Mobile Daten sparen<\/p>\n<p>Die GLOMEX weBBoat\u00ae 4G Lite Evo wechselt automatisch zwischen mobilem Datenverkehr und Wi-Fi. Wenn Sie Ihre mobile Verbindung w\u00e4hrend der Reise nutzen und Ihren Heimathafen erreichen, trennt sich das Ger\u00e4t vom Mobilfunknetz und verbindet sich automatisch mit dem bekannten Hafen-Wi-Fi.<\/p>\n<hr>\n<p>GLOMEX weBBoat\u00ae 4G Lite Evo &#8211; Eigenschaften<\/p>\n<ul>\n<li>Plug-and-Play-Installation: Verbinden Sie die weBBoat\u00ae Antenne mit einer 10-30V DC-Stromquelle, und nach einer kurzen Konfiguration k\u00f6nnen Sie ins Internet gehen.<\/li>\n<li>Mobile Datenreichweite: Genie\u00dfen Sie mobile Datenabdeckung bis zu 15 Seemeilen (abh\u00e4ngig von der Umgebung und Installation).<\/li>\n<li>3G und 4G (LTE) Zugriff: Surfen Sie im Mobilfunkdatennetz Ihres Anbieters, w\u00e4hrend Sie unterwegs sind.<\/li>\n<li>Datenersparnis: Reduzieren Sie die mobile Datennutzung, indem Sie automatisch auf bekannte drahtlose Netzwerke umschalten.<\/li>\n<li>Mehrfache Ger\u00e4teverbindung: Bis zu 24 Ger\u00e4te k\u00f6nnen gleichzeitig auf die GLOMEX weBBoat\u00ae Antenne f\u00fcr Internetzugang zugreifen.<\/li>\n<li>Benutzerfreundliche App: Die intuitive GLOMEX weBBoat\u00ae App erm\u00f6glicht eine schnelle Konfiguration und Verwaltung der Antenne.<\/li>\n<li>Robustes Design: Das UV-best\u00e4ndige Antgeh\u00e4use sch\u00fctzt das Innere vor maritimen Bedingungen.<\/li>\n<\/ul>\n<hr>\n<p>Einfache Installation<\/p>\n<p>Die GLOMEX weBBoat\u00ae 4G Lite Evo wird mit Montagehaltern geliefert, die eine Installation auf einer flachen Oberfl\u00e4che oder auf einem Standardantennenhalter mit einem Au\u00dfengewinde von 1-Zoll-14 erm\u00f6glichen. Alternativ ist die originale GLOMEX TM002 Halterung f\u00fcr die Installation auf leicht gerundeten Oberfl\u00e4chen erh\u00e4ltlich.<\/p>\n<p>F\u00fcr optimalen Empfang sollte die Antenne in der H\u00f6he der Strecker (maximal 8-10 Meter vom Deck) positioniert werden. F\u00fcr Motorboote empfehlen wir, die weBBoat\u00ae 4G Lite Evo auf der Getriebebasis zu montieren.<\/p>\n","protected":false},"excerpt":{"rendered":"<p>Antenne Glomex Wi-Fi Webboat 4G Lite EVO &#8211; Webboat Lite Evo Wi-Fi und GSM\/GPRS\/EDGE\/UMTS &#8211; 3G\/4G\/LTE Glomex Antenne Die Glomex<\/p>\n","protected":false},"featured_media":5944153,"comment_status":"open","ping_status":"closed","template":"","meta":[],"product_brand":[2980],"product_cat":[1467],"product_tag":[],"class_list":{"0":"post-736010","1":"product","2":"type-product","3":"status-publish","4":"has-post-thumbnail","6":"product_brand-glomex-de","7":"product_cat-tv-antennen","9":"first","10":"instock","11":"shipping-taxable","12":"purchasable","13":"product-type-simple"},"_links":{"self":[{"href":"https:\/\/stoic-curie.212-227-153-4.plesk.page\/de\/wp-json\/wp\/v2\/product\/736010","targetHints":{"allow":["GET"]}}],"collection":[{"href":"https:\/\/stoic-curie.212-227-153-4.plesk.page\/de\/wp-json\/wp\/v2\/product"}],"about":[{"href":"https:\/\/stoic-curie.212-227-153-4.plesk.page\/de\/wp-json\/wp\/v2\/types\/product"}],"replies":[{"embeddable":true,"href":"https:\/\/stoic-curie.212-227-153-4.plesk.page\/de\/wp-json\/wp\/v2\/comments?post=736010"}],"version-history":[{"count":0,"href":"https:\/\/stoic-curie.212-227-153-4.plesk.page\/de\/wp-json\/wp\/v2\/product\/736010\/revisions"}],"wp:featuredmedia":[{"embeddable":true,"href":"https:\/\/stoic-curie.212-227-153-4.plesk.page\/de\/wp-json\/wp\/v2\/media\/5944153"}],"wp:attachment":[{"href":"https:\/\/stoic-curie.212-227-153-4.plesk.page\/de\/wp-json\/wp\/v2\/media?parent=736010"}],"wp:term":[{"taxonomy":"product_brand","embeddable":true,"href":"https:\/\/stoic-curie.212-227-153-4.plesk.page\/de\/wp-json\/wp\/v2\/product_brand?post=736010"},{"taxonomy":"product_cat","embeddable":true,"href":"https:\/\/stoic-curie.212-227-153-4.plesk.page\/de\/wp-json\/wp\/v2\/product_cat?post=736010"},{"taxonomy":"product_tag","embeddable":true,"href":"https:\/\/stoic-curie.212-227-153-4.plesk.page\/de\/wp-json\/wp\/v2\/product_tag?post=736010"}],"curies":[{"name":"wp","href":"https:\/\/api.w.org\/{rel}","templated":true}]}}