{"id":736016,"date":"2025-03-03T16:30:06","date_gmt":"2025-03-03T15:30:06","guid":{"rendered":"https:\/\/stoic-curie.212-227-153-4.plesk.page\/producto\/wichard-sicherheitsleine-2-x-11m\/"},"modified":"2026-02-24T23:35:05","modified_gmt":"2026-02-24T23:35:05","slug":"wichard-sicherheitsleine-2-x-11m","status":"publish","type":"product","link":"https:\/\/stoic-curie.212-227-153-4.plesk.page\/de\/product\/wichard-sicherheitsleine-2-x-11m\/","title":{"rendered":"Wichard Sicherheitsleine 2 x 11m"},"content":{"rendered":"<p>Wichard Sicherheitsleine 2 x 11m &#8211; <\/p>\n<p>Ein Paar verstellbarer Sicherheitsgurte, die ein sicheres Bewegen auf dem Deck erm\u00f6glichen. Sie wurden entwickelt, um zwei Personen mit einem Gewicht von jeweils bis zu 100 kg, die \u00fcber den Rand h\u00e4ngen, selbst bei rauer See zu halten. Sehr strapazierf\u00e4hig, ausgestattet mit einem Reflexstreifen und einer abriebfesten Kante auf beiden Seiten. Sie lassen sich dank der Dichtung und der rutschfesten Schnalle, die mit einem photolumineszenten Geh\u00e4use versehen ist, problemlos an jedem Poller, Augbolzen oder Befestigungspunkt anbringen. Die Gurte haben eine Breite von 25 mm. Die maximale Bruchlast betr\u00e4gt 3000 kg.<\/p>\n","protected":false},"excerpt":{"rendered":"<p>Wichard Sicherheitsleine 2 x 11m &#8211; Ein Paar verstellbarer Sicherheitsgurte, die ein sicheres Bewegen auf dem Deck erm\u00f6glichen. Sie wurden<\/p>\n","protected":false},"featured_media":5944157,"comment_status":"open","ping_status":"closed","template":"","meta":[],"product_brand":[3535],"product_cat":[1317,1484],"product_tag":[],"class_list":{"0":"post-736016","1":"product","2":"type-product","3":"status-publish","4":"has-post-thumbnail","6":"product_brand-wichard-de","7":"product_cat-rettungsring-und-rettungsleinen","8":"product_cat-zubehoer-fuer-segelboote","10":"first","11":"instock","12":"shipping-taxable","13":"purchasable","14":"product-type-simple"},"_links":{"self":[{"href":"https:\/\/stoic-curie.212-227-153-4.plesk.page\/de\/wp-json\/wp\/v2\/product\/736016","targetHints":{"allow":["GET"]}}],"collection":[{"href":"https:\/\/stoic-curie.212-227-153-4.plesk.page\/de\/wp-json\/wp\/v2\/product"}],"about":[{"href":"https:\/\/stoic-curie.212-227-153-4.plesk.page\/de\/wp-json\/wp\/v2\/types\/product"}],"replies":[{"embeddable":true,"href":"https:\/\/stoic-curie.212-227-153-4.plesk.page\/de\/wp-json\/wp\/v2\/comments?post=736016"}],"version-history":[{"count":0,"href":"https:\/\/stoic-curie.212-227-153-4.plesk.page\/de\/wp-json\/wp\/v2\/product\/736016\/revisions"}],"wp:featuredmedia":[{"embeddable":true,"href":"https:\/\/stoic-curie.212-227-153-4.plesk.page\/de\/wp-json\/wp\/v2\/media\/5944157"}],"wp:attachment":[{"href":"https:\/\/stoic-curie.212-227-153-4.plesk.page\/de\/wp-json\/wp\/v2\/media?parent=736016"}],"wp:term":[{"taxonomy":"product_brand","embeddable":true,"href":"https:\/\/stoic-curie.212-227-153-4.plesk.page\/de\/wp-json\/wp\/v2\/product_brand?post=736016"},{"taxonomy":"product_cat","embeddable":true,"href":"https:\/\/stoic-curie.212-227-153-4.plesk.page\/de\/wp-json\/wp\/v2\/product_cat?post=736016"},{"taxonomy":"product_tag","embeddable":true,"href":"https:\/\/stoic-curie.212-227-153-4.plesk.page\/de\/wp-json\/wp\/v2\/product_tag?post=736016"}],"curies":[{"name":"wp","href":"https:\/\/api.w.org\/{rel}","templated":true}]}}