{"id":736019,"date":"2025-03-03T16:30:07","date_gmt":"2025-03-03T15:30:07","guid":{"rendered":"https:\/\/stoic-curie.212-227-153-4.plesk.page\/producto\/rumpfkratzer-set-scrubbis\/"},"modified":"2026-02-24T23:35:05","modified_gmt":"2026-02-24T23:35:05","slug":"rumpfkratzer-set-scrubbis","status":"publish","type":"product","link":"https:\/\/stoic-curie.212-227-153-4.plesk.page\/de\/product\/rumpfkratzer-set-scrubbis\/","title":{"rendered":"Rumpfkratzer-Set &#8220;Scrubbis&#8221;"},"content":{"rendered":"<p>Rumpfkratzer-Set &#8220;Scrubbis&#8221; &#8211; <\/p>\n<p>Innovatives und benutzerfreundliches Scrubbis Rumpfreinigungsset, mit dem Sie den gesamten Rumpf reinigen k\u00f6nnen, w\u00e4hrend das Boot im Wasser ist. Es nutzt die Schwimmf\u00e4higkeit des Kopfes (2 kg), um Druck \u00fcber die Schaber auf den Rumpf auszu\u00fcben. Mit einer einfachen Handbewegung k\u00f6nnen Sie Algen, Bewuchs, Muscheln und Krebstiere m\u00fchelos entfernen. Das Set umfasst:<\/p>\n","protected":false},"excerpt":{"rendered":"<p>Rumpfkratzer-Set &#8220;Scrubbis&#8221; &#8211; Innovatives und benutzerfreundliches Scrubbis Rumpfreinigungsset, mit dem Sie den gesamten Rumpf reinigen k\u00f6nnen, w\u00e4hrend das Boot im<\/p>\n","protected":false},"featured_media":5944161,"comment_status":"open","ping_status":"closed","template":"","meta":[],"product_brand":[3340],"product_cat":[1346],"product_tag":[],"class_list":{"0":"post-736019","1":"product","2":"type-product","3":"status-publish","4":"has-post-thumbnail","6":"product_brand-scrubbis-de","7":"product_cat-reinigungsbuersten","9":"first","10":"instock","11":"shipping-taxable","12":"purchasable","13":"product-type-simple"},"_links":{"self":[{"href":"https:\/\/stoic-curie.212-227-153-4.plesk.page\/de\/wp-json\/wp\/v2\/product\/736019","targetHints":{"allow":["GET"]}}],"collection":[{"href":"https:\/\/stoic-curie.212-227-153-4.plesk.page\/de\/wp-json\/wp\/v2\/product"}],"about":[{"href":"https:\/\/stoic-curie.212-227-153-4.plesk.page\/de\/wp-json\/wp\/v2\/types\/product"}],"replies":[{"embeddable":true,"href":"https:\/\/stoic-curie.212-227-153-4.plesk.page\/de\/wp-json\/wp\/v2\/comments?post=736019"}],"version-history":[{"count":0,"href":"https:\/\/stoic-curie.212-227-153-4.plesk.page\/de\/wp-json\/wp\/v2\/product\/736019\/revisions"}],"wp:featuredmedia":[{"embeddable":true,"href":"https:\/\/stoic-curie.212-227-153-4.plesk.page\/de\/wp-json\/wp\/v2\/media\/5944161"}],"wp:attachment":[{"href":"https:\/\/stoic-curie.212-227-153-4.plesk.page\/de\/wp-json\/wp\/v2\/media?parent=736019"}],"wp:term":[{"taxonomy":"product_brand","embeddable":true,"href":"https:\/\/stoic-curie.212-227-153-4.plesk.page\/de\/wp-json\/wp\/v2\/product_brand?post=736019"},{"taxonomy":"product_cat","embeddable":true,"href":"https:\/\/stoic-curie.212-227-153-4.plesk.page\/de\/wp-json\/wp\/v2\/product_cat?post=736019"},{"taxonomy":"product_tag","embeddable":true,"href":"https:\/\/stoic-curie.212-227-153-4.plesk.page\/de\/wp-json\/wp\/v2\/product_tag?post=736019"}],"curies":[{"name":"wp","href":"https:\/\/api.w.org\/{rel}","templated":true}]}}