{"id":736022,"date":"2025-03-03T16:30:08","date_gmt":"2025-03-03T15:30:08","guid":{"rendered":"https:\/\/stoic-curie.212-227-153-4.plesk.page\/producto\/liros-dock-leine-vorgespleisst-protect-10-mm-x-10-m\/"},"modified":"2026-02-24T23:35:05","modified_gmt":"2026-02-24T23:35:05","slug":"liros-dock-leine-vorgespleisst-protect-10-mm-x-10-m","status":"publish","type":"product","link":"https:\/\/stoic-curie.212-227-153-4.plesk.page\/de\/product\/liros-dock-leine-vorgespleisst-protect-10-mm-x-10-m\/","title":{"rendered":"Liros Dock-Leine vorgesplei\u00dft Protect 10 mm x 10 m"},"content":{"rendered":"<p>Liros Dock-Leine vorgesplei\u00dft Protect 10 mm x 10 m &#8211; <\/p>\n<p>Bereit zu verwendendes, vorgeflechtetes Dockseil L40 cm mit sch\u00fctzendem Polyester\u00fcberzug. Weich, einfach zu handhaben, mit hoher Bruchfestigkeit und hohem Dehnungsverm\u00f6gen.<\/p>\n","protected":false},"excerpt":{"rendered":"<p>Liros Dock-Leine vorgesplei\u00dft Protect 10 mm x 10 m &#8211; Bereit zu verwendendes, vorgeflechtetes Dockseil L40 cm mit sch\u00fctzendem Polyester\u00fcberzug.<\/p>\n","protected":false},"featured_media":5944178,"comment_status":"open","ping_status":"closed","template":"","meta":[],"product_brand":[3065],"product_cat":[1336],"product_tag":[],"class_list":{"0":"post-736022","1":"product","2":"type-product","3":"status-publish","4":"has-post-thumbnail","6":"product_brand-liros-de","7":"product_cat-vorgefertigte-seile","9":"first","10":"instock","11":"shipping-taxable","12":"purchasable","13":"product-type-simple"},"_links":{"self":[{"href":"https:\/\/stoic-curie.212-227-153-4.plesk.page\/de\/wp-json\/wp\/v2\/product\/736022","targetHints":{"allow":["GET"]}}],"collection":[{"href":"https:\/\/stoic-curie.212-227-153-4.plesk.page\/de\/wp-json\/wp\/v2\/product"}],"about":[{"href":"https:\/\/stoic-curie.212-227-153-4.plesk.page\/de\/wp-json\/wp\/v2\/types\/product"}],"replies":[{"embeddable":true,"href":"https:\/\/stoic-curie.212-227-153-4.plesk.page\/de\/wp-json\/wp\/v2\/comments?post=736022"}],"version-history":[{"count":0,"href":"https:\/\/stoic-curie.212-227-153-4.plesk.page\/de\/wp-json\/wp\/v2\/product\/736022\/revisions"}],"wp:featuredmedia":[{"embeddable":true,"href":"https:\/\/stoic-curie.212-227-153-4.plesk.page\/de\/wp-json\/wp\/v2\/media\/5944178"}],"wp:attachment":[{"href":"https:\/\/stoic-curie.212-227-153-4.plesk.page\/de\/wp-json\/wp\/v2\/media?parent=736022"}],"wp:term":[{"taxonomy":"product_brand","embeddable":true,"href":"https:\/\/stoic-curie.212-227-153-4.plesk.page\/de\/wp-json\/wp\/v2\/product_brand?post=736022"},{"taxonomy":"product_cat","embeddable":true,"href":"https:\/\/stoic-curie.212-227-153-4.plesk.page\/de\/wp-json\/wp\/v2\/product_cat?post=736022"},{"taxonomy":"product_tag","embeddable":true,"href":"https:\/\/stoic-curie.212-227-153-4.plesk.page\/de\/wp-json\/wp\/v2\/product_tag?post=736022"}],"curies":[{"name":"wp","href":"https:\/\/api.w.org\/{rel}","templated":true}]}}