{"id":736028,"date":"2025-03-03T16:30:09","date_gmt":"2025-03-03T15:30:09","guid":{"rendered":"https:\/\/stoic-curie.212-227-153-4.plesk.page\/producto\/liros-dock-leine-vorgespleisst-protect-16-mm-x-15-m\/"},"modified":"2026-02-24T23:35:05","modified_gmt":"2026-02-24T23:35:05","slug":"liros-dock-leine-vorgespleisst-protect-16-mm-x-15-m","status":"publish","type":"product","link":"https:\/\/stoic-curie.212-227-153-4.plesk.page\/de\/product\/liros-dock-leine-vorgespleisst-protect-16-mm-x-15-m\/","title":{"rendered":"Liros Dock-Leine vorgesplei\u00dft Protect 16 mm x 15 m"},"content":{"rendered":"<p>Liros Dock-Leine vorgesplei\u00dft Protect 16 mm x 15 m &#8211; <\/p>\n<p>Fertig zu verwendende, vorkonfektionierte Dock-Leine mit einer L\u00e4nge von 40 cm und einer sch\u00fctzenden Polyesterh\u00fclle. Weich, einfach zu handhaben und mit hoher Bruchfestigkeit sowie hoher Dehnf\u00e4higkeit.<\/p>\n","protected":false},"excerpt":{"rendered":"<p>Liros Dock-Leine vorgesplei\u00dft Protect 16 mm x 15 m &#8211; Fertig zu verwendende, vorkonfektionierte Dock-Leine mit einer L\u00e4nge von 40<\/p>\n","protected":false},"featured_media":5944178,"comment_status":"open","ping_status":"closed","template":"","meta":[],"product_brand":[3065],"product_cat":[1336],"product_tag":[],"class_list":{"0":"post-736028","1":"product","2":"type-product","3":"status-publish","4":"has-post-thumbnail","6":"product_brand-liros-de","7":"product_cat-vorgefertigte-seile","9":"first","10":"instock","11":"shipping-taxable","12":"purchasable","13":"product-type-simple"},"_links":{"self":[{"href":"https:\/\/stoic-curie.212-227-153-4.plesk.page\/de\/wp-json\/wp\/v2\/product\/736028","targetHints":{"allow":["GET"]}}],"collection":[{"href":"https:\/\/stoic-curie.212-227-153-4.plesk.page\/de\/wp-json\/wp\/v2\/product"}],"about":[{"href":"https:\/\/stoic-curie.212-227-153-4.plesk.page\/de\/wp-json\/wp\/v2\/types\/product"}],"replies":[{"embeddable":true,"href":"https:\/\/stoic-curie.212-227-153-4.plesk.page\/de\/wp-json\/wp\/v2\/comments?post=736028"}],"version-history":[{"count":0,"href":"https:\/\/stoic-curie.212-227-153-4.plesk.page\/de\/wp-json\/wp\/v2\/product\/736028\/revisions"}],"wp:featuredmedia":[{"embeddable":true,"href":"https:\/\/stoic-curie.212-227-153-4.plesk.page\/de\/wp-json\/wp\/v2\/media\/5944178"}],"wp:attachment":[{"href":"https:\/\/stoic-curie.212-227-153-4.plesk.page\/de\/wp-json\/wp\/v2\/media?parent=736028"}],"wp:term":[{"taxonomy":"product_brand","embeddable":true,"href":"https:\/\/stoic-curie.212-227-153-4.plesk.page\/de\/wp-json\/wp\/v2\/product_brand?post=736028"},{"taxonomy":"product_cat","embeddable":true,"href":"https:\/\/stoic-curie.212-227-153-4.plesk.page\/de\/wp-json\/wp\/v2\/product_cat?post=736028"},{"taxonomy":"product_tag","embeddable":true,"href":"https:\/\/stoic-curie.212-227-153-4.plesk.page\/de\/wp-json\/wp\/v2\/product_tag?post=736028"}],"curies":[{"name":"wp","href":"https:\/\/api.w.org\/{rel}","templated":true}]}}