{"id":736035,"date":"2025-03-03T16:30:10","date_gmt":"2025-03-03T15:30:10","guid":{"rendered":"https:\/\/stoic-curie.212-227-153-4.plesk.page\/producto\/aufblasbares-schleppspielzeug-jobe-rumble-gruen-1-person\/"},"modified":"2026-02-24T23:35:05","modified_gmt":"2026-02-24T23:35:05","slug":"aufblasbares-schleppspielzeug-jobe-rumble-gruen-1-person","status":"publish","type":"product","link":"https:\/\/stoic-curie.212-227-153-4.plesk.page\/de\/product\/aufblasbares-schleppspielzeug-jobe-rumble-gruen-1-person\/","title":{"rendered":"Aufblasbares Schleppspielzeug Jobe Rumble Gr\u00fcn, 1 Person"},"content":{"rendered":"<p>Aufblasbares Schleppspielzeug Jobe Rumble Gr\u00fcn, 1 Person &#8211; <\/p>\n<p>Klassisches Schleppger\u00e4t aus widerstandsf\u00e4higem 24G PVC mit sch\u00fctzender 420D Nylon-Schichtabdeckung. Verst\u00e4rkter Zugring, Boston-Ventil, 4 gepolsterte Griffe mit Neoprenkn\u00f6chelschutz und Wasserablaufgitter. Mit 3 Jahren Garantie nach Registrierung auf der Jobe-Website.<\/p>\n","protected":false},"excerpt":{"rendered":"<p>Aufblasbares Schleppspielzeug Jobe Rumble Gr\u00fcn, 1 Person &#8211; Klassisches Schleppger\u00e4t aus widerstandsf\u00e4higem 24G PVC mit sch\u00fctzender 420D Nylon-Schichtabdeckung. Verst\u00e4rkter Zugring,<\/p>\n","protected":false},"featured_media":5944180,"comment_status":"open","ping_status":"closed","template":"","meta":[],"product_brand":[3040],"product_cat":[1559],"product_tag":[],"class_list":{"0":"post-736035","1":"product","2":"type-product","3":"status-publish","4":"has-post-thumbnail","6":"product_brand-jobe-sports-de","7":"product_cat-wasserski-zubehoer","9":"first","10":"outofstock","11":"shipping-taxable","12":"purchasable","13":"product-type-simple"},"_links":{"self":[{"href":"https:\/\/stoic-curie.212-227-153-4.plesk.page\/de\/wp-json\/wp\/v2\/product\/736035","targetHints":{"allow":["GET"]}}],"collection":[{"href":"https:\/\/stoic-curie.212-227-153-4.plesk.page\/de\/wp-json\/wp\/v2\/product"}],"about":[{"href":"https:\/\/stoic-curie.212-227-153-4.plesk.page\/de\/wp-json\/wp\/v2\/types\/product"}],"replies":[{"embeddable":true,"href":"https:\/\/stoic-curie.212-227-153-4.plesk.page\/de\/wp-json\/wp\/v2\/comments?post=736035"}],"version-history":[{"count":0,"href":"https:\/\/stoic-curie.212-227-153-4.plesk.page\/de\/wp-json\/wp\/v2\/product\/736035\/revisions"}],"wp:featuredmedia":[{"embeddable":true,"href":"https:\/\/stoic-curie.212-227-153-4.plesk.page\/de\/wp-json\/wp\/v2\/media\/5944180"}],"wp:attachment":[{"href":"https:\/\/stoic-curie.212-227-153-4.plesk.page\/de\/wp-json\/wp\/v2\/media?parent=736035"}],"wp:term":[{"taxonomy":"product_brand","embeddable":true,"href":"https:\/\/stoic-curie.212-227-153-4.plesk.page\/de\/wp-json\/wp\/v2\/product_brand?post=736035"},{"taxonomy":"product_cat","embeddable":true,"href":"https:\/\/stoic-curie.212-227-153-4.plesk.page\/de\/wp-json\/wp\/v2\/product_cat?post=736035"},{"taxonomy":"product_tag","embeddable":true,"href":"https:\/\/stoic-curie.212-227-153-4.plesk.page\/de\/wp-json\/wp\/v2\/product_tag?post=736035"}],"curies":[{"name":"wp","href":"https:\/\/api.w.org\/{rel}","templated":true}]}}