{"id":736039,"date":"2025-03-03T16:30:12","date_gmt":"2025-03-03T15:30:12","guid":{"rendered":"https:\/\/stoic-curie.212-227-153-4.plesk.page\/producto\/umlenkrolle-master-fiddle-mit-klemme-und-schaekel-60mm-fuer-leinen-bis-12mm\/"},"modified":"2026-02-24T23:35:05","modified_gmt":"2026-02-24T23:35:05","slug":"umlenkrolle-master-fiddle-mit-klemme-und-schaekel-60mm-fuer-leinen-bis-12mm","status":"publish","type":"product","link":"https:\/\/stoic-curie.212-227-153-4.plesk.page\/de\/product\/umlenkrolle-master-fiddle-mit-klemme-und-schaekel-60mm-fuer-leinen-bis-12mm\/","title":{"rendered":"Umlenkrolle Master Fiddle mit Klemme und Sch\u00e4kel 60mm f\u00fcr Leinen bis 12mm"},"content":{"rendered":"<p>Umlenkrolle Master Fiddle mit Klemme und Sch\u00e4kel 60mm f\u00fcr Leinen bis 12mm &#8211; <\/p>\n<p>Meister-Gleitlagerbl\u00f6cke, die f\u00fcr geringes Gewicht, hohe Festigkeit und hervorragendes Handling entwickelt wurden. Hergestellt aus glasfaserverst\u00e4rktem Nylon, das eine metall\u00e4hnliche Festigkeit bietet. Selbstschmierende Scheiben reduzieren die Reibung und erh\u00f6hen die Effizienz. Das Gleitlager aus 316 Edelstahl erm\u00f6glicht eine sanfte Drehung, sodass Segler eine einfachere Kraft\u00fcbertragung erreichen und den Verschlei\u00df der Leinen reduzieren. Gleitlager: 316 Edelstahl Scheibendurchmesser 60 mm: selbstschmierende Acetal-Verbundstoffe Wangen: verst\u00e4rktes glasfaserverst\u00e4rktes Nylon-Verbundmittel UV-stabilisiert Drehwirbel: geschmiedeter Edelstahl der G\u00fcteklasse 316 WL: Arbeitslast BL: Bruchlast HINWEIS: Die Arbeits-\/Bruchlast der Bl\u00f6cke mit Klemme basiert auf der St\u00e4rke der Klemme.<\/p>\n","protected":false},"excerpt":{"rendered":"<p>Umlenkrolle Master Fiddle mit Klemme und Sch\u00e4kel 60mm f\u00fcr Leinen bis 12mm &#8211; Meister-Gleitlagerbl\u00f6cke, die f\u00fcr geringes Gewicht, hohe Festigkeit<\/p>\n","protected":false},"featured_media":5944187,"comment_status":"open","ping_status":"closed","template":"","meta":[],"product_brand":[3130],"product_cat":[1483],"product_tag":[],"class_list":{"0":"post-736039","1":"product","2":"type-product","3":"status-publish","4":"has-post-thumbnail","6":"product_brand-master-de","7":"product_cat-master-bloecke","9":"first","10":"instock","11":"shipping-taxable","12":"purchasable","13":"product-type-simple"},"_links":{"self":[{"href":"https:\/\/stoic-curie.212-227-153-4.plesk.page\/de\/wp-json\/wp\/v2\/product\/736039","targetHints":{"allow":["GET"]}}],"collection":[{"href":"https:\/\/stoic-curie.212-227-153-4.plesk.page\/de\/wp-json\/wp\/v2\/product"}],"about":[{"href":"https:\/\/stoic-curie.212-227-153-4.plesk.page\/de\/wp-json\/wp\/v2\/types\/product"}],"replies":[{"embeddable":true,"href":"https:\/\/stoic-curie.212-227-153-4.plesk.page\/de\/wp-json\/wp\/v2\/comments?post=736039"}],"version-history":[{"count":0,"href":"https:\/\/stoic-curie.212-227-153-4.plesk.page\/de\/wp-json\/wp\/v2\/product\/736039\/revisions"}],"wp:featuredmedia":[{"embeddable":true,"href":"https:\/\/stoic-curie.212-227-153-4.plesk.page\/de\/wp-json\/wp\/v2\/media\/5944187"}],"wp:attachment":[{"href":"https:\/\/stoic-curie.212-227-153-4.plesk.page\/de\/wp-json\/wp\/v2\/media?parent=736039"}],"wp:term":[{"taxonomy":"product_brand","embeddable":true,"href":"https:\/\/stoic-curie.212-227-153-4.plesk.page\/de\/wp-json\/wp\/v2\/product_brand?post=736039"},{"taxonomy":"product_cat","embeddable":true,"href":"https:\/\/stoic-curie.212-227-153-4.plesk.page\/de\/wp-json\/wp\/v2\/product_cat?post=736039"},{"taxonomy":"product_tag","embeddable":true,"href":"https:\/\/stoic-curie.212-227-153-4.plesk.page\/de\/wp-json\/wp\/v2\/product_tag?post=736039"}],"curies":[{"name":"wp","href":"https:\/\/api.w.org\/{rel}","templated":true}]}}