{"id":736040,"date":"2025-03-03T16:30:12","date_gmt":"2025-03-03T15:30:12","guid":{"rendered":"https:\/\/stoic-curie.212-227-153-4.plesk.page\/producto\/einfacher-block-master-72-mm-umlenkrolle-fuer-12-mm-leinen\/"},"modified":"2026-02-24T23:35:05","modified_gmt":"2026-02-24T23:35:05","slug":"einfacher-block-master-72-mm-umlenkrolle-fuer-12-mm-leinen","status":"publish","type":"product","link":"https:\/\/stoic-curie.212-227-153-4.plesk.page\/de\/product\/einfacher-block-master-72-mm-umlenkrolle-fuer-12-mm-leinen\/","title":{"rendered":"Einfacher Block Master 72 mm Umlenkrolle f\u00fcr 12 mm Leinen"},"content":{"rendered":"<p>Einfacher Block Master 72 mm Umlenkrolle f\u00fcr 12 mm Leinen &#8211; <\/p>\n<p>Meisterblock mit glatten Lagern, die f\u00fcr Leichtigkeit, St\u00e4rke und \u00fcberlegene Handhabung entwickelt wurden. Hergestellt aus glasfaserverst\u00e4rktem Nylon, um eine metall\u00e4hnliche Festigkeit zu bieten. Die selbstschmierende Riemenscheibe reduziert die Reibung und erh\u00f6ht die Effizienz. Das plain bearing aus 316 Edelstahl sorgt f\u00fcr eine reibungslose Rotation, damit Segler die Kraft leichter \u00fcbertragen und weniger Verschlei\u00df am Seil haben. Glattes Lager: 316 Edelstahl Riemenscheibendurchmesser 72 mm: selbstschmierende Acetal-Verbundstoff Backen: verst\u00e4rkter glasfaserverst\u00e4rkter Nylon-Verbundstoff UV-stabilisiert Drehwirbel: geschmiedeter Edelstahl der Klasse 316 WL: Arbeitslast BL: Bruchlast HINWEIS: Die Arbeits-\/Bruchlast der Bl\u00f6cke mit Keil basiert auf der Festigkeit des Keils.<\/p>\n","protected":false},"excerpt":{"rendered":"<p>Einfacher Block Master 72 mm Umlenkrolle f\u00fcr 12 mm Leinen &#8211; Meisterblock mit glatten Lagern, die f\u00fcr Leichtigkeit, St\u00e4rke und<\/p>\n","protected":false},"featured_media":5944188,"comment_status":"open","ping_status":"closed","template":"","meta":[],"product_brand":[3130,2291],"product_cat":[1483],"product_tag":[],"class_list":{"0":"post-736040","1":"product","2":"type-product","3":"status-publish","4":"has-post-thumbnail","6":"product_brand-master-de","7":"product_brand-master","8":"product_cat-master-bloecke","10":"first","11":"instock","12":"shipping-taxable","13":"purchasable","14":"product-type-simple"},"_links":{"self":[{"href":"https:\/\/stoic-curie.212-227-153-4.plesk.page\/de\/wp-json\/wp\/v2\/product\/736040","targetHints":{"allow":["GET"]}}],"collection":[{"href":"https:\/\/stoic-curie.212-227-153-4.plesk.page\/de\/wp-json\/wp\/v2\/product"}],"about":[{"href":"https:\/\/stoic-curie.212-227-153-4.plesk.page\/de\/wp-json\/wp\/v2\/types\/product"}],"replies":[{"embeddable":true,"href":"https:\/\/stoic-curie.212-227-153-4.plesk.page\/de\/wp-json\/wp\/v2\/comments?post=736040"}],"version-history":[{"count":0,"href":"https:\/\/stoic-curie.212-227-153-4.plesk.page\/de\/wp-json\/wp\/v2\/product\/736040\/revisions"}],"wp:featuredmedia":[{"embeddable":true,"href":"https:\/\/stoic-curie.212-227-153-4.plesk.page\/de\/wp-json\/wp\/v2\/media\/5944188"}],"wp:attachment":[{"href":"https:\/\/stoic-curie.212-227-153-4.plesk.page\/de\/wp-json\/wp\/v2\/media?parent=736040"}],"wp:term":[{"taxonomy":"product_brand","embeddable":true,"href":"https:\/\/stoic-curie.212-227-153-4.plesk.page\/de\/wp-json\/wp\/v2\/product_brand?post=736040"},{"taxonomy":"product_cat","embeddable":true,"href":"https:\/\/stoic-curie.212-227-153-4.plesk.page\/de\/wp-json\/wp\/v2\/product_cat?post=736040"},{"taxonomy":"product_tag","embeddable":true,"href":"https:\/\/stoic-curie.212-227-153-4.plesk.page\/de\/wp-json\/wp\/v2\/product_tag?post=736040"}],"curies":[{"name":"wp","href":"https:\/\/api.w.org\/{rel}","templated":true}]}}