{"id":736041,"date":"2025-03-03T16:30:12","date_gmt":"2025-03-03T15:30:12","guid":{"rendered":"https:\/\/stoic-curie.212-227-153-4.plesk.page\/producto\/mast-fiddle-block-mit-klemm-und-besan-72-mm-fuer-12-mm-leinen\/"},"modified":"2026-02-24T23:35:05","modified_gmt":"2026-02-24T23:35:05","slug":"mast-fiddle-block-mit-klemm-und-besan-72-mm-fuer-12-mm-leinen","status":"publish","type":"product","link":"https:\/\/stoic-curie.212-227-153-4.plesk.page\/de\/product\/mast-fiddle-block-mit-klemm-und-besan-72-mm-fuer-12-mm-leinen\/","title":{"rendered":"Mast Fiddle Block mit Klemm- und Besan 72 mm f\u00fcr 12 mm Leinen"},"content":{"rendered":"<p>Mast Fiddle Block mit Klemm- und Besan 72 mm f\u00fcr 12 mm Leinen &#8211; <\/p>\n<p>Master Plain-Bearing-Bl\u00f6cke, die f\u00fcr geringes Gewicht, St\u00e4rke und \u00fcberlegene Handhabung entwickelt wurden. Hergestellt aus glasfaserverst\u00e4rktem Nylon, um metall\u00e4hnliche Festigkeit zu bieten. Selbstschmierende Scheibe reduziert die Reibung und erh\u00f6ht die Effizienz. Das Plain-Bearing aus 316 Edelstahl sorgt f\u00fcr eine sanfte Rotation, die den Seglern eine einfachere Kraft\u00fcbertragung und weniger Verschlei\u00df am Seil erm\u00f6glicht. Plain Bearing: 316 Edelstahl Scheibendurchmesser 72 mm: selbstschmierende Acetalverbindung Wangen: verst\u00e4rkte glasfaserverst\u00e4rkte Nylonverbindung, UV-stabilisiert Drehgelenk: geschmiedeter Grad 316 Edelstahl WL: Arbeitslast BL: Bruchlast HINWEIS: Die Arbeits-\/Bruchlast von Bl\u00f6cken mit Klemme basiert auf der St\u00e4rke der Klemme.<\/p>\n","protected":false},"excerpt":{"rendered":"<p>Mast Fiddle Block mit Klemm- und Besan 72 mm f\u00fcr 12 mm Leinen &#8211; Master Plain-Bearing-Bl\u00f6cke, die f\u00fcr geringes Gewicht,<\/p>\n","protected":false},"featured_media":5944189,"comment_status":"open","ping_status":"closed","template":"","meta":[],"product_brand":[3130],"product_cat":[1483],"product_tag":[],"class_list":{"0":"post-736041","1":"product","2":"type-product","3":"status-publish","4":"has-post-thumbnail","6":"product_brand-master-de","7":"product_cat-master-bloecke","9":"first","10":"instock","11":"shipping-taxable","12":"purchasable","13":"product-type-simple"},"_links":{"self":[{"href":"https:\/\/stoic-curie.212-227-153-4.plesk.page\/de\/wp-json\/wp\/v2\/product\/736041","targetHints":{"allow":["GET"]}}],"collection":[{"href":"https:\/\/stoic-curie.212-227-153-4.plesk.page\/de\/wp-json\/wp\/v2\/product"}],"about":[{"href":"https:\/\/stoic-curie.212-227-153-4.plesk.page\/de\/wp-json\/wp\/v2\/types\/product"}],"replies":[{"embeddable":true,"href":"https:\/\/stoic-curie.212-227-153-4.plesk.page\/de\/wp-json\/wp\/v2\/comments?post=736041"}],"version-history":[{"count":0,"href":"https:\/\/stoic-curie.212-227-153-4.plesk.page\/de\/wp-json\/wp\/v2\/product\/736041\/revisions"}],"wp:featuredmedia":[{"embeddable":true,"href":"https:\/\/stoic-curie.212-227-153-4.plesk.page\/de\/wp-json\/wp\/v2\/media\/5944189"}],"wp:attachment":[{"href":"https:\/\/stoic-curie.212-227-153-4.plesk.page\/de\/wp-json\/wp\/v2\/media?parent=736041"}],"wp:term":[{"taxonomy":"product_brand","embeddable":true,"href":"https:\/\/stoic-curie.212-227-153-4.plesk.page\/de\/wp-json\/wp\/v2\/product_brand?post=736041"},{"taxonomy":"product_cat","embeddable":true,"href":"https:\/\/stoic-curie.212-227-153-4.plesk.page\/de\/wp-json\/wp\/v2\/product_cat?post=736041"},{"taxonomy":"product_tag","embeddable":true,"href":"https:\/\/stoic-curie.212-227-153-4.plesk.page\/de\/wp-json\/wp\/v2\/product_tag?post=736041"}],"curies":[{"name":"wp","href":"https:\/\/api.w.org\/{rel}","templated":true}]}}