{"id":736042,"date":"2025-03-03T16:30:12","date_gmt":"2025-03-03T15:30:12","guid":{"rendered":"https:\/\/stoic-curie.212-227-153-4.plesk.page\/producto\/fiddle-rollenblock-master-windrider-mit-nockenklemme-wirbel-40mm-bis-zu-8mm-leinen\/"},"modified":"2026-02-24T23:35:05","modified_gmt":"2026-02-24T23:35:05","slug":"fiddle-rollenblock-master-windrider-mit-nockenklemme-wirbel-40mm-bis-zu-8mm-leinen","status":"publish","type":"product","link":"https:\/\/stoic-curie.212-227-153-4.plesk.page\/de\/product\/fiddle-rollenblock-master-windrider-mit-nockenklemme-wirbel-40mm-bis-zu-8mm-leinen\/","title":{"rendered":"Fiddle Rollenblock Master Windrider mit Nockenklemme &#038; Wirbel 40mm bis zu 8mm Leinen"},"content":{"rendered":"<p>Fiddle Rollenblock Master Windrider mit Nockenklemme &#038; Wirbel 40mm bis zu 8mm Leinen &#8211; <\/p>\n<p>Master-Komposit-Low-Friction-Kugellagerbl\u00f6cke sind f\u00fcr den Wettkampfsport im Segeln konzipiert. Die hochbelastbaren Komposit-Seitenplatten sorgen f\u00fcr eine optimale Leistung bei Arbeitslasten. Sch\u00f6nes Design und einfache Handhabung.<br \/>Kugellager: selbstschmierende Acetal-Komposit<br \/>Scheibendurchmesser 40 mm: selbstschmierende Acetal-Komposit<br \/>Backen: verst\u00e4rktes glasfaserverst\u00e4rktes Nylonkomposit UV-stabilisiert<br \/>Schwenksch\u00e4kel: Geschmiedeter Edelstahl der Klasse 316<br \/>WL: Arbeitslast<br \/>BL: Bruchlast<br \/>HINWEIS: Arbeits-\/Bruchlast der Bl\u00f6cke mit Klemme basiert auf der St\u00e4rke der Klemme.<\/p>\n","protected":false},"excerpt":{"rendered":"<p>Fiddle Rollenblock Master Windrider mit Nockenklemme &#038; Wirbel 40mm bis zu 8mm Leinen &#8211; Master-Komposit-Low-Friction-Kugellagerbl\u00f6cke sind f\u00fcr den Wettkampfsport im<\/p>\n","protected":false},"featured_media":5944190,"comment_status":"open","ping_status":"closed","template":"","meta":[],"product_brand":[3130],"product_cat":[1483],"product_tag":[],"class_list":{"0":"post-736042","1":"product","2":"type-product","3":"status-publish","4":"has-post-thumbnail","6":"product_brand-master-de","7":"product_cat-master-bloecke","9":"first","10":"instock","11":"shipping-taxable","12":"purchasable","13":"product-type-simple"},"_links":{"self":[{"href":"https:\/\/stoic-curie.212-227-153-4.plesk.page\/de\/wp-json\/wp\/v2\/product\/736042","targetHints":{"allow":["GET"]}}],"collection":[{"href":"https:\/\/stoic-curie.212-227-153-4.plesk.page\/de\/wp-json\/wp\/v2\/product"}],"about":[{"href":"https:\/\/stoic-curie.212-227-153-4.plesk.page\/de\/wp-json\/wp\/v2\/types\/product"}],"replies":[{"embeddable":true,"href":"https:\/\/stoic-curie.212-227-153-4.plesk.page\/de\/wp-json\/wp\/v2\/comments?post=736042"}],"version-history":[{"count":0,"href":"https:\/\/stoic-curie.212-227-153-4.plesk.page\/de\/wp-json\/wp\/v2\/product\/736042\/revisions"}],"wp:featuredmedia":[{"embeddable":true,"href":"https:\/\/stoic-curie.212-227-153-4.plesk.page\/de\/wp-json\/wp\/v2\/media\/5944190"}],"wp:attachment":[{"href":"https:\/\/stoic-curie.212-227-153-4.plesk.page\/de\/wp-json\/wp\/v2\/media?parent=736042"}],"wp:term":[{"taxonomy":"product_brand","embeddable":true,"href":"https:\/\/stoic-curie.212-227-153-4.plesk.page\/de\/wp-json\/wp\/v2\/product_brand?post=736042"},{"taxonomy":"product_cat","embeddable":true,"href":"https:\/\/stoic-curie.212-227-153-4.plesk.page\/de\/wp-json\/wp\/v2\/product_cat?post=736042"},{"taxonomy":"product_tag","embeddable":true,"href":"https:\/\/stoic-curie.212-227-153-4.plesk.page\/de\/wp-json\/wp\/v2\/product_tag?post=736042"}],"curies":[{"name":"wp","href":"https:\/\/api.w.org\/{rel}","templated":true}]}}