{"id":736045,"date":"2025-03-03T16:30:13","date_gmt":"2025-03-03T15:30:13","guid":{"rendered":"https:\/\/stoic-curie.212-227-153-4.plesk.page\/producto\/universal-sport-weste-jobe-rot-50n\/"},"modified":"2026-02-24T23:35:05","modified_gmt":"2026-02-24T23:35:05","slug":"universal-sport-weste-jobe-rot-50n","status":"publish","type":"product","link":"https:\/\/stoic-curie.212-227-153-4.plesk.page\/de\/product\/universal-sport-weste-jobe-rot-50n\/","title":{"rendered":"Universal Sport Weste Jobe Rot 50N"},"content":{"rendered":"<p>Universal Sport Weste Jobe Rot 50N &#8211; <\/p>\n<p>Jobe ISO EN12402-5 genehmigte 50N Schwimmweste, die sich f\u00fcr Wassersport eignet. Hergestellt aus weichem PE-Schaum, beschichtet mit widerstandsf\u00e4higem Nylonstoff und ausgestattet mit einem Wasserdrainagesystem. Universelle Gr\u00f6\u00dfe f\u00fcr Erwachsene, vielseitig dank verstellbarer Tr\u00e4ger. Mit einem schnell l\u00f6sbaren YKK-Schnallenverschluss. 50N &#8211; Auftriebshilfe und Schwimmhilfsmittel. Dies ist keine Rettungsweste. F\u00fcr regelm\u00e4\u00dfige Schwimmer. Nur in der N\u00e4he des Ufers verwenden.<\/p>\n","protected":false},"excerpt":{"rendered":"<p>Universal Sport Weste Jobe Rot 50N &#8211; Jobe ISO EN12402-5 genehmigte 50N Schwimmweste, die sich f\u00fcr Wassersport eignet. Hergestellt aus<\/p>\n","protected":false},"featured_media":3008010,"comment_status":"open","ping_status":"closed","template":"","meta":[],"product_brand":[3040,2214],"product_cat":[1316,1555],"product_tag":[],"class_list":{"0":"post-736045","1":"product","2":"type-product","3":"status-publish","4":"has-post-thumbnail","6":"product_brand-jobe-sports-de","7":"product_brand-jobe-sports","8":"product_cat-auftriebshilfen","9":"product_cat-rettungswesten-fuer-wassersport","11":"first","12":"instock","13":"shipping-taxable","14":"purchasable","15":"product-type-simple"},"_links":{"self":[{"href":"https:\/\/stoic-curie.212-227-153-4.plesk.page\/de\/wp-json\/wp\/v2\/product\/736045","targetHints":{"allow":["GET"]}}],"collection":[{"href":"https:\/\/stoic-curie.212-227-153-4.plesk.page\/de\/wp-json\/wp\/v2\/product"}],"about":[{"href":"https:\/\/stoic-curie.212-227-153-4.plesk.page\/de\/wp-json\/wp\/v2\/types\/product"}],"replies":[{"embeddable":true,"href":"https:\/\/stoic-curie.212-227-153-4.plesk.page\/de\/wp-json\/wp\/v2\/comments?post=736045"}],"version-history":[{"count":0,"href":"https:\/\/stoic-curie.212-227-153-4.plesk.page\/de\/wp-json\/wp\/v2\/product\/736045\/revisions"}],"wp:featuredmedia":[{"embeddable":true,"href":"https:\/\/stoic-curie.212-227-153-4.plesk.page\/de\/wp-json\/"}],"wp:attachment":[{"href":"https:\/\/stoic-curie.212-227-153-4.plesk.page\/de\/wp-json\/wp\/v2\/media?parent=736045"}],"wp:term":[{"taxonomy":"product_brand","embeddable":true,"href":"https:\/\/stoic-curie.212-227-153-4.plesk.page\/de\/wp-json\/wp\/v2\/product_brand?post=736045"},{"taxonomy":"product_cat","embeddable":true,"href":"https:\/\/stoic-curie.212-227-153-4.plesk.page\/de\/wp-json\/wp\/v2\/product_cat?post=736045"},{"taxonomy":"product_tag","embeddable":true,"href":"https:\/\/stoic-curie.212-227-153-4.plesk.page\/de\/wp-json\/wp\/v2\/product_tag?post=736045"}],"curies":[{"name":"wp","href":"https:\/\/api.w.org\/{rel}","templated":true}]}}