{"id":736048,"date":"2025-03-03T16:30:13","date_gmt":"2025-03-03T15:30:13","guid":{"rendered":"https:\/\/stoic-curie.212-227-153-4.plesk.page\/producto\/jobe-demontierbares-sup-paddel-170-210-cm-aluminium\/"},"modified":"2026-02-24T23:35:05","modified_gmt":"2026-02-24T23:35:05","slug":"jobe-demontierbares-sup-paddel-170-210-cm-aluminium","status":"publish","type":"product","link":"https:\/\/stoic-curie.212-227-153-4.plesk.page\/de\/product\/jobe-demontierbares-sup-paddel-170-210-cm-aluminium\/","title":{"rendered":"Jobe Demontierbares Sup-Paddel 170\/210 cm, Aluminium"},"content":{"rendered":"<p>Jobe Demontierbares Sup-Paddel 170\/210 cm, Aluminium &#8211; <\/p>\n<p>Das zerlegbare Paddel von Jobe ist ideal f\u00fcr Stand-Up-Paddling und Wassersportfahrzeuge. Es ist leicht und widerstandsf\u00e4hig, mit verst\u00e4rkten Kunststoffbl\u00e4ttern und einem T-Griff aus anodisiertem Aluminium oder einer Mischung aus Carbon und Fiberglas.<\/p>\n","protected":false},"excerpt":{"rendered":"<p>Jobe Demontierbares Sup-Paddel 170\/210 cm, Aluminium &#8211; Das zerlegbare Paddel von Jobe ist ideal f\u00fcr Stand-Up-Paddling und Wassersportfahrzeuge. Es ist<\/p>\n","protected":false},"featured_media":5944206,"comment_status":"open","ping_status":"closed","template":"","meta":[],"product_brand":[3040],"product_cat":[1549,1558],"product_tag":[],"class_list":{"0":"post-736048","1":"product","2":"type-product","3":"status-publish","4":"has-post-thumbnail","6":"product_brand-jobe-sports-de","7":"product_cat-ruder-und-paddel","8":"product_cat-stand-up-paddle","10":"first","11":"outofstock","12":"shipping-taxable","13":"purchasable","14":"product-type-simple"},"_links":{"self":[{"href":"https:\/\/stoic-curie.212-227-153-4.plesk.page\/de\/wp-json\/wp\/v2\/product\/736048","targetHints":{"allow":["GET"]}}],"collection":[{"href":"https:\/\/stoic-curie.212-227-153-4.plesk.page\/de\/wp-json\/wp\/v2\/product"}],"about":[{"href":"https:\/\/stoic-curie.212-227-153-4.plesk.page\/de\/wp-json\/wp\/v2\/types\/product"}],"replies":[{"embeddable":true,"href":"https:\/\/stoic-curie.212-227-153-4.plesk.page\/de\/wp-json\/wp\/v2\/comments?post=736048"}],"version-history":[{"count":0,"href":"https:\/\/stoic-curie.212-227-153-4.plesk.page\/de\/wp-json\/wp\/v2\/product\/736048\/revisions"}],"wp:featuredmedia":[{"embeddable":true,"href":"https:\/\/stoic-curie.212-227-153-4.plesk.page\/de\/wp-json\/wp\/v2\/media\/5944206"}],"wp:attachment":[{"href":"https:\/\/stoic-curie.212-227-153-4.plesk.page\/de\/wp-json\/wp\/v2\/media?parent=736048"}],"wp:term":[{"taxonomy":"product_brand","embeddable":true,"href":"https:\/\/stoic-curie.212-227-153-4.plesk.page\/de\/wp-json\/wp\/v2\/product_brand?post=736048"},{"taxonomy":"product_cat","embeddable":true,"href":"https:\/\/stoic-curie.212-227-153-4.plesk.page\/de\/wp-json\/wp\/v2\/product_cat?post=736048"},{"taxonomy":"product_tag","embeddable":true,"href":"https:\/\/stoic-curie.212-227-153-4.plesk.page\/de\/wp-json\/wp\/v2\/product_tag?post=736048"}],"curies":[{"name":"wp","href":"https:\/\/api.w.org\/{rel}","templated":true}]}}