{"id":736051,"date":"2025-03-03T16:30:14","date_gmt":"2025-03-03T15:30:14","guid":{"rendered":"https:\/\/stoic-curie.212-227-153-4.plesk.page\/producto\/rettungsinsel-eurovinil-fuer-10-personen-behaelter-iso-9650\/"},"modified":"2026-02-24T23:35:05","modified_gmt":"2026-02-24T23:35:05","slug":"rettungsinsel-eurovinil-fuer-10-personen-behaelter-iso-9650","status":"publish","type":"product","link":"https:\/\/stoic-curie.212-227-153-4.plesk.page\/de\/product\/rettungsinsel-eurovinil-fuer-10-personen-behaelter-iso-9650\/","title":{"rendered":"Rettungsinsel Eurovinil f\u00fcr 10 Personen, Beh\u00e4lter ISO 9650"},"content":{"rendered":"<p>Rettungsinsel Eurovinil f\u00fcr 10 Personen, Beh\u00e4lter ISO 9650 &#8211; <\/p>\n<p style=\"color: rgb(34, 34, 34); font-family: Arial, Helvetica, sans-serif; font-size: small;\">Die Eurovinil Syntesy Rettungsinseln sind gem\u00e4\u00df ISO 9650:2005 zertifiziert und bieten mehr als 24 Stunden Sicherheit f\u00fcr Hochsee-Segeln \u00fcber 12 Seemeilen. Die Syntesy 9650 gilt als das f\u00fchrende Rettungsflo\u00df unter allen europ\u00e4ischen, ISO-zertifizierten Optionen und ist eine hervorragende Wahl f\u00fcr das Segeln auf dem Ozean, wobei es bequem bis zu 10 Personen aufnehmen kann. Es verf\u00fcgt \u00fcber wichtige Komponenten wie interne und externe Leitern f\u00fcr einen einfachen Zugang, ein Doppelboden-aufblasbares Design f\u00fcr verbesserte Stabilit\u00e4t und thermische Schutzh\u00fcllen, um die Insassen warm zu halten.<\/p>\n<p style=\"color: rgb(34, 34, 34); font-family: Arial, Helvetica, sans-serif; font-size: small;\">Dar\u00fcber hinaus ist dieses Rettungsflo\u00df mit einem umfassenden \u00dcberlebenskit ausgestattet, das Nahrungsrationen und einen Erste-Hilfe-Kasten enth\u00e4lt. Es hat auch Innen- und Au\u00dfenbeleuchtung zur Verbesserung der Sichtbarkeit sowie Sicherheitsmerkmale wie retroreflektierendes Material auf der Zeltabdeckung und ein Notsignal.<\/p>\n<p style=\"color: rgb(34, 34, 34); font-family: Arial, Helvetica, sans-serif; font-size: small;\"><strong>Spezifikationen:<\/strong><\/p>\n<ul style=\"color: rgb(34, 34, 34); font-family: Arial, Helvetica, sans-serif; font-size: small;\">\n<li><strong>Kapazit\u00e4t:<\/strong>\u00a010-Personen-Beh\u00e4lter (2901160)<\/li>\n<li><strong>Zertifizierung:<\/strong>\u00a0ISO 9650:2005<\/li>\n<li><strong>Abmessungen:<\/strong>\u00a078 x 47 x 29 cm<\/li>\n<li><strong>Gewicht:<\/strong>\u00a073 kg<\/li>\n<li><strong>Leiterkonfiguration:<\/strong>\u00a0Verf\u00fcgt \u00fcber interne und externe Leitern f\u00fcr einfachen Zugang<\/li>\n<li><strong>Stabile Konstruktion:<\/strong>\u00a0Entwickelt mit einer Doppelboden-aufblasbaren Struktur und Ballasttaschen f\u00fcr verbesserte Stabilit\u00e4t<\/li>\n<li><strong>Thermischer Schutz:<\/strong>\u00a0Beinhaltet thermische Schutzh\u00fcllen, um die W\u00e4rme in kalten Bedingungen aufrechtzuerhalten<\/li>\n<li><strong>\u00dcberlebenskit:<\/strong>\u00a0Kommt mit Nahrungsrationen, einem Angelset, Trinkwasser und einem Erste-Hilfe-Kasten<\/li>\n<li><strong>Beleuchtung:<\/strong>\u00a0Ausgestattet mit interner und externer Beleuchtung zur Verbesserung der Sichtbarkeit<\/li>\n<li><strong>Sicherheitsmerkmale:<\/strong>\u00a0Verwendet retroreflektierendes Material auf der Zeltabdeckung und beinhaltet ein Notsignal<\/li>\n<\/ul>\n<p style=\"color: rgb(34, 34, 34); font-family: Arial, Helvetica, sans-serif; font-size: small;\">Dieses Rettungsflo\u00df ist sorgf\u00e4ltig konstruiert, um Sicherheit und Ruhe f\u00fcr diejenigen zu bieten, die sich in offene Gew\u00e4sser wagen.<\/p>\n","protected":false},"excerpt":{"rendered":"<p>Rettungsinsel Eurovinil f\u00fcr 10 Personen, Beh\u00e4lter ISO 9650 &#8211; Die Eurovinil Syntesy Rettungsinseln sind gem\u00e4\u00df ISO 9650:2005 zertifiziert und bieten<\/p>\n","protected":false},"featured_media":5944212,"comment_status":"open","ping_status":"closed","template":"","meta":[],"product_brand":[2925],"product_cat":[1320],"product_tag":[],"class_list":{"0":"post-736051","1":"product","2":"type-product","3":"status-publish","4":"has-post-thumbnail","6":"product_brand-eurovinil-de","7":"product_cat-rettungsinseln","9":"first","10":"outofstock","11":"shipping-taxable","12":"purchasable","13":"product-type-simple"},"_links":{"self":[{"href":"https:\/\/stoic-curie.212-227-153-4.plesk.page\/de\/wp-json\/wp\/v2\/product\/736051","targetHints":{"allow":["GET"]}}],"collection":[{"href":"https:\/\/stoic-curie.212-227-153-4.plesk.page\/de\/wp-json\/wp\/v2\/product"}],"about":[{"href":"https:\/\/stoic-curie.212-227-153-4.plesk.page\/de\/wp-json\/wp\/v2\/types\/product"}],"replies":[{"embeddable":true,"href":"https:\/\/stoic-curie.212-227-153-4.plesk.page\/de\/wp-json\/wp\/v2\/comments?post=736051"}],"version-history":[{"count":0,"href":"https:\/\/stoic-curie.212-227-153-4.plesk.page\/de\/wp-json\/wp\/v2\/product\/736051\/revisions"}],"wp:featuredmedia":[{"embeddable":true,"href":"https:\/\/stoic-curie.212-227-153-4.plesk.page\/de\/wp-json\/wp\/v2\/media\/5944212"}],"wp:attachment":[{"href":"https:\/\/stoic-curie.212-227-153-4.plesk.page\/de\/wp-json\/wp\/v2\/media?parent=736051"}],"wp:term":[{"taxonomy":"product_brand","embeddable":true,"href":"https:\/\/stoic-curie.212-227-153-4.plesk.page\/de\/wp-json\/wp\/v2\/product_brand?post=736051"},{"taxonomy":"product_cat","embeddable":true,"href":"https:\/\/stoic-curie.212-227-153-4.plesk.page\/de\/wp-json\/wp\/v2\/product_cat?post=736051"},{"taxonomy":"product_tag","embeddable":true,"href":"https:\/\/stoic-curie.212-227-153-4.plesk.page\/de\/wp-json\/wp\/v2\/product_tag?post=736051"}],"curies":[{"name":"wp","href":"https:\/\/api.w.org\/{rel}","templated":true}]}}