{"id":736052,"date":"2025-03-03T16:30:14","date_gmt":"2025-03-03T15:30:14","guid":{"rendered":"https:\/\/stoic-curie.212-227-153-4.plesk.page\/producto\/rettungsinsel-eurovinil-fuer-4-personen-behaelter-iso-9650\/"},"modified":"2026-02-24T23:35:05","modified_gmt":"2026-02-24T23:35:05","slug":"rettungsinsel-eurovinil-fuer-4-personen-behaelter-iso-9650","status":"publish","type":"product","link":"https:\/\/stoic-curie.212-227-153-4.plesk.page\/de\/product\/rettungsinsel-eurovinil-fuer-4-personen-behaelter-iso-9650\/","title":{"rendered":"Rettungsinsel Eurovinil f\u00fcr 4 Personen, Beh\u00e4lter ISO 9650"},"content":{"rendered":"<p>Rettungsinsel Eurovinil f\u00fcr 4 Personen, Beh\u00e4lter ISO 9650 &#8211; <\/p>\n<p>Der Eurovinil Syntesy-Rettungsflo\u00df f\u00fcr 4 Personen ist in einem robusten Container untergebracht und entspricht den Anforderungen der Norm ISO 9650:2005. Dieses Zertifikat garantiert Sicherheit f\u00fcr \u00fcber 24 Stunden und ist f\u00fcr die Hochsee-Navigation \u00fcber 12 Seemeilen geeignet. Als das f\u00fchrende Rettungsflo\u00df unter allen europ\u00e4ischen, ISO-zertifizierten Optionen wird das Syntesy 9650 als au\u00dfergew\u00f6hnliche Wahl f\u00fcr Ozeanreisen anerkannt und bietet bequem Platz f\u00fcr bis zu 4 Personen. Es verf\u00fcgt \u00fcber wesentliche Komponenten wie innere und \u00e4u\u00dfere Leitern f\u00fcr einfachen Zugang, ein doppelwandiges aufblasbares Design, das die Stabilit\u00e4t erh\u00f6ht, und thermische Schutztaschen, um die Insassen warm zu halten.<\/p>\n<p>Zus\u00e4tzlich ist dieses Rettungsflo\u00df mit einem umfassenden \u00dcberlebenskit ausgestattet, das Nahrungsrationen und einen Erste-Hilfe-Kasten beinhaltet. Es sorgt auch f\u00fcr interne und externe Beleuchtung zur Verbesserung der Sichtbarkeit sowie Sicherheitsmerkmale wie retroreflektierendes Material auf der Zeltabdeckung und ein Notsignal.<\/p>\n<p><strong>Spezifikationen:<\/strong><\/p>\n<ul>\n<li><strong>Kapazit\u00e4t:<\/strong> 4-Personen-Container (2901151)<\/li>\n<li><strong>Zertifizierung:<\/strong> ISO 9650:2005<\/li>\n<li><strong>Abmessungen:<\/strong> 69 x 42 x 29 cm<\/li>\n<li><strong>Gewicht:<\/strong> 44 kg<\/li>\n<li><strong>Leiteranordnung:<\/strong> Beinhaltet sowohl innere als auch \u00e4u\u00dfere Leitern f\u00fcr einfachen Zugang<\/li>\n<li><strong>Stabile Konstruktion:<\/strong> Entworfen mit einer doppelwandigen aufblasbaren Struktur und Ballasttaschen f\u00fcr erh\u00f6hte Stabilit\u00e4t<\/li>\n<li><strong>Thermaler Schutz:<\/strong> Mit thermischen Schutzh\u00fcllen geliefert, um W\u00e4rme in kalten Bedingungen zu speichern<\/li>\n<li><strong>\u00dcberlebenskit:<\/strong> Enth\u00e4lt Nahrungsrationen, ein Angelset, Trinkwasser und einen Erste-Hilfe-Kasten<\/li>\n<li><strong>Beleuchtung:<\/strong> Ausgestattet mit interner und externer Beleuchtung f\u00fcr verbesserte Sichtbarkeit<\/li>\n<li><strong>Sicherheitsmerkmale:<\/strong> Verwendet retroreflektierendes Material auf der Zeltabdeckung und umfasst ein Notsignal<\/li>\n<\/ul>\n<p>Dieses Rettungsflo\u00df bietet sorgf\u00e4ltig gefertigtes Vertrauen und Sicherheit f\u00fcr alle, die sich auf Reisen in offene Gew\u00e4sser begeben.<\/p>\n","protected":false},"excerpt":{"rendered":"<p>Rettungsinsel Eurovinil f\u00fcr 4 Personen, Beh\u00e4lter ISO 9650 &#8211; Der Eurovinil Syntesy-Rettungsflo\u00df f\u00fcr 4 Personen ist in einem robusten Container<\/p>\n","protected":false},"featured_media":5944212,"comment_status":"open","ping_status":"closed","template":"","meta":[],"product_brand":[2925],"product_cat":[1320],"product_tag":[],"class_list":{"0":"post-736052","1":"product","2":"type-product","3":"status-publish","4":"has-post-thumbnail","6":"product_brand-eurovinil-de","7":"product_cat-rettungsinseln","9":"first","10":"outofstock","11":"shipping-taxable","12":"purchasable","13":"product-type-simple"},"_links":{"self":[{"href":"https:\/\/stoic-curie.212-227-153-4.plesk.page\/de\/wp-json\/wp\/v2\/product\/736052","targetHints":{"allow":["GET"]}}],"collection":[{"href":"https:\/\/stoic-curie.212-227-153-4.plesk.page\/de\/wp-json\/wp\/v2\/product"}],"about":[{"href":"https:\/\/stoic-curie.212-227-153-4.plesk.page\/de\/wp-json\/wp\/v2\/types\/product"}],"replies":[{"embeddable":true,"href":"https:\/\/stoic-curie.212-227-153-4.plesk.page\/de\/wp-json\/wp\/v2\/comments?post=736052"}],"version-history":[{"count":0,"href":"https:\/\/stoic-curie.212-227-153-4.plesk.page\/de\/wp-json\/wp\/v2\/product\/736052\/revisions"}],"wp:featuredmedia":[{"embeddable":true,"href":"https:\/\/stoic-curie.212-227-153-4.plesk.page\/de\/wp-json\/wp\/v2\/media\/5944212"}],"wp:attachment":[{"href":"https:\/\/stoic-curie.212-227-153-4.plesk.page\/de\/wp-json\/wp\/v2\/media?parent=736052"}],"wp:term":[{"taxonomy":"product_brand","embeddable":true,"href":"https:\/\/stoic-curie.212-227-153-4.plesk.page\/de\/wp-json\/wp\/v2\/product_brand?post=736052"},{"taxonomy":"product_cat","embeddable":true,"href":"https:\/\/stoic-curie.212-227-153-4.plesk.page\/de\/wp-json\/wp\/v2\/product_cat?post=736052"},{"taxonomy":"product_tag","embeddable":true,"href":"https:\/\/stoic-curie.212-227-153-4.plesk.page\/de\/wp-json\/wp\/v2\/product_tag?post=736052"}],"curies":[{"name":"wp","href":"https:\/\/api.w.org\/{rel}","templated":true}]}}