{"id":736053,"date":"2025-03-03T16:30:15","date_gmt":"2025-03-03T15:30:15","guid":{"rendered":"https:\/\/stoic-curie.212-227-153-4.plesk.page\/producto\/rettungsinsel-eurovinil-fuer-6-personen-behaelter-iso-9650\/"},"modified":"2026-02-24T23:35:05","modified_gmt":"2026-02-24T23:35:05","slug":"rettungsinsel-eurovinil-fuer-6-personen-behaelter-iso-9650","status":"publish","type":"product","link":"https:\/\/stoic-curie.212-227-153-4.plesk.page\/de\/product\/rettungsinsel-eurovinil-fuer-6-personen-behaelter-iso-9650\/","title":{"rendered":"Rettungsinsel Eurovinil f\u00fcr 6 Personen, Beh\u00e4lter ISO 9650"},"content":{"rendered":"<p>Rettungsinsel Eurovinil f\u00fcr 6 Personen, Beh\u00e4lter ISO 9650 &#8211; <\/p>\n<p style=\"color: rgb(34, 34, 34); font-family: Arial, Helvetica, sans-serif; font-size: small;\">Der Liferaft Eurovinil Syntesy f\u00fcr 6 Personen, der in einem Container untergebracht ist, ist gem\u00e4\u00df ISO 9650:2005 zertifiziert und gew\u00e4hrleistet Sicherheit \u00fcber 24 Stunden und f\u00fcr die Offshore-Navigation \u00fcber 12 Seemeilen. Der Syntesy 9650 wird als das f\u00fchrende Rettungsfahrzeug unter allen europ\u00e4ischen ISO-zertifizierten Alternativen anerkannt und ist eine hervorragende Wahl f\u00fcr Ozeanfahrten, die bis zu 6 Personen problemlos unterbringen kann. Es verf\u00fcgt \u00fcber wichtige Funktionen wie interne und externe Leitern f\u00fcr einfachen Zugang, ein doppelt abgedichtetes Aufblassystem, das die Stabilit\u00e4t erh\u00f6ht, und thermische Schutzbeutel, um sicherzustellen, dass die Insassen warm bleiben.<\/p>\n<p style=\"color: rgb(34, 34, 34); font-family: Arial, Helvetica, sans-serif; font-size: small;\">Dar\u00fcber hinaus ist dieses Rettungsboot mit einem umfassenden \u00dcberlebenskit ausgestattet, das Nahrungsmittelrationen und ein Erste-Hilfe-Set umfasst. Es verf\u00fcgt auch \u00fcber interne und externe Beleuchtung zur Verbesserung der Sichtbarkeit sowie Sicherheitskomponenten wie retroreflektives Material auf dem Zeltcover und ein Notsignal.<\/p>\n<p style=\"color: rgb(34, 34, 34); font-family: Arial, Helvetica, sans-serif; font-size: small;\">Spezifikationen:<\/p>\n<ul style=\"color: rgb(34, 34, 34); font-family: Arial, Helvetica, sans-serif; font-size: small;\">\n<li>Kapazit\u00e4t: 6-Personen-Container (2901154)<\/li>\n<li>Zertifizierung: ISO 9650:2005<\/li>\n<li>Abmessungen: 70 x 48 x 28 cm<\/li>\n<li>Gewicht: 52 kg<\/li>\n<li>Leiterkonfiguration: Verf\u00fcgt \u00fcber interne und externe Leitern f\u00fcr einfachen Zugang<\/li>\n<li>Stabile Konstruktion: Entwickelt mit einer doppelt abgedichteten Struktur und Ballasttaschen f\u00fcr verbesserte Stabilit\u00e4t<\/li>\n<li>Thermischer Schutz: Mit thermischen Schutzbeuteln ausgestattet, um in kalten Umgebungen W\u00e4rme zu erhalten<\/li>\n<li>\u00dcberlebenskit: Enth\u00e4lt Nahrungsmittelrationen, ein Angelset, Trinkwasser und ein Erste-Hilfe-Set<\/li>\n<li>Beleuchtung: Mit interner und externer Beleuchtung f\u00fcr bessere Sichtbarkeit ausgestattet<\/li>\n<li>Sicherheitsmerkmale: Verwendet retroreflektives Material auf dem Zeltcover und beinhaltet ein Notsignal<\/li>\n<\/ul>\n<p style=\"color: rgb(34, 34, 34); font-family: Arial, Helvetica, sans-serif; font-size: small;\">Dieses Rettungsboot ist akribisch gestaltet, um Sicherheit und Vertrauen f\u00fcr diejenigen zu bieten, die sich auf Reisen in offene Gew\u00e4sser begeben.<\/p>\n","protected":false},"excerpt":{"rendered":"<p>Rettungsinsel Eurovinil f\u00fcr 6 Personen, Beh\u00e4lter ISO 9650 &#8211; Der Liferaft Eurovinil Syntesy f\u00fcr 6 Personen, der in einem Container<\/p>\n","protected":false},"featured_media":5944212,"comment_status":"open","ping_status":"closed","template":"","meta":[],"product_brand":[2925],"product_cat":[1320],"product_tag":[],"class_list":{"0":"post-736053","1":"product","2":"type-product","3":"status-publish","4":"has-post-thumbnail","6":"product_brand-eurovinil-de","7":"product_cat-rettungsinseln","9":"first","10":"outofstock","11":"shipping-taxable","12":"purchasable","13":"product-type-simple"},"_links":{"self":[{"href":"https:\/\/stoic-curie.212-227-153-4.plesk.page\/de\/wp-json\/wp\/v2\/product\/736053","targetHints":{"allow":["GET"]}}],"collection":[{"href":"https:\/\/stoic-curie.212-227-153-4.plesk.page\/de\/wp-json\/wp\/v2\/product"}],"about":[{"href":"https:\/\/stoic-curie.212-227-153-4.plesk.page\/de\/wp-json\/wp\/v2\/types\/product"}],"replies":[{"embeddable":true,"href":"https:\/\/stoic-curie.212-227-153-4.plesk.page\/de\/wp-json\/wp\/v2\/comments?post=736053"}],"version-history":[{"count":0,"href":"https:\/\/stoic-curie.212-227-153-4.plesk.page\/de\/wp-json\/wp\/v2\/product\/736053\/revisions"}],"wp:featuredmedia":[{"embeddable":true,"href":"https:\/\/stoic-curie.212-227-153-4.plesk.page\/de\/wp-json\/wp\/v2\/media\/5944212"}],"wp:attachment":[{"href":"https:\/\/stoic-curie.212-227-153-4.plesk.page\/de\/wp-json\/wp\/v2\/media?parent=736053"}],"wp:term":[{"taxonomy":"product_brand","embeddable":true,"href":"https:\/\/stoic-curie.212-227-153-4.plesk.page\/de\/wp-json\/wp\/v2\/product_brand?post=736053"},{"taxonomy":"product_cat","embeddable":true,"href":"https:\/\/stoic-curie.212-227-153-4.plesk.page\/de\/wp-json\/wp\/v2\/product_cat?post=736053"},{"taxonomy":"product_tag","embeddable":true,"href":"https:\/\/stoic-curie.212-227-153-4.plesk.page\/de\/wp-json\/wp\/v2\/product_tag?post=736053"}],"curies":[{"name":"wp","href":"https:\/\/api.w.org\/{rel}","templated":true}]}}