{"id":736055,"date":"2025-03-03T16:30:15","date_gmt":"2025-03-03T15:30:15","guid":{"rendered":"https:\/\/stoic-curie.212-227-153-4.plesk.page\/producto\/rettungsinsel-eurovinil-fuer-10-personen-koffer-iso-9650\/"},"modified":"2026-02-24T23:35:05","modified_gmt":"2026-02-24T23:35:05","slug":"rettungsinsel-eurovinil-fuer-10-personen-koffer-iso-9650","status":"publish","type":"product","link":"https:\/\/stoic-curie.212-227-153-4.plesk.page\/de\/product\/rettungsinsel-eurovinil-fuer-10-personen-koffer-iso-9650\/","title":{"rendered":"Rettungsinsel Eurovinil f\u00fcr 10 Personen, Koffer ISO 9650"},"content":{"rendered":"<p>Rettungsinsel Eurovinil f\u00fcr 10 Personen, Koffer ISO 9650 &#8211; <\/p>\n<p>Die Eurovinil Syntesy Rettungsinseln, die in einer wasserdichten Tasche verstaut sind, entsprechen der ISO 9650:2005-Zertifizierung. Diese Zertifizierung gew\u00e4hrleistet Sicherheit f\u00fcr \u00fcber 24 Stunden und ist geeignet f\u00fcr Hochsee-Segefahrten \u00fcber 12 Seemeilen. Die Syntesy 9650 gilt als das f\u00fchrende Rettungsflo\u00df unter allen in Europa ISO-zertifizierten Optionen und ist eine hervorragende Wahl f\u00fcr Ozeansegeln, da es bis zu 10 Personen bequem aufnehmen kann. Es verf\u00fcgt \u00fcber wesentliche Elemente wie innere und \u00e4u\u00dfere Leitern f\u00fcr einen einfachen Zugang, ein doppelt konstruiertes, aufblasbares Design f\u00fcr verbesserte Stabilit\u00e4t und Thermoschutzs\u00e4cke, um die Insassen warm zu halten.<\/p>\n<p>Dar\u00fcber hinaus wird dieses Rettungsflo\u00df mit einem umfassenden \u00dcberlebenskit geliefert, das Nahrungsrationen und ein Erste-Hilfe-Set beinhaltet. Es ist auch mit interner und externer Beleuchtung ausgestattet, um die Sichtbarkeit zu verbessern, sowie mit Sicherheitsmerkmalen wie retroreflektierendem Material auf dem Zelt\u00fcberzug und einem Notsignal.<\/p>\n<p><strong>Spezifikationen:<\/strong><\/p>\n<ul>\n<li><strong>Kapazit\u00e4t:<\/strong> 10 Personen in wasserdichter Tasche (2901160)<\/li>\n<li><strong>Zertifizierung:<\/strong> ISO 9650:2005<\/li>\n<li><strong>Abmessungen:<\/strong> 79 x 49 x 28 cm<\/li>\n<li><strong>Gewicht:<\/strong> 67 kg<\/li>\n<li><strong>Leiternkonfiguration:<\/strong> Enth\u00e4lt sowohl interne als auch externe Leitern f\u00fcr einfachen Zugang<\/li>\n<li><strong>Stabile Konstruktion:<\/strong> Entwickelt mit einer doppelt konstruierten, aufblasbaren Struktur und Ballasttaschen f\u00fcr verbesserte Stabilit\u00e4t<\/li>\n<li><strong>Thermischer Schutz:<\/strong> Kommt mit Thermoschutzs\u00e4cken, um W\u00e4rme bei kalten Bedingungen zu erhalten<\/li>\n<li><strong>\u00dcberlebenskit:<\/strong> Beinhaltet Nahrungsrationen, ein Angelset, Trinkwasser und ein Erste-Hilfe-Set<\/li>\n<li><strong>Beleuchtung:<\/strong> Ausgestattet mit interner und externer Beleuchtung f\u00fcr verbesserte Sichtbarkeit<\/li>\n<li><strong>Sicherheitsmerkmale:<\/strong> Verwendet retroreflektierendes Material auf dem Zelt\u00fcberzug und beinhaltet ein Notsignal<\/li>\n<\/ul>\n<p>Dieses Rettungsflo\u00df ist sorgf\u00e4ltig gestaltet, um Sicherheit und Seelenfrieden f\u00fcr alle, die in offene Gew\u00e4sser aufbrechen, zu gew\u00e4hrleisten.<\/p>\n","protected":false},"excerpt":{"rendered":"<p>Rettungsinsel Eurovinil f\u00fcr 10 Personen, Koffer ISO 9650 &#8211; Die Eurovinil Syntesy Rettungsinseln, die in einer wasserdichten Tasche verstaut sind,<\/p>\n","protected":false},"featured_media":5944213,"comment_status":"open","ping_status":"closed","template":"","meta":[],"product_brand":[2925],"product_cat":[1320],"product_tag":[],"class_list":{"0":"post-736055","1":"product","2":"type-product","3":"status-publish","4":"has-post-thumbnail","6":"product_brand-eurovinil-de","7":"product_cat-rettungsinseln","9":"first","10":"outofstock","11":"shipping-taxable","12":"purchasable","13":"product-type-simple"},"_links":{"self":[{"href":"https:\/\/stoic-curie.212-227-153-4.plesk.page\/de\/wp-json\/wp\/v2\/product\/736055","targetHints":{"allow":["GET"]}}],"collection":[{"href":"https:\/\/stoic-curie.212-227-153-4.plesk.page\/de\/wp-json\/wp\/v2\/product"}],"about":[{"href":"https:\/\/stoic-curie.212-227-153-4.plesk.page\/de\/wp-json\/wp\/v2\/types\/product"}],"replies":[{"embeddable":true,"href":"https:\/\/stoic-curie.212-227-153-4.plesk.page\/de\/wp-json\/wp\/v2\/comments?post=736055"}],"version-history":[{"count":0,"href":"https:\/\/stoic-curie.212-227-153-4.plesk.page\/de\/wp-json\/wp\/v2\/product\/736055\/revisions"}],"wp:featuredmedia":[{"embeddable":true,"href":"https:\/\/stoic-curie.212-227-153-4.plesk.page\/de\/wp-json\/wp\/v2\/media\/5944213"}],"wp:attachment":[{"href":"https:\/\/stoic-curie.212-227-153-4.plesk.page\/de\/wp-json\/wp\/v2\/media?parent=736055"}],"wp:term":[{"taxonomy":"product_brand","embeddable":true,"href":"https:\/\/stoic-curie.212-227-153-4.plesk.page\/de\/wp-json\/wp\/v2\/product_brand?post=736055"},{"taxonomy":"product_cat","embeddable":true,"href":"https:\/\/stoic-curie.212-227-153-4.plesk.page\/de\/wp-json\/wp\/v2\/product_cat?post=736055"},{"taxonomy":"product_tag","embeddable":true,"href":"https:\/\/stoic-curie.212-227-153-4.plesk.page\/de\/wp-json\/wp\/v2\/product_tag?post=736055"}],"curies":[{"name":"wp","href":"https:\/\/api.w.org\/{rel}","templated":true}]}}