{"id":736057,"date":"2025-03-03T16:30:16","date_gmt":"2025-03-03T15:30:16","guid":{"rendered":"https:\/\/stoic-curie.212-227-153-4.plesk.page\/producto\/rettungsinsel-eurovinil-fuer-6-personen-koffer-iso-9650\/"},"modified":"2026-02-24T23:35:05","modified_gmt":"2026-02-24T23:35:05","slug":"rettungsinsel-eurovinil-fuer-6-personen-koffer-iso-9650","status":"publish","type":"product","link":"https:\/\/stoic-curie.212-227-153-4.plesk.page\/de\/product\/rettungsinsel-eurovinil-fuer-6-personen-koffer-iso-9650\/","title":{"rendered":"Rettungsinsel Eurovinil f\u00fcr 6 Personen, Koffer ISO 9650"},"content":{"rendered":"<p>Rettungsinsel Eurovinil f\u00fcr 6 Personen, Koffer ISO 9650 &#8211; <\/p>\n<p style=\"color: rgb(34, 34, 34); font-family: Arial, Helvetica, sans-serif; font-size: small;\">Das Eurovinil Syntesy Rettungsflo\u00df f\u00fcr 6 Personen, bequem in einer wasserdichten Tasche verstaut, ist gem\u00e4\u00df den ISO 9650:2005 Standards zertifiziert. Diese Zertifizierung gew\u00e4hrleistet Sicherheit f\u00fcr \u00fcber 24 Stunden und ist speziell f\u00fcr Hochsee-Segeltouren au\u00dferhalb von 12 nautischen Meilen konzipiert. Als das f\u00fchrende Rettungsflo\u00df unter allen europ\u00e4ischen ISO-zertifizierten Alternativen bietet das Syntesy 9650 eine au\u00dfergew\u00f6hnliche Option f\u00fcr Ozeanfahrten und bietet Platz f\u00fcr bis zu 6 Personen. Es ist mit wichtigen Funktionen ausgestattet, darunter interne und externe Leitern f\u00fcr einen m\u00fchelosen Zugang, einem doppelten, aufblasbaren Design, das die Stabilit\u00e4t erh\u00f6ht, und thermischen Schutzh\u00fcllen, die W\u00e4rme f\u00fcr die Insassen gew\u00e4hrleisten.<\/p>\n<p style=\"color: rgb(34, 34, 34); font-family: Arial, Helvetica, sans-serif; font-size: small;\">Dar\u00fcber hinaus ist dieses Rettungsflo\u00df mit einem umfassenden \u00dcberlebenskit ausgestattet, das Nahrungsrationen und ein Erste-Hilfe-Set umfasst. Es enth\u00e4lt au\u00dferdem interne und externe Beleuchtung zur Verbesserung der Sichtbarkeit sowie Sicherheitsmerkmale wie retroreflektierendes Material auf der Zeltabdeckung und ein Notsignal.<\/p>\n<p style=\"color: rgb(34, 34, 34); font-family: Arial, Helvetica, sans-serif; font-size: small;\">Spezifikationen:<\/p>\n<ul style=\"color: rgb(34, 34, 34); font-family: Arial, Helvetica, sans-serif; font-size: small;\">\n<li>Kapazit\u00e4t: 6 Personen in wasserdichter Tasche (2901153)<\/li>\n<li>Zertifizierung: ISO 9650:2005<\/li>\n<li>Abmessungen: 69 x 46 x 28 cm<\/li>\n<li>Gewicht: 47 kg<\/li>\n<li>Leiternkonfiguration: Verf\u00fcgt \u00fcber interne und externe Leitern f\u00fcr einfachen Zugang<\/li>\n<li>Stabile Konstruktion: Konstruiert mit einer doppelten aufblasbaren Struktur und Ballasttaschen f\u00fcr verbesserte Stabilit\u00e4t<\/li>\n<li>Thermischer Schutz: Ausgestattet mit thermischen Schutzh\u00fcllen, um W\u00e4rme in kalten Umgebungen zu halten<\/li>\n<li>\u00dcberlebenskit: Enth\u00e4lt Nahrungsrationen, ein Angelausr\u00fcstungsset, Trinkwasser und ein Erste-Hilfe-Set<\/li>\n<li>Beleuchtung: Mit interner und externer Beleuchtung f\u00fcr bessere Sichtbarkeit ausgestattet<\/li>\n<li>Sicherheitsmerkmale: Beinhaltet retroreflektierendes Material auf der Zeltabdeckung und ein Notsignal<\/li>\n<\/ul>\n<p style=\"color: rgb(34, 34, 34); font-family: Arial, Helvetica, sans-serif; font-size: small;\">Dieses Rettungsflo\u00df ist sorgf\u00e4ltig entworfen, um Sicherheit und Seelenfrieden f\u00fcr diejenigen zu gew\u00e4hrleisten, die Abenteuer auf offener See unternehmen.<\/p>\n","protected":false},"excerpt":{"rendered":"<p>Rettungsinsel Eurovinil f\u00fcr 6 Personen, Koffer ISO 9650 &#8211; Das Eurovinil Syntesy Rettungsflo\u00df f\u00fcr 6 Personen, bequem in einer wasserdichten<\/p>\n","protected":false},"featured_media":5944213,"comment_status":"open","ping_status":"closed","template":"","meta":[],"product_brand":[2925],"product_cat":[1320],"product_tag":[],"class_list":{"0":"post-736057","1":"product","2":"type-product","3":"status-publish","4":"has-post-thumbnail","6":"product_brand-eurovinil-de","7":"product_cat-rettungsinseln","9":"first","10":"outofstock","11":"shipping-taxable","12":"purchasable","13":"product-type-simple"},"_links":{"self":[{"href":"https:\/\/stoic-curie.212-227-153-4.plesk.page\/de\/wp-json\/wp\/v2\/product\/736057","targetHints":{"allow":["GET"]}}],"collection":[{"href":"https:\/\/stoic-curie.212-227-153-4.plesk.page\/de\/wp-json\/wp\/v2\/product"}],"about":[{"href":"https:\/\/stoic-curie.212-227-153-4.plesk.page\/de\/wp-json\/wp\/v2\/types\/product"}],"replies":[{"embeddable":true,"href":"https:\/\/stoic-curie.212-227-153-4.plesk.page\/de\/wp-json\/wp\/v2\/comments?post=736057"}],"version-history":[{"count":0,"href":"https:\/\/stoic-curie.212-227-153-4.plesk.page\/de\/wp-json\/wp\/v2\/product\/736057\/revisions"}],"wp:featuredmedia":[{"embeddable":true,"href":"https:\/\/stoic-curie.212-227-153-4.plesk.page\/de\/wp-json\/wp\/v2\/media\/5944213"}],"wp:attachment":[{"href":"https:\/\/stoic-curie.212-227-153-4.plesk.page\/de\/wp-json\/wp\/v2\/media?parent=736057"}],"wp:term":[{"taxonomy":"product_brand","embeddable":true,"href":"https:\/\/stoic-curie.212-227-153-4.plesk.page\/de\/wp-json\/wp\/v2\/product_brand?post=736057"},{"taxonomy":"product_cat","embeddable":true,"href":"https:\/\/stoic-curie.212-227-153-4.plesk.page\/de\/wp-json\/wp\/v2\/product_cat?post=736057"},{"taxonomy":"product_tag","embeddable":true,"href":"https:\/\/stoic-curie.212-227-153-4.plesk.page\/de\/wp-json\/wp\/v2\/product_tag?post=736057"}],"curies":[{"name":"wp","href":"https:\/\/api.w.org\/{rel}","templated":true}]}}