{"id":736058,"date":"2025-03-03T16:30:16","date_gmt":"2025-03-03T15:30:16","guid":{"rendered":"https:\/\/stoic-curie.212-227-153-4.plesk.page\/producto\/rettungsinsel-eurovinil-fuer-8-personen-koffer-iso-9650\/"},"modified":"2026-02-24T23:35:05","modified_gmt":"2026-02-24T23:35:05","slug":"rettungsinsel-eurovinil-fuer-8-personen-koffer-iso-9650","status":"publish","type":"product","link":"https:\/\/stoic-curie.212-227-153-4.plesk.page\/de\/product\/rettungsinsel-eurovinil-fuer-8-personen-koffer-iso-9650\/","title":{"rendered":"Rettungsinsel Eurovinil f\u00fcr 8 Personen, Koffer ISO 9650"},"content":{"rendered":"<p>Rettungsinsel Eurovinil f\u00fcr 8 Personen, Koffer ISO 9650 &#8211; <\/p>\n<p style=\"color: rgb(34, 34, 34); font-family: Arial, Helvetica, sans-serif; font-size: small;\">Der Eurovinil 8 Personen Rettungsring ist gem\u00e4\u00df ISO 9650:2005 zertifiziert. Diese Zertifizierung gew\u00e4hrleistet Sicherheit f\u00fcr \u00fcber 24 Stunden und ist f\u00fcr Hochseesegeln jenseits von 12 Seemeilen geeignet. Als das f\u00fchrende Rettungsflo\u00df unter allen europ\u00e4ischen ISO-zertifizierten Optionen gilt der Syntesy 9650 als hervorragende Wahl f\u00fcr das Segeln auf dem offenen Meer, das bequem bis zu acht Personen aufnehmen kann. Es verf\u00fcgt \u00fcber wesentliche Komponenten wie sowohl interne als auch externe Leitern f\u00fcr einen einfachen Zutritt, ein doppelt aufblasbares Design f\u00fcr verbesserte Stabilit\u00e4t und W\u00e4rmeschutzs\u00e4cke, um die Insassen warm zu halten.<\/p>\n<p style=\"color: rgb(34, 34, 34); font-family: Arial, Helvetica, sans-serif; font-size: small;\">Dar\u00fcber hinaus ist dieses Rettungsflo\u00df mit einem umfassenden \u00dcberlebenskit ausgestattet, das Nahrungsrationen und ein Erste-Hilfe-Set enth\u00e4lt. Es besitzt auch interne und externe Beleuchtung zur Verbesserung der Sichtbarkeit sowie Sicherheitselemente wie retroreflektierendes Material auf dem Zeltdach und ein Notsignal.<\/p>\n<p style=\"color: rgb(34, 34, 34); font-family: Arial, Helvetica, sans-serif; font-size: small;\"><strong>Spezifikationen:<\/strong><\/p>\n<ul style=\"color: rgb(34, 34, 34); font-family: Arial, Helvetica, sans-serif; font-size: small;\">\n<li><strong>Kapazit\u00e4t:<\/strong> 8-Personen in wasserdichtem Sack (2901156)<\/li>\n<li><strong>Zertifizierung:<\/strong> ISO 9650:2005<\/li>\n<li><strong>Abmessungen:<\/strong> 76 x 49 x 28 cm<\/li>\n<li><strong>Gewicht:<\/strong> 58 kg<\/li>\n<li><strong>Leiternkonfiguration:<\/strong> Beinhaltet sowohl interne als auch externe Leitern f\u00fcr einfachen Zugang<\/li>\n<li><strong>Stabile Konstruktion:<\/strong> Entworfen mit einer doppelt aufblasbaren Struktur und Ballasttaschen f\u00fcr verbesserte Stabilit\u00e4t<\/li>\n<li><strong>W\u00e4rmeschutz:<\/strong> Kommt mit W\u00e4rmeschutzs\u00e4cken, um in kalten Bedingungen warm zu bleiben<\/li>\n<li><strong>\u00dcberlebenskit:<\/strong> Enth\u00e4lt Nahrungsrationen, ein Angelset, Trinkwasser und ein Erste-Hilfe-Set<\/li>\n<li><strong>Beleuchtung:<\/strong> Ausgestattet mit interner und externer Beleuchtung f\u00fcr verbesserte Sichtbarkeit<\/li>\n<li><strong>Sicherheitsmerkmale:<\/strong> Verwendet retroreflektierendes Material auf der Zeltabdeckung und enth\u00e4lt ein Notsignal<\/li>\n<\/ul>\n<p style=\"color: rgb(34, 34, 34); font-family: Arial, Helvetica, sans-serif; font-size: small;\">Dieses Rettungsflo\u00df wurde sorgf\u00e4ltig entwickelt, um Sicherheit und Seelenfrieden f\u00fcr diejenigen zu bieten, die in offenes Wasser aufbrechen.<\/p>\n","protected":false},"excerpt":{"rendered":"<p>Rettungsinsel Eurovinil f\u00fcr 8 Personen, Koffer ISO 9650 &#8211; Der Eurovinil 8 Personen Rettungsring ist gem\u00e4\u00df ISO 9650:2005 zertifiziert. Diese<\/p>\n","protected":false},"featured_media":5944213,"comment_status":"open","ping_status":"closed","template":"","meta":[],"product_brand":[2925],"product_cat":[1320],"product_tag":[],"class_list":{"0":"post-736058","1":"product","2":"type-product","3":"status-publish","4":"has-post-thumbnail","6":"product_brand-eurovinil-de","7":"product_cat-rettungsinseln","9":"first","10":"outofstock","11":"shipping-taxable","12":"purchasable","13":"product-type-simple"},"_links":{"self":[{"href":"https:\/\/stoic-curie.212-227-153-4.plesk.page\/de\/wp-json\/wp\/v2\/product\/736058","targetHints":{"allow":["GET"]}}],"collection":[{"href":"https:\/\/stoic-curie.212-227-153-4.plesk.page\/de\/wp-json\/wp\/v2\/product"}],"about":[{"href":"https:\/\/stoic-curie.212-227-153-4.plesk.page\/de\/wp-json\/wp\/v2\/types\/product"}],"replies":[{"embeddable":true,"href":"https:\/\/stoic-curie.212-227-153-4.plesk.page\/de\/wp-json\/wp\/v2\/comments?post=736058"}],"version-history":[{"count":0,"href":"https:\/\/stoic-curie.212-227-153-4.plesk.page\/de\/wp-json\/wp\/v2\/product\/736058\/revisions"}],"wp:featuredmedia":[{"embeddable":true,"href":"https:\/\/stoic-curie.212-227-153-4.plesk.page\/de\/wp-json\/wp\/v2\/media\/5944213"}],"wp:attachment":[{"href":"https:\/\/stoic-curie.212-227-153-4.plesk.page\/de\/wp-json\/wp\/v2\/media?parent=736058"}],"wp:term":[{"taxonomy":"product_brand","embeddable":true,"href":"https:\/\/stoic-curie.212-227-153-4.plesk.page\/de\/wp-json\/wp\/v2\/product_brand?post=736058"},{"taxonomy":"product_cat","embeddable":true,"href":"https:\/\/stoic-curie.212-227-153-4.plesk.page\/de\/wp-json\/wp\/v2\/product_cat?post=736058"},{"taxonomy":"product_tag","embeddable":true,"href":"https:\/\/stoic-curie.212-227-153-4.plesk.page\/de\/wp-json\/wp\/v2\/product_tag?post=736058"}],"curies":[{"name":"wp","href":"https:\/\/api.w.org\/{rel}","templated":true}]}}