{"id":736065,"date":"2025-03-03T16:30:17","date_gmt":"2025-03-03T15:30:17","guid":{"rendered":"https:\/\/stoic-curie.212-227-153-4.plesk.page\/producto\/quick-fernbedienung-hrc-mehrzweck-8-tasten\/"},"modified":"2026-02-24T23:35:05","modified_gmt":"2026-02-24T23:35:05","slug":"quick-fernbedienung-hrc-mehrzweck-8-tasten","status":"publish","type":"product","link":"https:\/\/stoic-curie.212-227-153-4.plesk.page\/de\/product\/quick-fernbedienung-hrc-mehrzweck-8-tasten\/","title":{"rendered":"Quick Fernbedienung HRC Mehrzweck 8 Tasten"},"content":{"rendered":"<p>Quick Fernbedienung HRC Mehrzweck 8 Tasten &#8211; <\/p>\n<p>HRC wasserdichte Handfernbedienungen zum Betrieb von Kr\u00e4nen, Gangways, Seetreppen, Winden usw. Sie sind mit schockabsorbierenden Gummieins\u00e4tzen ausgestattet, um den Griff zu verbessern. Mit einem bis zu 4,2 Meter verl\u00e4ngerten Kabel, wasserdichtem Stecker, Halterung und integriertem LED-Licht auf Anfrage.<\/p>\n","protected":false},"excerpt":{"rendered":"<p>Quick Fernbedienung HRC Mehrzweck 8 Tasten &#8211; HRC wasserdichte Handfernbedienungen zum Betrieb von Kr\u00e4nen, Gangways, Seetreppen, Winden usw. Sie sind<\/p>\n","protected":false},"featured_media":5944221,"comment_status":"open","ping_status":"closed","template":"","meta":[],"product_brand":[3280],"product_cat":[1324],"product_tag":[],"class_list":{"0":"post-736065","1":"product","2":"type-product","3":"status-publish","4":"has-post-thumbnail","6":"product_brand-quick-de","7":"product_cat-ankerwinden-quick","9":"first","10":"instock","11":"shipping-taxable","12":"purchasable","13":"product-type-simple"},"_links":{"self":[{"href":"https:\/\/stoic-curie.212-227-153-4.plesk.page\/de\/wp-json\/wp\/v2\/product\/736065","targetHints":{"allow":["GET"]}}],"collection":[{"href":"https:\/\/stoic-curie.212-227-153-4.plesk.page\/de\/wp-json\/wp\/v2\/product"}],"about":[{"href":"https:\/\/stoic-curie.212-227-153-4.plesk.page\/de\/wp-json\/wp\/v2\/types\/product"}],"replies":[{"embeddable":true,"href":"https:\/\/stoic-curie.212-227-153-4.plesk.page\/de\/wp-json\/wp\/v2\/comments?post=736065"}],"version-history":[{"count":0,"href":"https:\/\/stoic-curie.212-227-153-4.plesk.page\/de\/wp-json\/wp\/v2\/product\/736065\/revisions"}],"wp:featuredmedia":[{"embeddable":true,"href":"https:\/\/stoic-curie.212-227-153-4.plesk.page\/de\/wp-json\/wp\/v2\/media\/5944221"}],"wp:attachment":[{"href":"https:\/\/stoic-curie.212-227-153-4.plesk.page\/de\/wp-json\/wp\/v2\/media?parent=736065"}],"wp:term":[{"taxonomy":"product_brand","embeddable":true,"href":"https:\/\/stoic-curie.212-227-153-4.plesk.page\/de\/wp-json\/wp\/v2\/product_brand?post=736065"},{"taxonomy":"product_cat","embeddable":true,"href":"https:\/\/stoic-curie.212-227-153-4.plesk.page\/de\/wp-json\/wp\/v2\/product_cat?post=736065"},{"taxonomy":"product_tag","embeddable":true,"href":"https:\/\/stoic-curie.212-227-153-4.plesk.page\/de\/wp-json\/wp\/v2\/product_tag?post=736065"}],"curies":[{"name":"wp","href":"https:\/\/api.w.org\/{rel}","templated":true}]}}