{"id":736070,"date":"2025-03-03T16:30:18","date_gmt":"2025-03-03T15:30:18","guid":{"rendered":"https:\/\/stoic-curie.212-227-153-4.plesk.page\/producto\/daempferplatte-mtm-1215mm-10-zaehne-rd-marine\/"},"modified":"2026-02-24T23:35:05","modified_gmt":"2026-02-24T23:35:05","slug":"daempferplatte-mtm-1215mm-10-zaehne-rd-marine","status":"publish","type":"product","link":"https:\/\/stoic-curie.212-227-153-4.plesk.page\/de\/product\/daempferplatte-mtm-1215mm-10-zaehne-rd-marine\/","title":{"rendered":"D\u00e4mpferplatte MTM 121,5mm (10 Z\u00e4hne) R&#038;D Marine"},"content":{"rendered":"<p>D\u00e4mpferplatte MTM 121,5mm (10 Z\u00e4hne) R&#038;D Marine &#8211; <\/p>\n<p>D\u00e4mpferplatten f\u00fcr Getriebe Twin Disc\/Technodrive &#8211; Hurth usw.<\/p>\n","protected":false},"excerpt":{"rendered":"<p>D\u00e4mpferplatte MTM 121,5mm (10 Z\u00e4hne) R&#038;D Marine &#8211; D\u00e4mpferplatten f\u00fcr Getriebe Twin Disc\/Technodrive &#8211; Hurth usw.<\/p>\n","protected":false},"featured_media":5944246,"comment_status":"open","ping_status":"closed","template":"","meta":[],"product_brand":[3295],"product_cat":[1502],"product_tag":[],"class_list":{"0":"post-736070","1":"product","2":"type-product","3":"status-publish","4":"has-post-thumbnail","6":"product_brand-rd-marine-de","7":"product_cat-daempfer-und-kupplungen","9":"first","10":"instock","11":"shipping-taxable","12":"purchasable","13":"product-type-simple"},"_links":{"self":[{"href":"https:\/\/stoic-curie.212-227-153-4.plesk.page\/de\/wp-json\/wp\/v2\/product\/736070","targetHints":{"allow":["GET"]}}],"collection":[{"href":"https:\/\/stoic-curie.212-227-153-4.plesk.page\/de\/wp-json\/wp\/v2\/product"}],"about":[{"href":"https:\/\/stoic-curie.212-227-153-4.plesk.page\/de\/wp-json\/wp\/v2\/types\/product"}],"replies":[{"embeddable":true,"href":"https:\/\/stoic-curie.212-227-153-4.plesk.page\/de\/wp-json\/wp\/v2\/comments?post=736070"}],"version-history":[{"count":0,"href":"https:\/\/stoic-curie.212-227-153-4.plesk.page\/de\/wp-json\/wp\/v2\/product\/736070\/revisions"}],"wp:featuredmedia":[{"embeddable":true,"href":"https:\/\/stoic-curie.212-227-153-4.plesk.page\/de\/wp-json\/wp\/v2\/media\/5944246"}],"wp:attachment":[{"href":"https:\/\/stoic-curie.212-227-153-4.plesk.page\/de\/wp-json\/wp\/v2\/media?parent=736070"}],"wp:term":[{"taxonomy":"product_brand","embeddable":true,"href":"https:\/\/stoic-curie.212-227-153-4.plesk.page\/de\/wp-json\/wp\/v2\/product_brand?post=736070"},{"taxonomy":"product_cat","embeddable":true,"href":"https:\/\/stoic-curie.212-227-153-4.plesk.page\/de\/wp-json\/wp\/v2\/product_cat?post=736070"},{"taxonomy":"product_tag","embeddable":true,"href":"https:\/\/stoic-curie.212-227-153-4.plesk.page\/de\/wp-json\/wp\/v2\/product_tag?post=736070"}],"curies":[{"name":"wp","href":"https:\/\/api.w.org\/{rel}","templated":true}]}}