{"id":736072,"date":"2025-03-03T16:30:19","date_gmt":"2025-03-03T15:30:19","guid":{"rendered":"https:\/\/stoic-curie.212-227-153-4.plesk.page\/producto\/zinkanode-fuer-rumpf-mit-platte-290-x-80-x-h40mm-5kg\/"},"modified":"2026-02-24T23:35:05","modified_gmt":"2026-02-24T23:35:05","slug":"zinkanode-fuer-rumpf-mit-platte-290-x-80-x-h40mm-5kg","status":"publish","type":"product","link":"https:\/\/stoic-curie.212-227-153-4.plesk.page\/de\/product\/zinkanode-fuer-rumpf-mit-platte-290-x-80-x-h40mm-5kg\/","title":{"rendered":"Zinkanode f\u00fcr Rumpf mit Platte 290 x 80 x H40mm (5kg)"},"content":{"rendered":"<p>Zinkanode f\u00fcr Rumpf mit Platte 290 x 80 x H40mm (5kg) &#8211; <\/p>\n<p>Klassischer Anoden-Typ mit Schwei\u00dfeinlage f\u00fcr R\u00fcmpfe.<\/p>\n","protected":false},"excerpt":{"rendered":"<p>Zinkanode f\u00fcr Rumpf mit Platte 290 x 80 x H40mm (5kg) &#8211; Klassischer Anoden-Typ mit Schwei\u00dfeinlage f\u00fcr R\u00fcmpfe.<\/p>\n","protected":false},"featured_media":5944248,"comment_status":"open","ping_status":"closed","template":"","meta":[],"product_brand":[3475],"product_cat":[1348],"product_tag":[],"class_list":{"0":"post-736072","1":"product","2":"type-product","3":"status-publish","4":"has-post-thumbnail","6":"product_brand-tecnoseal-de","7":"product_cat-anoden-fuer-den-rumpf","9":"first","10":"instock","11":"shipping-taxable","12":"purchasable","13":"product-type-simple"},"_links":{"self":[{"href":"https:\/\/stoic-curie.212-227-153-4.plesk.page\/de\/wp-json\/wp\/v2\/product\/736072","targetHints":{"allow":["GET"]}}],"collection":[{"href":"https:\/\/stoic-curie.212-227-153-4.plesk.page\/de\/wp-json\/wp\/v2\/product"}],"about":[{"href":"https:\/\/stoic-curie.212-227-153-4.plesk.page\/de\/wp-json\/wp\/v2\/types\/product"}],"replies":[{"embeddable":true,"href":"https:\/\/stoic-curie.212-227-153-4.plesk.page\/de\/wp-json\/wp\/v2\/comments?post=736072"}],"version-history":[{"count":0,"href":"https:\/\/stoic-curie.212-227-153-4.plesk.page\/de\/wp-json\/wp\/v2\/product\/736072\/revisions"}],"wp:featuredmedia":[{"embeddable":true,"href":"https:\/\/stoic-curie.212-227-153-4.plesk.page\/de\/wp-json\/wp\/v2\/media\/5944248"}],"wp:attachment":[{"href":"https:\/\/stoic-curie.212-227-153-4.plesk.page\/de\/wp-json\/wp\/v2\/media?parent=736072"}],"wp:term":[{"taxonomy":"product_brand","embeddable":true,"href":"https:\/\/stoic-curie.212-227-153-4.plesk.page\/de\/wp-json\/wp\/v2\/product_brand?post=736072"},{"taxonomy":"product_cat","embeddable":true,"href":"https:\/\/stoic-curie.212-227-153-4.plesk.page\/de\/wp-json\/wp\/v2\/product_cat?post=736072"},{"taxonomy":"product_tag","embeddable":true,"href":"https:\/\/stoic-curie.212-227-153-4.plesk.page\/de\/wp-json\/wp\/v2\/product_tag?post=736072"}],"curies":[{"name":"wp","href":"https:\/\/api.w.org\/{rel}","templated":true}]}}