{"id":736075,"date":"2025-03-03T16:30:19","date_gmt":"2025-03-03T15:30:19","guid":{"rendered":"https:\/\/stoic-curie.212-227-153-4.plesk.page\/producto\/abgasrohr-51-x-61-mm\/"},"modified":"2026-02-24T23:35:05","modified_gmt":"2026-02-24T23:35:05","slug":"abgasrohr-51-x-61-mm","status":"publish","type":"product","link":"https:\/\/stoic-curie.212-227-153-4.plesk.page\/de\/product\/abgasrohr-51-x-61-mm\/","title":{"rendered":"Abgasrohr 51 x 61 mm"},"content":{"rendered":"<p>Abgasrohr 51 x 61 mm &#8211; <\/p>\n<p>Flexible Gummirohr mit Stahlspirale zur glatten Abgasf\u00fchrung. F\u00fcr die Ableitung von Abgasen zusammen mit dem K\u00fchlsystem des Fahrzeugs. Standards: SAE J 2006: 03 R2-ISO 13363:04-Typ 2 Klasse B. Genehmigt: R.I.Na.-LLOYD&#8217;S REGISTER Nr. 96\/00126 (E3).<\/p>\n","protected":false},"excerpt":{"rendered":"<p>Abgasrohr 51 x 61 mm &#8211; Flexible Gummirohr mit Stahlspirale zur glatten Abgasf\u00fchrung. F\u00fcr die Ableitung von Abgasen zusammen mit<\/p>\n","protected":false},"featured_media":5944280,"comment_status":"open","ping_status":"closed","template":"","meta":[],"product_brand":[3355],"product_cat":[1505],"product_tag":[],"class_list":{"0":"post-736075","1":"product","2":"type-product","3":"status-publish","4":"has-post-thumbnail","6":"product_brand-seaflow-de","7":"product_cat-abgasschlauch","9":"first","10":"instock","11":"shipping-taxable","12":"purchasable","13":"product-type-simple"},"_links":{"self":[{"href":"https:\/\/stoic-curie.212-227-153-4.plesk.page\/de\/wp-json\/wp\/v2\/product\/736075","targetHints":{"allow":["GET"]}}],"collection":[{"href":"https:\/\/stoic-curie.212-227-153-4.plesk.page\/de\/wp-json\/wp\/v2\/product"}],"about":[{"href":"https:\/\/stoic-curie.212-227-153-4.plesk.page\/de\/wp-json\/wp\/v2\/types\/product"}],"replies":[{"embeddable":true,"href":"https:\/\/stoic-curie.212-227-153-4.plesk.page\/de\/wp-json\/wp\/v2\/comments?post=736075"}],"version-history":[{"count":0,"href":"https:\/\/stoic-curie.212-227-153-4.plesk.page\/de\/wp-json\/wp\/v2\/product\/736075\/revisions"}],"wp:featuredmedia":[{"embeddable":true,"href":"https:\/\/stoic-curie.212-227-153-4.plesk.page\/de\/wp-json\/wp\/v2\/media\/5944280"}],"wp:attachment":[{"href":"https:\/\/stoic-curie.212-227-153-4.plesk.page\/de\/wp-json\/wp\/v2\/media?parent=736075"}],"wp:term":[{"taxonomy":"product_brand","embeddable":true,"href":"https:\/\/stoic-curie.212-227-153-4.plesk.page\/de\/wp-json\/wp\/v2\/product_brand?post=736075"},{"taxonomy":"product_cat","embeddable":true,"href":"https:\/\/stoic-curie.212-227-153-4.plesk.page\/de\/wp-json\/wp\/v2\/product_cat?post=736075"},{"taxonomy":"product_tag","embeddable":true,"href":"https:\/\/stoic-curie.212-227-153-4.plesk.page\/de\/wp-json\/wp\/v2\/product_tag?post=736075"}],"curies":[{"name":"wp","href":"https:\/\/api.w.org\/{rel}","templated":true}]}}