{"id":736091,"date":"2025-03-03T16:30:22","date_gmt":"2025-03-03T15:30:22","guid":{"rendered":"https:\/\/stoic-curie.212-227-153-4.plesk.page\/producto\/aussenborderhalterung-verstellbar-max-40-kg-kunststoffplatte\/"},"modified":"2026-02-24T23:35:05","modified_gmt":"2026-02-24T23:35:05","slug":"aussenborderhalterung-verstellbar-max-40-kg-kunststoffplatte","status":"publish","type":"product","link":"https:\/\/stoic-curie.212-227-153-4.plesk.page\/de\/product\/aussenborderhalterung-verstellbar-max-40-kg-kunststoffplatte\/","title":{"rendered":"Au\u00dfenborderhalterung verstellbar max. 40 kg Kunststoffplatte"},"content":{"rendered":"<p>Au\u00dfenborderhalterung verstellbar max. 40 kg Kunststoffplatte &#8211; <\/p>\n<p>Federunterst\u00fctzte Au\u00dfenbordmotorhalterung mit verstellbarem Basiswinkel. F\u00fcr Au\u00dfenbordmotoren bis zu 20 PS (2-Takt) oder 15 PS (4-Takt). Edelstahlk\u00f6rper.<\/p>\n","protected":false},"excerpt":{"rendered":"<p>Au\u00dfenborderhalterung verstellbar max. 40 kg Kunststoffplatte &#8211; Federunterst\u00fctzte Au\u00dfenbordmotorhalterung mit verstellbarem Basiswinkel. F\u00fcr Au\u00dfenbordmotoren bis zu 20 PS (2-Takt) oder<\/p>\n","protected":false},"featured_media":5944318,"comment_status":"open","ping_status":"closed","template":"","meta":[],"product_brand":[3490],"product_cat":[1540],"product_tag":[],"class_list":{"0":"post-736091","1":"product","2":"type-product","3":"status-publish","4":"has-post-thumbnail","6":"product_brand-trem-de","7":"product_cat-zubehoer-fuer-aussenborder","9":"first","10":"instock","11":"shipping-taxable","12":"purchasable","13":"product-type-simple"},"_links":{"self":[{"href":"https:\/\/stoic-curie.212-227-153-4.plesk.page\/de\/wp-json\/wp\/v2\/product\/736091","targetHints":{"allow":["GET"]}}],"collection":[{"href":"https:\/\/stoic-curie.212-227-153-4.plesk.page\/de\/wp-json\/wp\/v2\/product"}],"about":[{"href":"https:\/\/stoic-curie.212-227-153-4.plesk.page\/de\/wp-json\/wp\/v2\/types\/product"}],"replies":[{"embeddable":true,"href":"https:\/\/stoic-curie.212-227-153-4.plesk.page\/de\/wp-json\/wp\/v2\/comments?post=736091"}],"version-history":[{"count":0,"href":"https:\/\/stoic-curie.212-227-153-4.plesk.page\/de\/wp-json\/wp\/v2\/product\/736091\/revisions"}],"wp:featuredmedia":[{"embeddable":true,"href":"https:\/\/stoic-curie.212-227-153-4.plesk.page\/de\/wp-json\/wp\/v2\/media\/5944318"}],"wp:attachment":[{"href":"https:\/\/stoic-curie.212-227-153-4.plesk.page\/de\/wp-json\/wp\/v2\/media?parent=736091"}],"wp:term":[{"taxonomy":"product_brand","embeddable":true,"href":"https:\/\/stoic-curie.212-227-153-4.plesk.page\/de\/wp-json\/wp\/v2\/product_brand?post=736091"},{"taxonomy":"product_cat","embeddable":true,"href":"https:\/\/stoic-curie.212-227-153-4.plesk.page\/de\/wp-json\/wp\/v2\/product_cat?post=736091"},{"taxonomy":"product_tag","embeddable":true,"href":"https:\/\/stoic-curie.212-227-153-4.plesk.page\/de\/wp-json\/wp\/v2\/product_tag?post=736091"}],"curies":[{"name":"wp","href":"https:\/\/api.w.org\/{rel}","templated":true}]}}