{"id":736093,"date":"2025-03-03T16:30:23","date_gmt":"2025-03-03T15:30:23","guid":{"rendered":"https:\/\/stoic-curie.212-227-153-4.plesk.page\/producto\/ankerwinde-quick-genius-gp2-250w-ff-12v-6mm-kette\/"},"modified":"2026-02-24T23:35:05","modified_gmt":"2026-02-24T23:35:05","slug":"ankerwinde-quick-genius-gp2-250w-ff-12v-6mm-kette","status":"publish","type":"product","link":"https:\/\/stoic-curie.212-227-153-4.plesk.page\/de\/product\/ankerwinde-quick-genius-gp2-250w-ff-12v-6mm-kette\/","title":{"rendered":"Ankerwinde Quick Genius GP2 250W 12v Free-Fall"},"content":{"rendered":"<p>Ankerwinde Quick Genius GP2 250W 12v Free-Fall &#8211; <\/p>\n<p style=\"color: rgb(34, 34, 34); font-family: Arial, Helvetica, sans-serif; font-size: small;\">Wir pr\u00e4sentieren die Anchor Windlass Quick Genius GP2 1200, ein robuster und effizienter 250W 12V Freifall-Seil- und Kettenwinden, das f\u00fcr den Einsatz auf dem Deck konzipiert wurde. Dieses Modell verf\u00fcgt \u00fcber ein langlebiges, anodisiertes Aluminiumgeh\u00e4use, erg\u00e4nzt durch Bronze- und Edelstahlkomponenten. Es ist mit einem Kettenz\u00e4hler-Sensor ausgestattet und besitzt einen IP66- wasserdichten Motor, der zuverl\u00e4ssige Leistung unter verschiedenen maritimen Bedingungen gew\u00e4hrleistet. Im Paket sind ein Steuerkasten und ein Griff f\u00fcr eine einfache Bedienung enthalten.<\/p>\n<p style=\"color: rgb(34, 34, 34); font-family: Arial, Helvetica, sans-serif; font-size: small;\">Die Genius GP2 Horizontale Winde eignet sich f\u00fcr Boote mit einer L\u00e4nge von 6 bis 9 Metern (20 bis 30 Fu\u00df). Das Aluminiumgeh\u00e4use ist mit einer harten Oxidbeschichtung behandelt, um die Haltbarkeit zu erh\u00f6hen. Die Seil- und Ketten-Gypsy ist mit einem Kettenz\u00e4hler-Sensor ausgestattet, und die Winde verf\u00fcgt \u00fcber einen Druckarm f\u00fcr zus\u00e4tzliche Funktionalit\u00e4t. Ihr kompaktes und robustes Design erm\u00f6glicht es, in enge R\u00e4ume zu passen, ohne an Leistung zu verlieren.<\/p>\n<p style=\"color: rgb(34, 34, 34); font-family: Arial, Helvetica, sans-serif; font-size: small;\">Die wichtigsten Spezifikationen sind:<\/p>\n<ul style=\"color: rgb(34, 34, 34); font-family: Arial, Helvetica, sans-serif; font-size: small;\">\n<li>Tambour: Nein<\/li>\n<li>Motorleistung: 250 W<\/li>\n<li>Eingangsspannung: 12 V<\/li>\n<li>Maximale Ziehkraft: 550 kg<\/li>\n<li>Maximale Arbeitslast: 170 kg<\/li>\n<li>Arbeitslast: 50 kg<\/li>\n<li>Kettengeschwindigkeit bei Arbeitslast: 25 m\/min<\/li>\n<li>Stromaufnahme bei Arbeitslast: 35 A<\/li>\n<li>Deckdicke: 20-40 mm<\/li>\n<li>Gewicht: 9 kg<\/li>\n<li>Gypsy-Gr\u00f6\u00dfe: 6 mm<\/li>\n<\/ul>\n<p style=\"color: rgb(34, 34, 34); font-family: Arial, Helvetica, sans-serif; font-size: small;\">Diese Winde ist eine ausgezeichnete Wahl f\u00fcr Bootsbesitzer, die eine zuverl\u00e4ssige und hochwertige L\u00f6sung f\u00fcr ihre Ankerbed\u00fcrfnisse suchen.<\/p>\n","protected":false},"excerpt":{"rendered":"<p>Ankerwinde Quick Genius GP2 250W 12v Free-Fall &#8211; Wir pr\u00e4sentieren die Anchor Windlass Quick Genius GP2 1200, ein robuster und<\/p>\n","protected":false},"featured_media":5938507,"comment_status":"open","ping_status":"closed","template":"","meta":[],"product_brand":[3280],"product_cat":[1324],"product_tag":[],"class_list":{"0":"post-736093","1":"product","2":"type-product","3":"status-publish","4":"has-post-thumbnail","6":"product_brand-quick-de","7":"product_cat-ankerwinden-quick","9":"first","10":"outofstock","11":"shipping-taxable","12":"purchasable","13":"product-type-simple"},"_links":{"self":[{"href":"https:\/\/stoic-curie.212-227-153-4.plesk.page\/de\/wp-json\/wp\/v2\/product\/736093","targetHints":{"allow":["GET"]}}],"collection":[{"href":"https:\/\/stoic-curie.212-227-153-4.plesk.page\/de\/wp-json\/wp\/v2\/product"}],"about":[{"href":"https:\/\/stoic-curie.212-227-153-4.plesk.page\/de\/wp-json\/wp\/v2\/types\/product"}],"replies":[{"embeddable":true,"href":"https:\/\/stoic-curie.212-227-153-4.plesk.page\/de\/wp-json\/wp\/v2\/comments?post=736093"}],"version-history":[{"count":0,"href":"https:\/\/stoic-curie.212-227-153-4.plesk.page\/de\/wp-json\/wp\/v2\/product\/736093\/revisions"}],"wp:featuredmedia":[{"embeddable":true,"href":"https:\/\/stoic-curie.212-227-153-4.plesk.page\/de\/wp-json\/wp\/v2\/media\/5938507"}],"wp:attachment":[{"href":"https:\/\/stoic-curie.212-227-153-4.plesk.page\/de\/wp-json\/wp\/v2\/media?parent=736093"}],"wp:term":[{"taxonomy":"product_brand","embeddable":true,"href":"https:\/\/stoic-curie.212-227-153-4.plesk.page\/de\/wp-json\/wp\/v2\/product_brand?post=736093"},{"taxonomy":"product_cat","embeddable":true,"href":"https:\/\/stoic-curie.212-227-153-4.plesk.page\/de\/wp-json\/wp\/v2\/product_cat?post=736093"},{"taxonomy":"product_tag","embeddable":true,"href":"https:\/\/stoic-curie.212-227-153-4.plesk.page\/de\/wp-json\/wp\/v2\/product_tag?post=736093"}],"curies":[{"name":"wp","href":"https:\/\/api.w.org\/{rel}","templated":true}]}}