{"id":736109,"date":"2025-03-03T16:30:26","date_gmt":"2025-03-03T15:30:26","guid":{"rendered":"https:\/\/stoic-curie.212-227-153-4.plesk.page\/producto\/ersatzlampe-12v-fuer-doppelsuchscheinwerfer\/"},"modified":"2026-02-24T23:35:05","modified_gmt":"2026-02-24T23:35:05","slug":"ersatzlampe-12v-fuer-doppelsuchscheinwerfer","status":"publish","type":"product","link":"https:\/\/stoic-curie.212-227-153-4.plesk.page\/de\/product\/ersatzlampe-12v-fuer-doppelsuchscheinwerfer\/","title":{"rendered":"Ersatzlampe 12V f\u00fcr Doppelsuchscheinwerfer"},"content":{"rendered":"<p>Ersatzlampe 12V f\u00fcr Doppelsuchscheinwerfer &#8211; <\/p>\n<p>Verstellbares Doppel-Suchscheinwerfer mit wasserdichtem Steuerpanel. Wasserdichter K\u00f6rper mit 2 x 55W wasserdichten Halogenlampen. Duale Lichtkombination: 1) Spotlichtmodus 2) Flutlichtmodus. Ma\u00dfe: L220 x B257 x H210 mm. Optionaler kabelloser Steuerung mit Plug-and-Play-Empf\u00e4nger und -Sender bis zu 35 m. Wenn installiert, ersetzt es das kabelgebundene Steuerpanel. Um beide zu betreiben, sollte das Dual-Station-Panel gekauft werden.<\/p>\n","protected":false},"excerpt":{"rendered":"<p>Ersatzlampe 12V f\u00fcr Doppelsuchscheinwerfer &#8211; Verstellbares Doppel-Suchscheinwerfer mit wasserdichtem Steuerpanel. Wasserdichter K\u00f6rper mit 2 x 55W wasserdichten Halogenlampen. Duale Lichtkombination:<\/p>\n","protected":false},"featured_media":5944343,"comment_status":"open","ping_status":"closed","template":"","meta":[],"product_brand":[3140],"product_cat":[1447],"product_tag":[],"class_list":{"0":"post-736109","1":"product","2":"type-product","3":"status-publish","4":"has-post-thumbnail","6":"product_brand-matromarine-de","7":"product_cat-suchscheinwerfer-und-spotlights","9":"first","10":"instock","11":"shipping-taxable","12":"purchasable","13":"product-type-simple"},"_links":{"self":[{"href":"https:\/\/stoic-curie.212-227-153-4.plesk.page\/de\/wp-json\/wp\/v2\/product\/736109","targetHints":{"allow":["GET"]}}],"collection":[{"href":"https:\/\/stoic-curie.212-227-153-4.plesk.page\/de\/wp-json\/wp\/v2\/product"}],"about":[{"href":"https:\/\/stoic-curie.212-227-153-4.plesk.page\/de\/wp-json\/wp\/v2\/types\/product"}],"replies":[{"embeddable":true,"href":"https:\/\/stoic-curie.212-227-153-4.plesk.page\/de\/wp-json\/wp\/v2\/comments?post=736109"}],"version-history":[{"count":0,"href":"https:\/\/stoic-curie.212-227-153-4.plesk.page\/de\/wp-json\/wp\/v2\/product\/736109\/revisions"}],"wp:featuredmedia":[{"embeddable":true,"href":"https:\/\/stoic-curie.212-227-153-4.plesk.page\/de\/wp-json\/wp\/v2\/media\/5944343"}],"wp:attachment":[{"href":"https:\/\/stoic-curie.212-227-153-4.plesk.page\/de\/wp-json\/wp\/v2\/media?parent=736109"}],"wp:term":[{"taxonomy":"product_brand","embeddable":true,"href":"https:\/\/stoic-curie.212-227-153-4.plesk.page\/de\/wp-json\/wp\/v2\/product_brand?post=736109"},{"taxonomy":"product_cat","embeddable":true,"href":"https:\/\/stoic-curie.212-227-153-4.plesk.page\/de\/wp-json\/wp\/v2\/product_cat?post=736109"},{"taxonomy":"product_tag","embeddable":true,"href":"https:\/\/stoic-curie.212-227-153-4.plesk.page\/de\/wp-json\/wp\/v2\/product_tag?post=736109"}],"curies":[{"name":"wp","href":"https:\/\/api.w.org\/{rel}","templated":true}]}}