{"id":736116,"date":"2025-03-03T16:30:27","date_gmt":"2025-03-03T15:30:27","guid":{"rendered":"https:\/\/stoic-curie.212-227-153-4.plesk.page\/producto\/marine-seil-weiss-classic-28mm-x-100m\/"},"modified":"2026-02-24T23:35:05","modified_gmt":"2026-02-24T23:35:05","slug":"marine-seil-weiss-classic-28mm-x-100m","status":"publish","type":"product","link":"https:\/\/stoic-curie.212-227-153-4.plesk.page\/de\/product\/marine-seil-weiss-classic-28mm-x-100m\/","title":{"rendered":"Wei\u00dfes Marineschnur 28mm x 100m"},"content":{"rendered":"<p>Wei\u00dfes Marineschnur 28mm x 100m &#8211; <\/p>\n<p>Das wei\u00dfe Polyesterseil mit drei Str\u00e4ngen ist eine robuste und flexible Option, ideal f\u00fcr den Einsatz im Freien oder unter schwierigen Bedingungen. Hergestellt aus hochqualitativen Polyesterfasern, ist es rei\u00df- und abriebfest sowie farbecht. Dieses Seil ist zudem sehr wasserabweisend und beh\u00e4lt seine Festigkeit selbst bei nassem oder rauem Wetter. Mit seiner mittleren Festigkeit ist dieses dreistr\u00e4ngige Polyesterseil eine hervorragende Wahl f\u00fcr alle Ihre Anlege- und Verankerungsbed\u00fcrfnisse. Zus\u00e4tzlich besteht es aus recycelten PET-Flaschen, was es zu einer umweltfreundlichen Option macht. Sie werden feststellen, dass dieses rPET-Seil \u00e4hnlich gut abschneidet wie herk\u00f6mmliches Polyester.<\/p>\n<p>In der Bootsindustrie ist Polyesterseil \u00e4u\u00dferst vielseitig. Es kann f\u00fcr Ankerlinien, Festmacherleinen, Fenderleinen, Lebenslinien und sogar f\u00fcr Winden- oder Hebet\u00e4tigkeiten verwendet werden.<\/p>\n<p>Hier sind einige wichtige Eigenschaften dieses Seils:<\/p>\n<ul>\n<li>Gedrehtes Drei-Strang-Design<\/li>\n<li>Hergestellt aus synthetischen Materialien<\/li>\n<li>Beh\u00e4lt die Festigkeit im nassen Zustand<\/li>\n<li>Widerstandsf\u00e4hig gegen Wasser, UV-Strahlen, Verfall und Abnutzung<\/li>\n<li>Sinkt nicht und wird im nassen Zustand etwas weicher<\/li>\n<li>In Europa produziert<\/li>\n<\/ul>\n","protected":false},"excerpt":{"rendered":"<p>Wei\u00dfes Marineschnur 28mm x 100m &#8211; Das wei\u00dfe Polyesterseil mit drei Str\u00e4ngen ist eine robuste und flexible Option, ideal f\u00fcr<\/p>\n","protected":false},"featured_media":5939640,"comment_status":"open","ping_status":"closed","template":"","meta":[],"product_brand":[3100],"product_cat":[1575,1335],"product_tag":[],"class_list":{"0":"post-736116","1":"product","2":"type-product","3":"status-publish","4":"has-post-thumbnail","6":"product_brand-marco-benvenuti-de","7":"product_cat-ankerseile","8":"product_cat-anlege-und-festmacherleinen","10":"first","11":"instock","12":"shipping-taxable","13":"purchasable","14":"product-type-simple"},"_links":{"self":[{"href":"https:\/\/stoic-curie.212-227-153-4.plesk.page\/de\/wp-json\/wp\/v2\/product\/736116","targetHints":{"allow":["GET"]}}],"collection":[{"href":"https:\/\/stoic-curie.212-227-153-4.plesk.page\/de\/wp-json\/wp\/v2\/product"}],"about":[{"href":"https:\/\/stoic-curie.212-227-153-4.plesk.page\/de\/wp-json\/wp\/v2\/types\/product"}],"replies":[{"embeddable":true,"href":"https:\/\/stoic-curie.212-227-153-4.plesk.page\/de\/wp-json\/wp\/v2\/comments?post=736116"}],"version-history":[{"count":0,"href":"https:\/\/stoic-curie.212-227-153-4.plesk.page\/de\/wp-json\/wp\/v2\/product\/736116\/revisions"}],"wp:featuredmedia":[{"embeddable":true,"href":"https:\/\/stoic-curie.212-227-153-4.plesk.page\/de\/wp-json\/wp\/v2\/media\/5939640"}],"wp:attachment":[{"href":"https:\/\/stoic-curie.212-227-153-4.plesk.page\/de\/wp-json\/wp\/v2\/media?parent=736116"}],"wp:term":[{"taxonomy":"product_brand","embeddable":true,"href":"https:\/\/stoic-curie.212-227-153-4.plesk.page\/de\/wp-json\/wp\/v2\/product_brand?post=736116"},{"taxonomy":"product_cat","embeddable":true,"href":"https:\/\/stoic-curie.212-227-153-4.plesk.page\/de\/wp-json\/wp\/v2\/product_cat?post=736116"},{"taxonomy":"product_tag","embeddable":true,"href":"https:\/\/stoic-curie.212-227-153-4.plesk.page\/de\/wp-json\/wp\/v2\/product_tag?post=736116"}],"curies":[{"name":"wp","href":"https:\/\/api.w.org\/{rel}","templated":true}]}}