{"id":736118,"date":"2025-03-03T16:30:28","date_gmt":"2025-03-03T15:30:28","guid":{"rendered":"https:\/\/stoic-curie.212-227-153-4.plesk.page\/producto\/squareline-evolution-weisse-leine-14mm-x-150m\/"},"modified":"2026-02-24T23:35:05","modified_gmt":"2026-02-24T23:35:05","slug":"squareline-evolution-weisse-leine-14mm-x-150m","status":"publish","type":"product","link":"https:\/\/stoic-curie.212-227-153-4.plesk.page\/de\/product\/squareline-evolution-weisse-leine-14mm-x-150m\/","title":{"rendered":"&#8220;Squareline Evolution Wei\u00dfe Leine 14mm x 150m&#8221;"},"content":{"rendered":"<p>&#8220;Squareline Evolution Wei\u00dfe Leine 14mm x 150m&#8221; &#8211; <\/p>\n<p>12-str\u00e4ngige, doppelt gesponnene Hochleistungs-Polyester-Leine f\u00fcr Dock und Anker, abriebfest und mit hoher Zugfestigkeit. Weiche Handhabung, kein Verdrehen. Nicht schwimmend. daN= Bruchkraft in kg.<\/p>\n","protected":false},"excerpt":{"rendered":"<p>&#8220;Squareline Evolution Wei\u00dfe Leine 14mm x 150m&#8221; &#8211; 12-str\u00e4ngige, doppelt gesponnene Hochleistungs-Polyester-Leine f\u00fcr Dock und Anker, abriebfest und mit hoher<\/p>\n","protected":false},"featured_media":5944348,"comment_status":"open","ping_status":"closed","template":"","meta":[],"product_brand":[3100],"product_cat":[1335],"product_tag":[],"class_list":{"0":"post-736118","1":"product","2":"type-product","3":"status-publish","4":"has-post-thumbnail","6":"product_brand-marco-benvenuti-de","7":"product_cat-anlege-und-festmacherleinen","9":"first","10":"instock","11":"shipping-taxable","12":"purchasable","13":"product-type-simple"},"_links":{"self":[{"href":"https:\/\/stoic-curie.212-227-153-4.plesk.page\/de\/wp-json\/wp\/v2\/product\/736118","targetHints":{"allow":["GET"]}}],"collection":[{"href":"https:\/\/stoic-curie.212-227-153-4.plesk.page\/de\/wp-json\/wp\/v2\/product"}],"about":[{"href":"https:\/\/stoic-curie.212-227-153-4.plesk.page\/de\/wp-json\/wp\/v2\/types\/product"}],"replies":[{"embeddable":true,"href":"https:\/\/stoic-curie.212-227-153-4.plesk.page\/de\/wp-json\/wp\/v2\/comments?post=736118"}],"version-history":[{"count":0,"href":"https:\/\/stoic-curie.212-227-153-4.plesk.page\/de\/wp-json\/wp\/v2\/product\/736118\/revisions"}],"wp:featuredmedia":[{"embeddable":true,"href":"https:\/\/stoic-curie.212-227-153-4.plesk.page\/de\/wp-json\/wp\/v2\/media\/5944348"}],"wp:attachment":[{"href":"https:\/\/stoic-curie.212-227-153-4.plesk.page\/de\/wp-json\/wp\/v2\/media?parent=736118"}],"wp:term":[{"taxonomy":"product_brand","embeddable":true,"href":"https:\/\/stoic-curie.212-227-153-4.plesk.page\/de\/wp-json\/wp\/v2\/product_brand?post=736118"},{"taxonomy":"product_cat","embeddable":true,"href":"https:\/\/stoic-curie.212-227-153-4.plesk.page\/de\/wp-json\/wp\/v2\/product_cat?post=736118"},{"taxonomy":"product_tag","embeddable":true,"href":"https:\/\/stoic-curie.212-227-153-4.plesk.page\/de\/wp-json\/wp\/v2\/product_tag?post=736118"}],"curies":[{"name":"wp","href":"https:\/\/api.w.org\/{rel}","templated":true}]}}