{"id":736123,"date":"2025-03-03T16:30:29","date_gmt":"2025-03-03T15:30:29","guid":{"rendered":"https:\/\/stoic-curie.212-227-153-4.plesk.page\/producto\/fendress-fenderbezugseinheit-f8-blau-navy\/"},"modified":"2026-02-24T23:35:05","modified_gmt":"2026-02-24T23:35:05","slug":"fendress-fenderbezugseinheit-f8-blau-navy","status":"publish","type":"product","link":"https:\/\/stoic-curie.212-227-153-4.plesk.page\/de\/product\/fendress-fenderbezugseinheit-f8-blau-navy\/","title":{"rendered":"Fendress Fenderbezugseinheit F8 Blau Navy"},"content":{"rendered":"<p>Fendress Fenderbezugseinheit F8 Blau Navy &#8211; <\/p>\n<p>Handgefertigte Fleece-Fender\u00fcberz\u00fcge von Fendress. Hochwertiger Schutz f\u00fcr Ihre Fender, der Fenderquietschen und Kratzspuren beseitigt. Weich und strapazierf\u00e4hig sch\u00fctzen diese Fender\u00fcberz\u00fcge effektiv Ihren Gel-Coat-Lack und verl\u00e4ngern die Lebensdauer Ihrer Fender. <br \/> \u2022 &#8220;Fendress Covers&#8221; sind 100% Acryl, handgefertigt und von bester Qualit\u00e4t, widerstandsf\u00e4hig und nicht abrasiv. Weiche, flauschige Fleece-Fender\u00fcberz\u00fcge bieten den ultimativen Schutz f\u00fcr Ihre Oberfl\u00e4chen. <br \/> \u2022 &#8220;Fendress Covers&#8221; sind UV- und salzwasserbest\u00e4ndig und sch\u00fctzen Ihren Gel-Coat-Lack effektiv vor Kratzern und Abnutzung. Der strapazierf\u00e4hige Fleece-Stoff bietet alle besten Eigenschaften, einschlie\u00dflich Riss- und Abriebfestigkeit, schnelles Trocknen und einfache Reinigung. <br \/> \u2022 &#8220;Fendress Covers&#8221; verl\u00e4ngern die Lebensdauer Ihrer Fender und beseitigen l\u00e4stiges Fenderquietschen. UV-best\u00e4ndige Farben hinterlassen keine Spuren auf Ihrer Oberseite. Maschinenwaschbar. <br \/> \u2022 &#8220;Fendress Covers&#8221; mit hochbest\u00e4ndigem oberen Teil und elastischem Saum bieten eine individuelle Passform f\u00fcr alle Fenderarten. Die \u00dcberz\u00fcge sind in 9 Farben erh\u00e4ltlich.<\/p>\n","protected":false},"excerpt":{"rendered":"<p>Fendress Fenderbezugseinheit F8 Blau Navy &#8211; Handgefertigte Fleece-Fender\u00fcberz\u00fcge von Fendress. Hochwertiger Schutz f\u00fcr Ihre Fender, der Fenderquietschen und Kratzspuren beseitigt.<\/p>\n","protected":false},"featured_media":5944351,"comment_status":"open","ping_status":"closed","template":"","meta":[],"product_brand":[2935],"product_cat":[1564],"product_tag":[],"class_list":{"0":"post-736123","1":"product","2":"type-product","3":"status-publish","4":"has-post-thumbnail","6":"product_brand-fendress-de","7":"product_cat-fenderhuellen","9":"first","10":"instock","11":"shipping-taxable","12":"purchasable","13":"product-type-simple"},"_links":{"self":[{"href":"https:\/\/stoic-curie.212-227-153-4.plesk.page\/de\/wp-json\/wp\/v2\/product\/736123","targetHints":{"allow":["GET"]}}],"collection":[{"href":"https:\/\/stoic-curie.212-227-153-4.plesk.page\/de\/wp-json\/wp\/v2\/product"}],"about":[{"href":"https:\/\/stoic-curie.212-227-153-4.plesk.page\/de\/wp-json\/wp\/v2\/types\/product"}],"replies":[{"embeddable":true,"href":"https:\/\/stoic-curie.212-227-153-4.plesk.page\/de\/wp-json\/wp\/v2\/comments?post=736123"}],"version-history":[{"count":0,"href":"https:\/\/stoic-curie.212-227-153-4.plesk.page\/de\/wp-json\/wp\/v2\/product\/736123\/revisions"}],"wp:featuredmedia":[{"embeddable":true,"href":"https:\/\/stoic-curie.212-227-153-4.plesk.page\/de\/wp-json\/wp\/v2\/media\/5944351"}],"wp:attachment":[{"href":"https:\/\/stoic-curie.212-227-153-4.plesk.page\/de\/wp-json\/wp\/v2\/media?parent=736123"}],"wp:term":[{"taxonomy":"product_brand","embeddable":true,"href":"https:\/\/stoic-curie.212-227-153-4.plesk.page\/de\/wp-json\/wp\/v2\/product_brand?post=736123"},{"taxonomy":"product_cat","embeddable":true,"href":"https:\/\/stoic-curie.212-227-153-4.plesk.page\/de\/wp-json\/wp\/v2\/product_cat?post=736123"},{"taxonomy":"product_tag","embeddable":true,"href":"https:\/\/stoic-curie.212-227-153-4.plesk.page\/de\/wp-json\/wp\/v2\/product_tag?post=736123"}],"curies":[{"name":"wp","href":"https:\/\/api.w.org\/{rel}","templated":true}]}}