{"id":736124,"date":"2025-03-03T16:30:29","date_gmt":"2025-03-03T15:30:29","guid":{"rendered":"https:\/\/stoic-curie.212-227-153-4.plesk.page\/producto\/fendress-fenderbezugseinheit-f8-schwarz\/"},"modified":"2026-02-24T23:35:05","modified_gmt":"2026-02-24T23:35:05","slug":"fendress-fenderbezugseinheit-f8-schwarz","status":"publish","type":"product","link":"https:\/\/stoic-curie.212-227-153-4.plesk.page\/de\/product\/fendress-fenderbezugseinheit-f8-schwarz\/","title":{"rendered":"Fendress Fenderbezugseinheit F8 Schwarz"},"content":{"rendered":"<p>Fendress Fenderbezugseinheit F8 Schwarz &#8211; <\/p>\n<p>Kuschelig Fleece handgefertigte Fendress Fenderabdeckungen. Premium Schutz f\u00fcr Ihre Fender, w\u00e4hrend es das Quietschen und Kratzer beseitigt. Weich und strapazierf\u00e4hig sch\u00fctzen diese Fenderabdeckungen effektiv Ihren Gel-Coat-Lack und verl\u00e4ngern die Lebensdauer Ihrer Fender.<\/p>\n<p>\u2022 \u201eFendress Covers\u201c sind 100% Acryl, handgefertigt aus erstklassiger Qualit\u00e4t, widerstandsf\u00e4hig und nicht abrasiv gestrickt. Weiche, kuschelige Fleece-Fenderabdeckungen bieten ultimativen Schutz f\u00fcr Ihre Oberseite. \u2022 \u201eFendress Covers\u201c sind UV- und salzwasserbest\u00e4ndig und sch\u00fctzen Ihren Gel-Coat-Lack effektiv vor Kratzern und Abnutzung. Der strapazierf\u00e4hige Fleece-Stoff enth\u00e4lt alle besten Eigenschaften, einschlie\u00dflich Riss- und Abriebfestigkeit, schnelle Trocknung und einfache Entfernung zur Reinigung. \u2022 \u201eFendress Covers\u201c verl\u00e4ngern die Lebensdauer Ihrer Fender und beseitigen l\u00e4stiges Fenderquietschen. UV-best\u00e4ndige Farben hinterlassen keine Spuren auf Ihrer Oberseite. Maschinenwaschbar. \u2022 \u201eFendress Covers\u201c mit hochbest\u00e4ndiger Oberseite und elastischem Saum erm\u00f6glichen eine ma\u00dfgeschneiderte Passform f\u00fcr alle Arten von Fendern. Abdeckungen sind in 9 Farben erh\u00e4ltlich.<\/p>\n","protected":false},"excerpt":{"rendered":"<p>Fendress Fenderbezugseinheit F8 Schwarz &#8211; Kuschelig Fleece handgefertigte Fendress Fenderabdeckungen. Premium Schutz f\u00fcr Ihre Fender, w\u00e4hrend es das Quietschen und<\/p>\n","protected":false},"featured_media":5944361,"comment_status":"open","ping_status":"closed","template":"","meta":[],"product_brand":[2935],"product_cat":[1564],"product_tag":[],"class_list":{"0":"post-736124","1":"product","2":"type-product","3":"status-publish","4":"has-post-thumbnail","6":"product_brand-fendress-de","7":"product_cat-fenderhuellen","9":"first","10":"instock","11":"shipping-taxable","12":"purchasable","13":"product-type-simple"},"_links":{"self":[{"href":"https:\/\/stoic-curie.212-227-153-4.plesk.page\/de\/wp-json\/wp\/v2\/product\/736124","targetHints":{"allow":["GET"]}}],"collection":[{"href":"https:\/\/stoic-curie.212-227-153-4.plesk.page\/de\/wp-json\/wp\/v2\/product"}],"about":[{"href":"https:\/\/stoic-curie.212-227-153-4.plesk.page\/de\/wp-json\/wp\/v2\/types\/product"}],"replies":[{"embeddable":true,"href":"https:\/\/stoic-curie.212-227-153-4.plesk.page\/de\/wp-json\/wp\/v2\/comments?post=736124"}],"version-history":[{"count":0,"href":"https:\/\/stoic-curie.212-227-153-4.plesk.page\/de\/wp-json\/wp\/v2\/product\/736124\/revisions"}],"wp:featuredmedia":[{"embeddable":true,"href":"https:\/\/stoic-curie.212-227-153-4.plesk.page\/de\/wp-json\/wp\/v2\/media\/5944361"}],"wp:attachment":[{"href":"https:\/\/stoic-curie.212-227-153-4.plesk.page\/de\/wp-json\/wp\/v2\/media?parent=736124"}],"wp:term":[{"taxonomy":"product_brand","embeddable":true,"href":"https:\/\/stoic-curie.212-227-153-4.plesk.page\/de\/wp-json\/wp\/v2\/product_brand?post=736124"},{"taxonomy":"product_cat","embeddable":true,"href":"https:\/\/stoic-curie.212-227-153-4.plesk.page\/de\/wp-json\/wp\/v2\/product_cat?post=736124"},{"taxonomy":"product_tag","embeddable":true,"href":"https:\/\/stoic-curie.212-227-153-4.plesk.page\/de\/wp-json\/wp\/v2\/product_tag?post=736124"}],"curies":[{"name":"wp","href":"https:\/\/api.w.org\/{rel}","templated":true}]}}